{"id":87,"date":"2016-06-08T18:10:15","date_gmt":"2016-06-08T23:10:15","guid":{"rendered":"http:\/\/guaranda.gob.ec\/newsiteCMT\/?page_id=87"},"modified":"2025-05-15T17:08:39","modified_gmt":"2025-05-15T22:08:39","slug":"concejo-municipal","status":"publish","type":"page","link":"https:\/\/www.guaranda.gob.ec\/newsiteCMT\/concejo-municipal\/","title":{"rendered":"Concejo Municipal del Cant\u00f3n Guaranda"},"content":{"rendered":"\t\t<div data-elementor-type=\"wp-page\" data-elementor-id=\"87\" class=\"elementor elementor-87\">\n\t\t\t\t\t\t<section class=\"elementor-section elementor-top-section elementor-element elementor-element-18c855bf elementor-section-boxed elementor-section-height-default elementor-section-height-default\" data-id=\"18c855bf\" data-element_type=\"section\">\n\t\t\t\t\t\t<div class=\"elementor-container elementor-column-gap-default\">\n\t\t\t\t\t<div class=\"elementor-column elementor-col-100 elementor-top-column elementor-element elementor-element-7ee82481\" data-id=\"7ee82481\" data-element_type=\"column\">\n\t\t\t<div class=\"elementor-widget-wrap elementor-element-populated\">\n\t\t\t\t\t\t<div class=\"elementor-element elementor-element-42f46bf8 elementor-widget elementor-widget-text-editor\" data-id=\"42f46bf8\" data-element_type=\"widget\" data-widget_type=\"text-editor.default\">\n\t\t\t\t<div class=\"elementor-widget-container\">\n\t\t\t\t\t\t\t\t\t<p><strong>Vicealcaldesa<\/strong><\/p><h3>Maurita Gladys Amangandi Pilamunga<\/h3><p><strong><img fetchpriority=\"high\" decoding=\"async\" data-recalc-dims=\"1\" class=\" wp-image-6604 alignleft\" src=\"https:\/\/i0.wp.com\/www.guaranda.gob.ec\/newsiteCMT\/wp-content\/uploads\/2023\/06\/Maurita-Gladys-Amangandi-Pilamunga-1.jpg?resize=367%2C333\" alt=\"\" width=\"367\" height=\"333\" srcset=\"https:\/\/i0.wp.com\/www.guaranda.gob.ec\/newsiteCMT\/wp-content\/uploads\/2023\/06\/Maurita-Gladys-Amangandi-Pilamunga-1.jpg?w=1200&amp;ssl=1 1200w, https:\/\/i0.wp.com\/www.guaranda.gob.ec\/newsiteCMT\/wp-content\/uploads\/2023\/06\/Maurita-Gladys-Amangandi-Pilamunga-1.jpg?resize=300%2C273&amp;ssl=1 300w, https:\/\/i0.wp.com\/www.guaranda.gob.ec\/newsiteCMT\/wp-content\/uploads\/2023\/06\/Maurita-Gladys-Amangandi-Pilamunga-1.jpg?resize=1024%2C931&amp;ssl=1 1024w\" sizes=\"(max-width: 367px) 100vw, 367px\" \/>Informaci\u00f3n Personal<\/strong><\/p><p>C\u00c9DULA DE IDENTIDAD : _<\/p><p>NACIONALIDAD: ECUATORIANA<\/p><p>PUEBLO: Kichua.<\/p><p>FECHA DE NACIMIENTO: 10\/08\/1980<\/p><p>DIRECCI\u00d3N: VINCHOA GRANDE, ENTRADA A GRADAS BOLIVAR.<\/p><p>ESTADO CIVIL: CASADA<\/p><p>CELULAR: 0985648023<\/p><p>EMAIL: gladysamangandi@yahoo.com<\/p><h3 style=\"text-align: left;\"><strong>EDUCACI\u00d3N<\/strong><\/h3><p>PRIMARIO: Bartolom\u00e9 de las Casas<\/p><p><strong>INSTRUCCI\u00d3N PRIMARIA<\/strong><\/p><p>SECUNDARIA: Instituto Tres de Marzo<\/p><p><strong>BACHILLER EN\u00a0<\/strong><\/p><p>Agropecuaria.<\/p><p>SUPERIOR: Universidad Tecnol\u00f3gica Equinoccial.<\/p><p><strong>CARGOS DESEMPE\u00d1ADOS<\/strong><strong>:<\/strong><\/p><ul><li>Promotora Social Gobierno Aut\u00f3nomo Descentralizado Provincial.<\/li><li>Analista en el MIES.<\/li><li>Teniente Pol\u00edtico la Parroquia SAN SIM\u00d3N.<\/li><li>Concejal del Cant\u00f3n Guaranda.<\/li><\/ul><h2><strong>Concejal<\/strong><\/h2><h3>Carolina Elizabeth Calero Larrea<\/h3><p><strong><img decoding=\"async\" data-recalc-dims=\"1\" class=\" wp-image-6600 alignleft\" src=\"https:\/\/i0.wp.com\/www.guaranda.gob.ec\/newsiteCMT\/wp-content\/uploads\/2023\/06\/Carolina-Elizabeth-Calero-Larrea-1.jpg?resize=284%2C333\" alt=\"\" width=\"284\" height=\"333\" srcset=\"https:\/\/i0.wp.com\/www.guaranda.gob.ec\/newsiteCMT\/wp-content\/uploads\/2023\/06\/Carolina-Elizabeth-Calero-Larrea-1.jpg?w=676&amp;ssl=1 676w, https:\/\/i0.wp.com\/www.guaranda.gob.ec\/newsiteCMT\/wp-content\/uploads\/2023\/06\/Carolina-Elizabeth-Calero-Larrea-1.jpg?resize=256%2C300&amp;ssl=1 256w\" sizes=\"(max-width: 284px) 100vw, 284px\" \/>Informaci\u00f3n Personal<\/strong><\/p><p>C\u00c9DULA DE IDENTIDAD : 0201503885<\/p><p>NACIONALIDAD: ECUATORIANA<\/p><p>PUEBLO: GUARANDA.<\/p><p>FECHA DE NACIMIENTO: 03\/03\/1984<\/p><p>DIRECCI\u00d3N: GUARANDA-BOLIVAR.<\/p><p>ESTADO CIVIL: SOLTERA.<\/p><p>CELULAR: 0992283450<\/p><p>EMAIL: carolinacalerolarrea@gmail.com<\/p><h3 style=\"text-align: left;\"><strong>EDUCACI\u00d3N<\/strong><\/h3><p>PRIMARIO: Verbo Divino.<\/p><p><strong>INSTRUCCI\u00d3N PRIMARIA<\/strong><\/p><p>SECUNDARIA: Verbo Divino.<\/p><p><strong>BACHILLER EN\u00a0<\/strong><\/p><p>F\u00edsico Matem\u00e1tico.<\/p><p>SUPERIOR: Universidad Polit\u00e9cnica Salesiana de Quito<\/p><p><strong>LICENCIADA EN ANTROPOLOG\u00cdA APLICADA<\/strong><strong>.<\/strong><\/p><ul><li>Facultad Latinoamericana de Ciencias Sociales.<\/li><li>Master en Antropolog\u00eda Visual.<\/li><li>Instituto Ortega y Gasset (Argentina)<\/li><li>Especialista en Gesti\u00f3n de Patrimonio, Desarrollo y Turismo.<\/li><\/ul><p><strong>CARGOS DESEMPE\u00d1ADOS<\/strong><strong>:<\/strong><\/p><ul><li>Coordinadora de Patrimonio Inmaterial en Instituto Nacional de Patrimonio Cultural.<\/li><li>Investigadora en Archivo Hist\u00f3rico del instituto Nacional de Patrimonio Cultural.<\/li><li>Docente en Universidad Estatal de Bol\u00edvar.<\/li><li>Consultora en Temas de G\u00e9nero con Fundaci\u00f3n Maquita.<\/li><li>Consultora en Investigaci\u00f3n, Inventario y Salvaguardia del Patrimonio para Municipio de Urdaneta, Ventanas, Olmedo, Chimbo.<\/li><li>Promotora Cultural en Municipio de Guaranda.<\/li><li>Administradora en Centro Cultural EL TALLER.<\/li><\/ul><h2><strong>Concejal<\/strong><\/h2><h3>\u00a0OLGA CURISISA PASTO PATIN<\/h3><h3>\u00a0<\/h3><p><strong><img decoding=\"async\" data-recalc-dims=\"1\" class=\" wp-image-6601 alignleft\" src=\"https:\/\/i0.wp.com\/www.guaranda.gob.ec\/newsiteCMT\/wp-content\/uploads\/2023\/06\/Olga-Curisisa-Pasto-Patin-1.jpg?resize=279%2C331\" alt=\"\" width=\"279\" height=\"331\" srcset=\"https:\/\/i0.wp.com\/www.guaranda.gob.ec\/newsiteCMT\/wp-content\/uploads\/2023\/06\/Olga-Curisisa-Pasto-Patin-1.jpg?w=1200&amp;ssl=1 1200w, https:\/\/i0.wp.com\/www.guaranda.gob.ec\/newsiteCMT\/wp-content\/uploads\/2023\/06\/Olga-Curisisa-Pasto-Patin-1.jpg?resize=253%2C300&amp;ssl=1 253w, https:\/\/i0.wp.com\/www.guaranda.gob.ec\/newsiteCMT\/wp-content\/uploads\/2023\/06\/Olga-Curisisa-Pasto-Patin-1.jpg?resize=862%2C1024&amp;ssl=1 862w\" sizes=\"(max-width: 279px) 100vw, 279px\" \/>Informaci\u00f3n Personal<\/strong><\/p><p>C\u00c9DULA DE IDENTIDAD : 0202005989<\/p><p>NACIONALIDAD: ECUATORIANA<\/p><p>PUEBLO: Guaranda<\/p><p>FECHA DE NACIMIENTO: 15\/09\/1991<\/p><p>DIRECCI\u00d3N: GUARANDA-BOLIVAR. Comunidad Larcaloma<\/p><p>ESTADO CIVIL: Soltera<\/p><p>CELULAR: 0962689784<\/p><p>EMAIL: olguita_pasto@hotmail.com.es<\/p><h3 style=\"text-align: left;\"><strong>EDUCACI\u00d3N<\/strong><\/h3><p>PRIMARIO: Escuela Vicente Rocafuerte<\/p><p><strong>INSTRUCCI\u00d3N PRIMARIA<\/strong><\/p><p>SECUNDARIA: Colegio Angel Polibio Cavez<\/p><p><strong>BACHILLER EN\u00a0<\/strong><\/p><p>Quirico &#8211; Bi\u00f3logo<\/p><p>SUPERIOR: Universidad Estatal del Sur de Manab\u00ed<\/p><p><strong>LICENCIADA EN Laboratorista cl\u00ednico.<\/strong><\/p><p><strong>CARGOS DESEMPE\u00d1ADOS<\/strong><strong>:<\/strong><\/p><ul><li>Lic. Laboratorio Cl\u00ednico.<\/li><li>Concejal. Guaranda.<\/li><\/ul><h2><strong>Concejal<\/strong><\/h2><h3>Diana Mar\u00eda Arregui Vela<\/h3><p><strong><img loading=\"lazy\" decoding=\"async\" data-recalc-dims=\"1\" class=\" wp-image-6602 alignleft\" src=\"https:\/\/i0.wp.com\/www.guaranda.gob.ec\/newsiteCMT\/wp-content\/uploads\/2023\/06\/Diana-Mara-Arregui-Vela-1.jpg?resize=285%2C317\" alt=\"\" width=\"285\" height=\"317\" srcset=\"https:\/\/i0.wp.com\/www.guaranda.gob.ec\/newsiteCMT\/wp-content\/uploads\/2023\/06\/Diana-Mara-Arregui-Vela-1.jpg?w=1200&amp;ssl=1 1200w, https:\/\/i0.wp.com\/www.guaranda.gob.ec\/newsiteCMT\/wp-content\/uploads\/2023\/06\/Diana-Mara-Arregui-Vela-1.jpg?resize=270%2C300&amp;ssl=1 270w, https:\/\/i0.wp.com\/www.guaranda.gob.ec\/newsiteCMT\/wp-content\/uploads\/2023\/06\/Diana-Mara-Arregui-Vela-1.jpg?resize=921%2C1024&amp;ssl=1 921w\" sizes=\"(max-width: 285px) 100vw, 285px\" \/>Informaci\u00f3n Personal<\/strong><\/p><p>C\u00c9DULA DE IDENTIDAD : 0201726718<\/p><p>NACIONALIDAD: Ecuatoriana.<\/p><p>PUEBLO: Guaranada.<\/p><p>FECHA DE NACIMIENTO: 08\/09\/1982<\/p><p>DIRECCI\u00d3N: GUARANDA-BOLIVAR.<\/p><p>ESTADO CIVIL: CASADA<\/p><p>CELULAR: 09773300<\/p><p>EMAIL: diana.arregui@guaranda.gob.ec<\/p><h3 style=\"text-align: left;\"><strong>EDUCACI\u00d3N<\/strong><\/h3><p>PRIMARIO: Escuela Luis Aurelio Gonz\u00e1lez<\/p><p><strong>INSTRUCCI\u00d3N PRIMARIA<\/strong><\/p><p>SECUNDARIA: Colegio Verbo Divino<\/p><p><strong>BACHILLER EN:\u00a0<\/strong><\/p><p>F\u00edsico Matem\u00e1tico.<\/p><p>SUPERIOR: Universidad Tecnol\u00f3gica Israel.<\/p><p><strong>CARGOS DESEMPE\u00d1ADOS<\/strong><strong>:<\/strong><\/p><ul><li>Dise\u00f1adora Proyecto el Concejo Provincial.<\/li><li>Gerente Propietaria \u00a0Concepto Dise\u00f1o<\/li><li>Gerente Propietaria Mystic Galer\u00eda.<\/li><li>Representante del Comercio Justo de Guaranda.<\/li><li>Presidente de emprendedores Red unida por Bol\u00edvar<\/li><\/ul><h2><strong>Concejal<\/strong><\/h2><h3>Marco Vinicio Ayme Ayme<\/h3><p><strong><img loading=\"lazy\" decoding=\"async\" data-recalc-dims=\"1\" class=\" wp-image-6603 alignleft\" src=\"https:\/\/i0.wp.com\/www.guaranda.gob.ec\/newsiteCMT\/wp-content\/uploads\/2023\/06\/Marco-Vinicio-Ayme-Ayme-1.jpg?resize=302%2C331\" alt=\"\" width=\"302\" height=\"331\" srcset=\"https:\/\/i0.wp.com\/www.guaranda.gob.ec\/newsiteCMT\/wp-content\/uploads\/2023\/06\/Marco-Vinicio-Ayme-Ayme-1.jpg?w=1200&amp;ssl=1 1200w, https:\/\/i0.wp.com\/www.guaranda.gob.ec\/newsiteCMT\/wp-content\/uploads\/2023\/06\/Marco-Vinicio-Ayme-Ayme-1.jpg?resize=274%2C300&amp;ssl=1 274w, https:\/\/i0.wp.com\/www.guaranda.gob.ec\/newsiteCMT\/wp-content\/uploads\/2023\/06\/Marco-Vinicio-Ayme-Ayme-1.jpg?resize=934%2C1024&amp;ssl=1 934w\" sizes=\"(max-width: 302px) 100vw, 302px\" \/>Informaci\u00f3n Personal<\/strong><\/p><p>C\u00c9DULA DE IDENTIDAD : 0201314523<\/p><p>NACIONALIDAD: ECUATORIANO.<\/p><p>PUEBLO: Kichwa.<\/p><p>FECHA DE NACIMIENTO: 22\/09\/1971<\/p><p>DIRECCI\u00d3N: Simiatug &#8211; Calle Angel Polibio Ch\u00e1vez y Antonio Jos\u00e9 de Sucre.<\/p><p>ESTADO CIVIL: CASADO.<\/p><p>CELULAR: 0985339311.<\/p><p>EMAIL: maroayme11@yahoo.es<\/p><h3 style=\"text-align: left;\"><strong>EDUCACI\u00d3N<\/strong><\/h3><p>PRIMARIO:<\/p><p><strong>INSTRUCCI\u00d3N PRIMARIA<\/strong><\/p><p>SECUNDARIA: VICENTE RAMON ROCA<\/p><p><strong>BACHILLER EN\u00a0<\/strong><\/p><p>Desarrollo de la Comunidad.<\/p><p>SUPERIOR: Universidad Estatal de Bol\u00edvar<\/p><p><strong>Magister en Adm. y Docencia\u00a0Universitaria.<\/strong><\/p><p><strong>CARGOS DESEMPE\u00d1ADOS<\/strong><strong>:<\/strong><\/p><ul><li>Docente.<\/li><li>Rector.<\/li><li>Comunicador.<\/li><\/ul><h2><strong>Concejal\u00a0\u00a0<\/strong><\/h2><h3>LAURA MARINA GONZ\u00c1LEZ V\u00c1SCONEZ<\/h3><p><strong><img loading=\"lazy\" decoding=\"async\" data-recalc-dims=\"1\" class=\"wp-image-6748 alignleft\" src=\"https:\/\/i0.wp.com\/www.guaranda.gob.ec\/newsiteCMT\/wp-content\/uploads\/2023\/08\/Captura-de-pantalla-2023-08-02-a-las-10.47.50.png?resize=230%2C334\" alt=\"\" width=\"230\" height=\"334\" srcset=\"https:\/\/i0.wp.com\/www.guaranda.gob.ec\/newsiteCMT\/wp-content\/uploads\/2023\/08\/Captura-de-pantalla-2023-08-02-a-las-10.47.50.png?w=1146&amp;ssl=1 1146w, https:\/\/i0.wp.com\/www.guaranda.gob.ec\/newsiteCMT\/wp-content\/uploads\/2023\/08\/Captura-de-pantalla-2023-08-02-a-las-10.47.50.png?resize=207%2C300&amp;ssl=1 207w, https:\/\/i0.wp.com\/www.guaranda.gob.ec\/newsiteCMT\/wp-content\/uploads\/2023\/08\/Captura-de-pantalla-2023-08-02-a-las-10.47.50.png?resize=706%2C1024&amp;ssl=1 706w, https:\/\/i0.wp.com\/www.guaranda.gob.ec\/newsiteCMT\/wp-content\/uploads\/2023\/08\/Captura-de-pantalla-2023-08-02-a-las-10.47.50.png?resize=1059%2C1536&amp;ssl=1 1059w\" sizes=\"(max-width: 230px) 100vw, 230px\" \/>Informaci\u00f3n Personal<\/strong><\/p><p>C\u00c9DULA DE IDENTIDAD : 0201111655<\/p><p>NACIONALIDAD: ECUATORIANA<\/p><p>PUEBLO:<\/p><p>FECHA DE NACIMIENTO: 07\/06\/1973<\/p><p>DIRECCI\u00d3N: GUARANDA-BOLIVAR.<\/p><p>ESTADO CIVIL: CASADA<\/p><p>CELULAR: 0997810758<\/p><p>EMAIL: marinaderio@yahoo.com<\/p><h2><strong>EDUCACI\u00d3N<\/strong><\/h2><p>PRIMARIO:<\/p><p><strong>INSTRUCCI\u00d3N PRIMARIA<\/strong><\/p><p>SECUNDARIA:<\/p><p><strong>BACHILLER EN:<\/strong><\/p><p>F\u00edsico matem\u00e1tico.<\/p><p><strong>SUPERIOR:<\/strong> Universidad Estatal de Bol\u00edvar.<\/p><p><strong>LICENCIADA EN SECRETARIADO EJECUTIVO.<\/strong><\/p><p><strong>CARGOS DESEMPE\u00d1ADOS<\/strong><strong>:<\/strong><\/p><ul><li>Asistente Administrativo en la Universidad Estatal de Bol\u00edvar<\/li><\/ul><h2><strong>CONCEJAL<\/strong><\/h2><h3>SEGUNDO TEL\u00c9SFORO MART\u00cdNEZ COLLAY<\/h3><p><strong><img loading=\"lazy\" decoding=\"async\" data-recalc-dims=\"1\" class=\" wp-image-6605 alignleft\" src=\"https:\/\/i0.wp.com\/www.guaranda.gob.ec\/newsiteCMT\/wp-content\/uploads\/2023\/06\/Segundo-Telesforo-Martinez-Collay-1.jpg?resize=327%2C331\" alt=\"\" width=\"327\" height=\"331\" srcset=\"https:\/\/i0.wp.com\/www.guaranda.gob.ec\/newsiteCMT\/wp-content\/uploads\/2023\/06\/Segundo-Telesforo-Martinez-Collay-1.jpg?w=1200&amp;ssl=1 1200w, https:\/\/i0.wp.com\/www.guaranda.gob.ec\/newsiteCMT\/wp-content\/uploads\/2023\/06\/Segundo-Telesforo-Martinez-Collay-1.jpg?resize=296%2C300&amp;ssl=1 296w, https:\/\/i0.wp.com\/www.guaranda.gob.ec\/newsiteCMT\/wp-content\/uploads\/2023\/06\/Segundo-Telesforo-Martinez-Collay-1.jpg?resize=1011%2C1024&amp;ssl=1 1011w, https:\/\/i0.wp.com\/www.guaranda.gob.ec\/newsiteCMT\/wp-content\/uploads\/2023\/06\/Segundo-Telesforo-Martinez-Collay-1.jpg?resize=100%2C100&amp;ssl=1 100w\" sizes=\"(max-width: 327px) 100vw, 327px\" \/>Informaci\u00f3n Personal<\/strong><\/p><p>C\u00c9DULA DE IDENTIDAD : 1803054756<\/p><p>NACIONALIDAD: ECUATORIANA<\/p><p>PUEBLO: \u00a0GUARANDA<\/p><p>FECHA DE NACIMIENTO: 26\/05\/1976<\/p><p>DIRECCI\u00d3N: SIMIATUG CALLE IGNACIO DE VEITIMILLA<\/p><p>ESTADO CIVIL: CASADO<\/p><p>CELULAR: 0990720681<\/p><p>EMAIL: telemarti@yahoo.es<\/p><h3 style=\"text-align: left;\"><strong>EDUCACI\u00d3N<\/strong><\/h3><p>PRIMARIO: ESCUELA VICENTE RAM\u00d3N ROCA.<\/p><p><strong>INSTRUCCI\u00d3N PRIMARIA<\/strong><\/p><p>SECUNDARIA: UNIDAD EDUCATIVA FELIX A GRANJA.<\/p><p><strong>BACHILLER EN\u00a0<\/strong><\/p><p>Unidad Educativa Felix Granja.<\/p><p><strong>SUPERIOR:<\/strong> Universidad<\/p><p>Lic UEB.<\/p><p>Diplomado. 4to Nivel UEB.<\/p><p>Msc. UTI Universidad Tecnol\u00f3gica Indoamerica<\/p><p><strong>CARGOS DESEMPE\u00d1ADOS<\/strong><strong>:<\/strong><\/p><ul><li>Presidente de la Coop. Simiatug Limitada.<\/li><li>Director de la Vetupak y Uppank.<\/li><li>Docente.<\/li><\/ul>\t\t\t\t\t\t\t\t<\/div>\n\t\t\t\t<\/div>\n\t\t\t\t\t<\/div>\n\t\t<\/div>\n\t\t\t\t\t<\/div>\n\t\t<\/section>\n\t\t\t\t<\/div>\n\t\t","protected":false},"excerpt":{"rendered":"<p>Vicealcaldesa Maurita Gladys Amangandi Pilamunga Informaci\u00f3n Personal C\u00c9DULA DE IDENTIDAD : _ NACIONALIDAD: ECUATORIANA PUEBLO: Kichua. FECHA DE NACIMIENTO: 10\/08\/1980 DIRECCI\u00d3N: VINCHOA GRANDE, ENTRADA A GRADAS BOLIVAR. ESTADO CIVIL: CASADA CELULAR: 0985648023 EMAIL: gladysamangandi@yahoo.com EDUCACI\u00d3N PRIMARIO: Bartolom\u00e9 de las Casas INSTRUCCI\u00d3N PRIMARIA SECUNDARIA: Instituto Tres de Marzo BACHILLER EN\u00a0 Agropecuaria. SUPERIOR: Universidad Tecnol\u00f3gica Equinoccial. CARGOS [&hellip;]<\/p>\n","protected":false},"author":1,"featured_media":0,"parent":0,"menu_order":0,"comment_status":"closed","ping_status":"closed","template":"","meta":{"give_campaign_id":0,"footnotes":""},"class_list":["post-87","page","type-page","status-publish","hentry"],"campaignId":"","jetpack_shortlink":"https:\/\/wp.me\/P7CGGh-1p","jetpack_sharing_enabled":true,"_links":{"self":[{"href":"https:\/\/www.guaranda.gob.ec\/newsiteCMT\/wp-json\/wp\/v2\/pages\/87","targetHints":{"allow":["GET"]}}],"collection":[{"href":"https:\/\/www.guaranda.gob.ec\/newsiteCMT\/wp-json\/wp\/v2\/pages"}],"about":[{"href":"https:\/\/www.guaranda.gob.ec\/newsiteCMT\/wp-json\/wp\/v2\/types\/page"}],"author":[{"embeddable":true,"href":"https:\/\/www.guaranda.gob.ec\/newsiteCMT\/wp-json\/wp\/v2\/users\/1"}],"replies":[{"embeddable":true,"href":"https:\/\/www.guaranda.gob.ec\/newsiteCMT\/wp-json\/wp\/v2\/comments?post=87"}],"version-history":[{"count":5,"href":"https:\/\/www.guaranda.gob.ec\/newsiteCMT\/wp-json\/wp\/v2\/pages\/87\/revisions"}],"predecessor-version":[{"id":7959,"href":"https:\/\/www.guaranda.gob.ec\/newsiteCMT\/wp-json\/wp\/v2\/pages\/87\/revisions\/7959"}],"wp:attachment":[{"href":"https:\/\/www.guaranda.gob.ec\/newsiteCMT\/wp-json\/wp\/v2\/media?parent=87"}],"curies":[{"name":"wp","href":"https:\/\/api.w.org\/{rel}","templated":true}]}}