{"id":7667,"date":"2024-09-09T11:58:09","date_gmt":"2024-09-09T16:58:09","guid":{"rendered":"https:\/\/www.guaranda.gob.ec\/newsiteCMT\/?page_id=7667"},"modified":"2025-10-03T15:23:42","modified_gmt":"2025-10-03T20:23:42","slug":"proceso-de-contratacion-licitacion-publica-internacional-costruccion-del-sistema-de-agua-potable-alcantarillado-pluvial-y-sanitario-de-la-cabecera-parroquial-de-simiatug-canton-guaranda-provinci","status":"publish","type":"page","link":"https:\/\/www.guaranda.gob.ec\/newsiteCMT\/proceso-de-contratacion-licitacion-publica-internacional-costruccion-del-sistema-de-agua-potable-alcantarillado-pluvial-y-sanitario-de-la-cabecera-parroquial-de-simiatug-canton-guaranda-provinci\/","title":{"rendered":"Proceso de Contrataci\u00f3n ( Licitaci\u00f3n P\u00fablica Internacional) COSTRUCCI\u00d3N DEL SISTEMA DE AGUA POTABLE, ALCANTARILLADO PLUVIAL Y SANITARIO DE LA CABECERA PARROQUIAL DE SIMIATUG, CANT\u00d3N GUARANDA, PROVINCIA BOL\u00cdVAR"},"content":{"rendered":"\t\t<div data-elementor-type=\"wp-page\" data-elementor-id=\"7667\" class=\"elementor elementor-7667\">\n\t\t\t\t\t\t<section class=\"elementor-section elementor-top-section elementor-element elementor-element-20ddf79f elementor-section-boxed elementor-section-height-default elementor-section-height-default\" data-id=\"20ddf79f\" data-element_type=\"section\">\n\t\t\t\t\t\t<div class=\"elementor-container elementor-column-gap-default\">\n\t\t\t\t\t<div class=\"elementor-column elementor-col-100 elementor-top-column elementor-element elementor-element-15eac8b4\" data-id=\"15eac8b4\" data-element_type=\"column\">\n\t\t\t<div class=\"elementor-widget-wrap\">\n\t\t\t\t\t\t\t<\/div>\n\t\t<\/div>\n\t\t\t\t\t<\/div>\n\t\t<\/section>\n\t\t\t\t<section class=\"elementor-section elementor-top-section elementor-element elementor-element-23a5643 elementor-section-boxed elementor-section-height-default elementor-section-height-default\" data-id=\"23a5643\" data-element_type=\"section\">\n\t\t\t\t\t\t<div class=\"elementor-container elementor-column-gap-default\">\n\t\t\t\t\t<div class=\"elementor-column elementor-col-100 elementor-top-column elementor-element elementor-element-557bf70\" data-id=\"557bf70\" data-element_type=\"column\">\n\t\t\t<div class=\"elementor-widget-wrap elementor-element-populated\">\n\t\t\t\t\t\t<div class=\"elementor-element elementor-element-0eaad27 elementor-widget elementor-widget-button\" data-id=\"0eaad27\" data-element_type=\"widget\" data-widget_type=\"button.default\">\n\t\t\t\t<div class=\"elementor-widget-container\">\n\t\t\t\t\t\t\t\t\t<div class=\"elementor-button-wrapper\">\n\t\t\t\t\t<a class=\"elementor-button elementor-button-link elementor-size-sm\" href=\"https:\/\/drive.google.com\/drive\/folders\/1gp2ITQmEmYP_UwxjnGu_x_vWTjV6hQh0\">\n\t\t\t\t\t\t<span class=\"elementor-button-content-wrapper\">\n\t\t\t\t\t\t\t\t\t<span class=\"elementor-button-text\">Especificaciones t\u00e9cnicas<\/span>\n\t\t\t\t\t<\/span>\n\t\t\t\t\t<\/a>\n\t\t\t\t<\/div>\n\t\t\t\t\t\t\t\t<\/div>\n\t\t\t\t<\/div>\n\t\t\t\t<div class=\"elementor-element elementor-element-3fc2a1f elementor-widget elementor-widget-button\" data-id=\"3fc2a1f\" data-element_type=\"widget\" data-widget_type=\"button.default\">\n\t\t\t\t<div class=\"elementor-widget-container\">\n\t\t\t\t\t\t\t\t\t<div class=\"elementor-button-wrapper\">\n\t\t\t\t\t<a class=\"elementor-button elementor-button-link elementor-size-sm\" href=\"https:\/\/drive.google.com\/drive\/folders\/1E-H4U1GaO-XNna8wHfSP3ReRkfdk2-pt\">\n\t\t\t\t\t\t<span class=\"elementor-button-content-wrapper\">\n\t\t\t\t\t\t\t\t\t<span class=\"elementor-button-text\">Certificaciones presupuestarias<\/span>\n\t\t\t\t\t<\/span>\n\t\t\t\t\t<\/a>\n\t\t\t\t<\/div>\n\t\t\t\t\t\t\t\t<\/div>\n\t\t\t\t<\/div>\n\t\t\t\t<div class=\"elementor-element elementor-element-e440a9e elementor-widget elementor-widget-button\" data-id=\"e440a9e\" data-element_type=\"widget\" data-widget_type=\"button.default\">\n\t\t\t\t<div class=\"elementor-widget-container\">\n\t\t\t\t\t\t\t\t\t<div class=\"elementor-button-wrapper\">\n\t\t\t\t\t<a class=\"elementor-button elementor-button-link elementor-size-sm\" href=\"https:\/\/drive.google.com\/drive\/folders\/1CiFKgn8yEKpDIf1Lfs5otMJQwbq0gyH-\">\n\t\t\t\t\t\t<span class=\"elementor-button-content-wrapper\">\n\t\t\t\t\t\t\t\t\t<span class=\"elementor-button-text\">Estudios<\/span>\n\t\t\t\t\t<\/span>\n\t\t\t\t\t<\/a>\n\t\t\t\t<\/div>\n\t\t\t\t\t\t\t\t<\/div>\n\t\t\t\t<\/div>\n\t\t\t\t<div class=\"elementor-element elementor-element-0ad0044 elementor-widget elementor-widget-button\" data-id=\"0ad0044\" data-element_type=\"widget\" data-widget_type=\"button.default\">\n\t\t\t\t<div class=\"elementor-widget-container\">\n\t\t\t\t\t\t\t\t\t<div class=\"elementor-button-wrapper\">\n\t\t\t\t\t<a class=\"elementor-button elementor-button-link elementor-size-sm\" href=\"https:\/\/drive.google.com\/drive\/folders\/18_MVHbljKu_OlX5YfvmH_eCJwshCafHA\">\n\t\t\t\t\t\t<span class=\"elementor-button-content-wrapper\">\n\t\t\t\t\t\t\t\t\t<span class=\"elementor-button-text\">Pertinencia<\/span>\n\t\t\t\t\t<\/span>\n\t\t\t\t\t<\/a>\n\t\t\t\t<\/div>\n\t\t\t\t\t\t\t\t<\/div>\n\t\t\t\t<\/div>\n\t\t\t\t<div class=\"elementor-element elementor-element-f671434 elementor-widget elementor-widget-button\" data-id=\"f671434\" data-element_type=\"widget\" data-widget_type=\"button.default\">\n\t\t\t\t<div class=\"elementor-widget-container\">\n\t\t\t\t\t\t\t\t\t<div class=\"elementor-button-wrapper\">\n\t\t\t\t\t<a class=\"elementor-button elementor-button-link elementor-size-sm\" href=\"https:\/\/drive.google.com\/drive\/folders\/1y3lgbBjdamRXbEfj01ljrj-6qwgXC0R0?usp=drive_link\">\n\t\t\t\t\t\t<span class=\"elementor-button-content-wrapper\">\n\t\t\t\t\t\t\t\t\t<span class=\"elementor-button-text\">Pliegos<\/span>\n\t\t\t\t\t<\/span>\n\t\t\t\t\t<\/a>\n\t\t\t\t<\/div>\n\t\t\t\t\t\t\t\t<\/div>\n\t\t\t\t<\/div>\n\t\t\t\t<div class=\"elementor-element elementor-element-9653e63 elementor-widget elementor-widget-button\" data-id=\"9653e63\" data-element_type=\"widget\" data-widget_type=\"button.default\">\n\t\t\t\t<div class=\"elementor-widget-container\">\n\t\t\t\t\t\t\t\t\t<div class=\"elementor-button-wrapper\">\n\t\t\t\t\t<a class=\"elementor-button elementor-button-link elementor-size-sm\" href=\"https:\/\/drive.google.com\/drive\/folders\/1KK1ln1_oGkliYmIf3LDAn3Q4pMwVKaPZ\">\n\t\t\t\t\t\t<span class=\"elementor-button-content-wrapper\">\n\t\t\t\t\t\t\t\t\t<span class=\"elementor-button-text\">VAE<\/span>\n\t\t\t\t\t<\/span>\n\t\t\t\t\t<\/a>\n\t\t\t\t<\/div>\n\t\t\t\t\t\t\t\t<\/div>\n\t\t\t\t<\/div>\n\t\t\t\t<div class=\"elementor-element elementor-element-4a1f201 elementor-widget elementor-widget-button\" data-id=\"4a1f201\" data-element_type=\"widget\" data-widget_type=\"button.default\">\n\t\t\t\t<div class=\"elementor-widget-container\">\n\t\t\t\t\t\t\t\t\t<div class=\"elementor-button-wrapper\">\n\t\t\t\t\t<a class=\"elementor-button elementor-button-link elementor-size-sm\" href=\"https:\/\/drive.google.com\/drive\/folders\/1pf0DgHZeZOYwmvJ8X-hNTS18-9ZI5VjC\">\n\t\t\t\t\t\t<span class=\"elementor-button-content-wrapper\">\n\t\t\t\t\t\t\t\t\t<span class=\"elementor-button-text\">Viavilidad<\/span>\n\t\t\t\t\t<\/span>\n\t\t\t\t\t<\/a>\n\t\t\t\t<\/div>\n\t\t\t\t\t\t\t\t<\/div>\n\t\t\t\t<\/div>\n\t\t\t\t\t<\/div>\n\t\t<\/div>\n\t\t\t\t\t<\/div>\n\t\t<\/section>\n\t\t\t\t<section class=\"elementor-section elementor-top-section elementor-element elementor-element-0bcba14 elementor-section-boxed elementor-section-height-default elementor-section-height-default\" data-id=\"0bcba14\" data-element_type=\"section\">\n\t\t\t\t\t\t<div class=\"elementor-container elementor-column-gap-default\">\n\t\t\t\t\t<div class=\"elementor-column elementor-col-100 elementor-top-column elementor-element elementor-element-fdedd67\" data-id=\"fdedd67\" data-element_type=\"column\">\n\t\t\t<div class=\"elementor-widget-wrap elementor-element-populated\">\n\t\t\t\t\t\t<div class=\"elementor-element elementor-element-6cf9821 elementor-widget elementor-widget-button\" data-id=\"6cf9821\" data-element_type=\"widget\" data-widget_type=\"button.default\">\n\t\t\t\t<div class=\"elementor-widget-container\">\n\t\t\t\t\t\t\t\t\t<div class=\"elementor-button-wrapper\">\n\t\t\t\t\t<a class=\"elementor-button elementor-button-link elementor-size-sm\" href=\"https:\/\/drive.google.com\/drive\/folders\/1804TbYuPcqJR5HEinE69zxhtwAP0lkYy?usp=drive_link\">\n\t\t\t\t\t\t<span class=\"elementor-button-content-wrapper\">\n\t\t\t\t\t\t\t\t\t<span class=\"elementor-button-text\">Actas<\/span>\n\t\t\t\t\t<\/span>\n\t\t\t\t\t<\/a>\n\t\t\t\t<\/div>\n\t\t\t\t\t\t\t\t<\/div>\n\t\t\t\t<\/div>\n\t\t\t\t<div class=\"elementor-element elementor-element-5f9c2c3 elementor-widget elementor-widget-button\" data-id=\"5f9c2c3\" data-element_type=\"widget\" data-widget_type=\"button.default\">\n\t\t\t\t<div class=\"elementor-widget-container\">\n\t\t\t\t\t\t\t\t\t<div class=\"elementor-button-wrapper\">\n\t\t\t\t\t<a class=\"elementor-button elementor-button-link elementor-size-sm\" href=\"https:\/\/drive.google.com\/drive\/folders\/1HQliK1Jz8fCsPG1V7IJ3SfIfZbuMrM2j?usp=drive_link\">\n\t\t\t\t\t\t<span class=\"elementor-button-content-wrapper\">\n\t\t\t\t\t\t\t\t\t<span class=\"elementor-button-text\">Ofertas<\/span>\n\t\t\t\t\t<\/span>\n\t\t\t\t\t<\/a>\n\t\t\t\t<\/div>\n\t\t\t\t\t\t\t\t<\/div>\n\t\t\t\t<\/div>\n\t\t\t\t<div class=\"elementor-element elementor-element-1f1825b elementor-widget elementor-widget-button\" data-id=\"1f1825b\" data-element_type=\"widget\" data-widget_type=\"button.default\">\n\t\t\t\t<div class=\"elementor-widget-container\">\n\t\t\t\t\t\t\t\t\t<div class=\"elementor-button-wrapper\">\n\t\t\t\t\t<a class=\"elementor-button elementor-button-link elementor-size-sm\" href=\"https:\/\/drive.google.com\/drive\/folders\/1VO61ozCnQlEnXZRj9GCDfhojXJZ5uoKb?usp=sharing\">\n\t\t\t\t\t\t<span class=\"elementor-button-content-wrapper\">\n\t\t\t\t\t\t\t\t\t<span class=\"elementor-button-text\">Resoluci\u00f3n de Adjudicaci\u00f3n<\/span>\n\t\t\t\t\t<\/span>\n\t\t\t\t\t<\/a>\n\t\t\t\t<\/div>\n\t\t\t\t\t\t\t\t<\/div>\n\t\t\t\t<\/div>\n\t\t\t\t<div class=\"elementor-element elementor-element-bd72ec5 elementor-widget elementor-widget-text-editor\" data-id=\"bd72ec5\" data-element_type=\"widget\" data-widget_type=\"text-editor.default\">\n\t\t\t\t<div class=\"elementor-widget-container\">\n\t\t\t\t\t\t\t\t\t<p style=\"padding-left: 40px;\"><a href=\"https:\/\/drive.google.com\/file\/d\/1ruzhp6AP98OCobBb54XicjjOaOTIuJ8t\/view?usp=drive_link\"><b>Certificaci\u00f3n POA 2016<\/b><\/a><\/p><p style=\"padding-left: 40px;\"><a href=\"https:\/\/drive.google.com\/file\/d\/1LjaoSu-QHdkEtT0vJxVJw3ielMZWNg3d\/view?usp=drive_link\"><strong>Contrato F&amp;SB GADM Guaranda-1<\/strong><\/a><\/p><p style=\"padding-left: 40px;\"><a href=\"https:\/\/drive.google.com\/file\/d\/10iHqZ_IsJ87Gf4Tatc3drwY010WQL3et\/view?usp=drive_link\"><strong>Desagregaci\u00f3n Tecnol\u00f3gica Simiatug aprobada<\/strong><\/a><\/p><p style=\"padding-left: 40px;\"><a href=\"https:\/\/drive.google.com\/file\/d\/1nvC3CVDNQMRl6npPMEp391BOPRZK1YPU\/view?usp=drive_link\"><strong>Hoja de ruta Simiatug &#8211; Enero 2025<\/strong><\/a><\/p><p style=\"padding-left: 40px;\"><a href=\"https:\/\/drive.google.com\/file\/d\/1KbwTxwjaLhHU49ouLfxwaagA_pzW_cjD\/view?usp=drive_link\"><strong>Hoja de Ruta Reprogramada Simiatug Mayo 2025<\/strong><\/a><\/p><p style=\"padding-left: 40px;\"><a href=\"https:\/\/drive.google.com\/file\/d\/1zG0BjksqE_SNh181gRK9P_yBpQka97ux\/view?usp=drive_link\"><strong>Memorando 918 2025<\/strong><\/a><\/p><p style=\"padding-left: 40px;\"><a href=\"https:\/\/drive.google.com\/file\/d\/1kO5mQmhfIY7vkBcTMIwvuW0qXEazR8Fu\/view?usp=drive_link\"><strong>OF BDE-TRASLADO OF CAF SOBRE CONSULTOR\u00cdA SIMIATUG-marzo 2025<\/strong><\/a><\/p><p style=\"padding-left: 40px;\"><a href=\"https:\/\/drive.google.com\/file\/d\/18PMpEIgq1wVCK-M_7ydVcwe44IXxUpZ9\/view?usp=drive_link\"><strong>OF CAF-PRONUNCIAMIENTO CONSULTOR\u00cdA SIMIATUG-marzo 2025<\/strong><\/a><\/p><p style=\"padding-left: 40px;\"><a href=\"https:\/\/drive.google.com\/file\/d\/1CbCNzP0AOIXpAK3nT1kJr3gmyiv-cxAq\/view?usp=drive_link\"><strong>OFICIO 104 2025 BDE-REMISION PLIEGOS OBRA CIVIL SIMIAUTG, dfebrero 2025<\/strong><\/a><\/p><p style=\"padding-left: 40px;\"><a href=\"https:\/\/drive.google.com\/file\/d\/1JXxtbxP5_tImBOtp7rtExc3WUmHdOMpJ\/view?usp=drive_link\"><strong>Presupuesto General Simiatug<\/strong><\/a><\/p><p style=\"padding-left: 40px;\"><a href=\"https:\/\/drive.google.com\/file\/d\/1ZvtfFsxeVDy6B_7MHAAYRjLZRzJWJTSu\/view?usp=drive_link\"><strong>REFORMA POA<\/strong><\/a><\/p><p style=\"padding-left: 40px;\"><a href=\"https:\/\/drive.google.com\/file\/d\/1Z-UXw0weZPs6Y2_P4fAmsO5JIXURDcOo\/view?usp=drive_link\"><strong>RESOLUCI\u00d3N 059-SEXTAREFORMA AL PAC 2025<\/strong><\/a><\/p><p style=\"padding-left: 40px;\"><a href=\"https:\/\/drive.google.com\/file\/d\/16qbWgfu5PMxVDNb5hynPWaz4wh3qCLjM\/view?usp=drive_link\"><strong>UCP-2025-065-ALCANTARILLADO SIMIATUG<\/strong><\/a><\/p><p style=\"padding-left: 40px;\"><a href=\"https:\/\/drive.google.com\/file\/d\/1B4WW2UCMtZ0hcwp0Z9M5AXzUpAqfjCNr\/view?usp=drive_link\"><strong>UCP-2025-066-ALCANTARILLADO FISCALIZACI\u00d3N<\/strong><\/a><\/p><p style=\"padding-left: 40px;\"><a href=\"https:\/\/drive.google.com\/file\/d\/1WQMmOk_sLhrQzqOLFKcVa09099OfNsbf\/view?usp=drive_link\"><strong>RESOLUCI\u00d3N_084_LPI-CAF-GADCG-2025<\/strong><\/a><\/p><p style=\"padding-left: 40px;\"><a href=\"https:\/\/drive.google.com\/file\/d\/1WbqpISKBWJUcTTGaDIAGUxkagX_FEjML\/view?usp=drive_link\"><strong>PLIEGOS OBRA CIVIL SIMIATUG<\/strong><\/a><\/p><p style=\"padding-left: 40px;\"><strong><a href=\"https:\/\/drive.google.com\/file\/d\/1Y8sSheyE9WhStdcaEsHxPfa0yihERb5o\/view?usp=sharing\">Oficio No. 424-IY-A-GADCG-2025<\/a><\/strong><\/p><p style=\"padding-left: 40px;\"><strong><a href=\"https:\/\/drive.google.com\/file\/d\/1c5MSEw4WmNZGJrorNiZNZFm9DGmjNiGN\/view?usp=sharing\">Oficio No. 03-CT-OP-GADCG-2025<\/a><\/strong><\/p>\t\t\t\t\t\t\t\t<\/div>\n\t\t\t\t<\/div>\n\t\t\t\t\t<\/div>\n\t\t<\/div>\n\t\t\t\t\t<\/div>\n\t\t<\/section>\n\t\t\t\t<\/div>\n\t\t","protected":false},"excerpt":{"rendered":"<p>Especificaciones t\u00e9cnicas Certificaciones presupuestarias Estudios Pertinencia Pliegos VAE Viavilidad Actas Ofertas Resoluci\u00f3n de Adjudicaci\u00f3n Certificaci\u00f3n POA 2016 Contrato F&amp;SB GADM Guaranda-1 Desagregaci\u00f3n Tecnol\u00f3gica Simiatug aprobada Hoja de ruta Simiatug &#8211; Enero 2025 Hoja de Ruta Reprogramada Simiatug Mayo 2025 Memorando 918 2025 OF BDE-TRASLADO OF CAF SOBRE CONSULTOR\u00cdA SIMIATUG-marzo 2025 OF CAF-PRONUNCIAMIENTO CONSULTOR\u00cdA SIMIATUG-marzo 2025 [&hellip;]<\/p>\n","protected":false},"author":7,"featured_media":0,"parent":0,"menu_order":0,"comment_status":"closed","ping_status":"closed","template":"","meta":{"give_campaign_id":0,"footnotes":""},"class_list":["post-7667","page","type-page","status-publish","hentry"],"campaignId":"","jetpack_shortlink":"https:\/\/wp.me\/P7CGGh-1ZF","jetpack_sharing_enabled":true,"_links":{"self":[{"href":"https:\/\/www.guaranda.gob.ec\/newsiteCMT\/wp-json\/wp\/v2\/pages\/7667","targetHints":{"allow":["GET"]}}],"collection":[{"href":"https:\/\/www.guaranda.gob.ec\/newsiteCMT\/wp-json\/wp\/v2\/pages"}],"about":[{"href":"https:\/\/www.guaranda.gob.ec\/newsiteCMT\/wp-json\/wp\/v2\/types\/page"}],"author":[{"embeddable":true,"href":"https:\/\/www.guaranda.gob.ec\/newsiteCMT\/wp-json\/wp\/v2\/users\/7"}],"replies":[{"embeddable":true,"href":"https:\/\/www.guaranda.gob.ec\/newsiteCMT\/wp-json\/wp\/v2\/comments?post=7667"}],"version-history":[{"count":5,"href":"https:\/\/www.guaranda.gob.ec\/newsiteCMT\/wp-json\/wp\/v2\/pages\/7667\/revisions"}],"predecessor-version":[{"id":8283,"href":"https:\/\/www.guaranda.gob.ec\/newsiteCMT\/wp-json\/wp\/v2\/pages\/7667\/revisions\/8283"}],"wp:attachment":[{"href":"https:\/\/www.guaranda.gob.ec\/newsiteCMT\/wp-json\/wp\/v2\/media?parent=7667"}],"curies":[{"name":"wp","href":"https:\/\/api.w.org\/{rel}","templated":true}]}}