{"id":6938,"date":"2023-09-07T10:58:00","date_gmt":"2023-09-07T15:58:00","guid":{"rendered":"https:\/\/www.guaranda.gob.ec\/newsiteCMT\/?page_id=6938"},"modified":"2023-09-07T10:58:48","modified_gmt":"2023-09-07T15:58:48","slug":"marca-guaranda","status":"publish","type":"page","link":"https:\/\/www.guaranda.gob.ec\/newsiteCMT\/marca-guaranda\/","title":{"rendered":"MARCA GUARANDA"},"content":{"rendered":"\t\t<div data-elementor-type=\"wp-page\" data-elementor-id=\"6938\" class=\"elementor elementor-6938\">\n\t\t\t\t\t\t<section class=\"elementor-section elementor-top-section elementor-element elementor-element-4267c01 elementor-section-boxed elementor-section-height-default elementor-section-height-default\" data-id=\"4267c01\" data-element_type=\"section\">\n\t\t\t\t\t\t<div class=\"elementor-container elementor-column-gap-default\">\n\t\t\t\t\t<div class=\"elementor-column elementor-col-100 elementor-top-column elementor-element elementor-element-a2d5d29\" data-id=\"a2d5d29\" data-element_type=\"column\">\n\t\t\t<div class=\"elementor-widget-wrap elementor-element-populated\">\n\t\t\t\t\t\t<div class=\"elementor-element elementor-element-360fd5a elementor-widget elementor-widget-text-editor\" data-id=\"360fd5a\" data-element_type=\"widget\" data-widget_type=\"text-editor.default\">\n\t\t\t\t<div class=\"elementor-widget-container\">\n\t\t\t\t\t\t\t\t\t<p>Nuestra administraci\u00f3n bajo los principios de ser incluyentes, abiertos, participativos y creativos, entregamos una marca para todos los guarande\u00f1os.\u00a0<\/p><p>La Ciudad de Guaranda tiene hoy, la oportunidad de avanzar diferencialmente respecto a otras ciudades del mundo teniendo su propia marca. Una marca construida desde una perspectiva incluyente, abierta y participativa.\u00a0<\/p><p>La marca Guaranda, tiene su propia Cultura Corporativa. Con una Misi\u00f3n que busca ser una ciudad reconocida y posicionada a nivel, regional, nacional e internacional, que se destaque por su potencial cultural, social y tur\u00edstico. Y una Visi\u00f3n que se enfoca en promover y posicionar a la marca ciudad a trav\u00e9s de todos estos componentes con el apoyo de todos ustedes, sus habitantes.\u00a0<\/p><p>Les invitamos a comprometernos para que esta marca que lleva valores y caracter\u00edsticas \u00fanicas de la ciudad. Como son: Su historia, su cultura, sus paisajes naturales, sus eventos, sus actividades, sus atractivos, sus parroquias, sus comunidades, y los m\u00e1s importante\u2026. su gente, la tomemos como nuestra y generemos el sentido de pertenencia que tanto necesita.<\/p><p>La marca ciudad no es solo logotipo, la marca ciudad son las personas y el territorio, la fauna y su flora, la cultura y sus tradiciones. Un sentido de pertenencia, un motor de impulso hacia su desarrollo, una marca para todos ustedes.<\/p>\t\t\t\t\t\t\t\t<\/div>\n\t\t\t\t<\/div>\n\t\t\t\t\t<\/div>\n\t\t<\/div>\n\t\t\t\t\t<\/div>\n\t\t<\/section>\n\t\t\t\t<section class=\"elementor-section elementor-top-section elementor-element elementor-element-bd1f745 elementor-section-boxed elementor-section-height-default elementor-section-height-default\" data-id=\"bd1f745\" data-element_type=\"section\">\n\t\t\t\t\t\t<div class=\"elementor-container elementor-column-gap-default\">\n\t\t\t\t\t<div class=\"elementor-column elementor-col-100 elementor-top-column elementor-element elementor-element-90d25b6\" data-id=\"90d25b6\" data-element_type=\"column\">\n\t\t\t<div class=\"elementor-widget-wrap\">\n\t\t\t\t\t\t\t<\/div>\n\t\t<\/div>\n\t\t\t\t\t<\/div>\n\t\t<\/section>\n\t\t\t\t<section class=\"elementor-section elementor-top-section elementor-element elementor-element-1691847 elementor-section-boxed elementor-section-height-default elementor-section-height-default\" data-id=\"1691847\" data-element_type=\"section\">\n\t\t\t\t\t\t<div class=\"elementor-container elementor-column-gap-default\">\n\t\t\t\t\t<div class=\"elementor-column elementor-col-100 elementor-top-column elementor-element elementor-element-f3b30ee\" data-id=\"f3b30ee\" data-element_type=\"column\">\n\t\t\t<div class=\"elementor-widget-wrap elementor-element-populated\">\n\t\t\t\t\t\t<div class=\"elementor-element elementor-element-a4b0fa8 elementor-arrows-position-outside elementor-widget elementor-widget-image-carousel\" data-id=\"a4b0fa8\" data-element_type=\"widget\" data-settings=\"{&quot;navigation&quot;:&quot;arrows&quot;,&quot;autoplay&quot;:&quot;yes&quot;,&quot;pause_on_hover&quot;:&quot;yes&quot;,&quot;pause_on_interaction&quot;:&quot;yes&quot;,&quot;autoplay_speed&quot;:5000,&quot;infinite&quot;:&quot;yes&quot;,&quot;speed&quot;:500}\" data-widget_type=\"image-carousel.default\">\n\t\t\t\t<div class=\"elementor-widget-container\">\n\t\t\t\t\t\t\t<div class=\"elementor-image-carousel-wrapper swiper\" role=\"region\" aria-roledescription=\"carousel\" aria-label=\"Carrusel de im\u00e1genes\" dir=\"ltr\">\n\t\t\t<div class=\"elementor-image-carousel swiper-wrapper swiper-image-stretch\" aria-live=\"off\">\n\t\t\t\t\t\t\t\t<div class=\"swiper-slide\" role=\"group\" aria-roledescription=\"slide\" aria-label=\"1 de 43\"><figure class=\"swiper-slide-inner\"><img decoding=\"async\" class=\"swiper-slide-image\" src=\"https:\/\/i0.wp.com\/www.guaranda.gob.ec\/newsiteCMT\/wp-content\/uploads\/2022\/01\/WhatsApp-Image-2023-09-07-at-10.10.05-AM-1.jpeg?fit=1023%2C1280&amp;ssl=1\" alt=\"WhatsApp Image 2023-09-07 at 10.10.05 AM (1)\" \/><\/figure><\/div><div class=\"swiper-slide\" role=\"group\" aria-roledescription=\"slide\" aria-label=\"2 de 43\"><figure class=\"swiper-slide-inner\"><img decoding=\"async\" class=\"swiper-slide-image\" src=\"https:\/\/i0.wp.com\/www.guaranda.gob.ec\/newsiteCMT\/wp-content\/uploads\/2022\/01\/WhatsApp-Image-2023-09-07-at-10.10.05-AM.jpeg?fit=960%2C960&amp;ssl=1\" alt=\"WhatsApp Image 2023-09-07 at 10.10.05 AM\" \/><\/figure><\/div><div class=\"swiper-slide\" role=\"group\" aria-roledescription=\"slide\" aria-label=\"3 de 43\"><figure class=\"swiper-slide-inner\"><img decoding=\"async\" class=\"swiper-slide-image\" src=\"https:\/\/i0.wp.com\/www.guaranda.gob.ec\/newsiteCMT\/wp-content\/uploads\/2022\/01\/WhatsApp-Image-2023-09-07-at-10.10.06-AM-2.jpeg?fit=768%2C960&amp;ssl=1\" alt=\"WhatsApp Image 2023-09-07 at 10.10.06 AM (2)\" \/><\/figure><\/div><div class=\"swiper-slide\" role=\"group\" aria-roledescription=\"slide\" aria-label=\"4 de 43\"><figure class=\"swiper-slide-inner\"><img decoding=\"async\" class=\"swiper-slide-image\" src=\"https:\/\/i0.wp.com\/www.guaranda.gob.ec\/newsiteCMT\/wp-content\/uploads\/2022\/01\/WhatsApp-Image-2023-09-07-at-10.10.06-AM-1.jpeg?fit=1200%2C1500&amp;ssl=1\" alt=\"WhatsApp Image 2023-09-07 at 10.10.06 AM (1)\" \/><\/figure><\/div><div class=\"swiper-slide\" role=\"group\" aria-roledescription=\"slide\" aria-label=\"5 de 43\"><figure class=\"swiper-slide-inner\"><img decoding=\"async\" class=\"swiper-slide-image\" src=\"https:\/\/i0.wp.com\/www.guaranda.gob.ec\/newsiteCMT\/wp-content\/uploads\/2022\/01\/WhatsApp-Image-2023-09-07-at-10.10.06-AM.jpeg?fit=768%2C960&amp;ssl=1\" alt=\"WhatsApp Image 2023-09-07 at 10.10.06 AM\" \/><\/figure><\/div><div class=\"swiper-slide\" role=\"group\" aria-roledescription=\"slide\" aria-label=\"6 de 43\"><figure class=\"swiper-slide-inner\"><img decoding=\"async\" class=\"swiper-slide-image\" src=\"https:\/\/i0.wp.com\/www.guaranda.gob.ec\/newsiteCMT\/wp-content\/uploads\/2022\/01\/WhatsApp-Image-2023-09-07-at-10.10.05-AM-3.jpeg?fit=768%2C960&amp;ssl=1\" alt=\"WhatsApp Image 2023-09-07 at 10.10.05 AM (3)\" \/><\/figure><\/div><div class=\"swiper-slide\" role=\"group\" aria-roledescription=\"slide\" aria-label=\"7 de 43\"><figure class=\"swiper-slide-inner\"><img decoding=\"async\" class=\"swiper-slide-image\" src=\"https:\/\/i0.wp.com\/www.guaranda.gob.ec\/newsiteCMT\/wp-content\/uploads\/2022\/01\/WhatsApp-Image-2023-09-07-at-10.47.30-AM-1.jpeg?fit=1023%2C1280&amp;ssl=1\" alt=\"WhatsApp Image 2023-09-07 at 10.47.30 AM (1)\" \/><\/figure><\/div><div class=\"swiper-slide\" role=\"group\" aria-roledescription=\"slide\" aria-label=\"8 de 43\"><figure class=\"swiper-slide-inner\"><img decoding=\"async\" class=\"swiper-slide-image\" src=\"https:\/\/i0.wp.com\/www.guaranda.gob.ec\/newsiteCMT\/wp-content\/uploads\/2022\/01\/WhatsApp-Image-2023-09-07-at-10.47.30-AM.jpeg?fit=1024%2C1280&amp;ssl=1\" alt=\"WhatsApp Image 2023-09-07 at 10.47.30 AM\" \/><\/figure><\/div><div class=\"swiper-slide\" role=\"group\" aria-roledescription=\"slide\" aria-label=\"9 de 43\"><figure class=\"swiper-slide-inner\"><img decoding=\"async\" class=\"swiper-slide-image\" src=\"https:\/\/i0.wp.com\/www.guaranda.gob.ec\/newsiteCMT\/wp-content\/uploads\/2022\/01\/WhatsApp-Image-2023-09-07-at-10.47.31-AM-1.jpeg?fit=1023%2C1280&amp;ssl=1\" alt=\"WhatsApp Image 2023-09-07 at 10.47.31 AM (1)\" \/><\/figure><\/div><div class=\"swiper-slide\" role=\"group\" aria-roledescription=\"slide\" aria-label=\"10 de 43\"><figure class=\"swiper-slide-inner\"><img decoding=\"async\" class=\"swiper-slide-image\" src=\"https:\/\/i0.wp.com\/www.guaranda.gob.ec\/newsiteCMT\/wp-content\/uploads\/2022\/01\/WhatsApp-Image-2023-09-07-at-10.47.31-AM-2.jpeg?fit=1023%2C1280&amp;ssl=1\" alt=\"WhatsApp Image 2023-09-07 at 10.47.31 AM (2)\" \/><\/figure><\/div><div class=\"swiper-slide\" role=\"group\" aria-roledescription=\"slide\" aria-label=\"11 de 43\"><figure class=\"swiper-slide-inner\"><img decoding=\"async\" class=\"swiper-slide-image\" src=\"https:\/\/i0.wp.com\/www.guaranda.gob.ec\/newsiteCMT\/wp-content\/uploads\/2022\/01\/WhatsApp-Image-2023-09-07-at-10.47.31-AM-3.jpeg?fit=1023%2C1280&amp;ssl=1\" alt=\"WhatsApp Image 2023-09-07 at 10.47.31 AM (3)\" \/><\/figure><\/div><div class=\"swiper-slide\" role=\"group\" aria-roledescription=\"slide\" aria-label=\"12 de 43\"><figure class=\"swiper-slide-inner\"><img decoding=\"async\" class=\"swiper-slide-image\" src=\"https:\/\/i0.wp.com\/www.guaranda.gob.ec\/newsiteCMT\/wp-content\/uploads\/2022\/01\/WhatsApp-Image-2023-09-07-at-10.47.31-AM.jpeg?fit=1023%2C1280&amp;ssl=1\" alt=\"WhatsApp Image 2023-09-07 at 10.47.31 AM\" \/><\/figure><\/div><div class=\"swiper-slide\" role=\"group\" aria-roledescription=\"slide\" aria-label=\"13 de 43\"><figure class=\"swiper-slide-inner\"><img decoding=\"async\" class=\"swiper-slide-image\" src=\"https:\/\/i0.wp.com\/www.guaranda.gob.ec\/newsiteCMT\/wp-content\/uploads\/2022\/01\/WhatsApp-Image-2023-09-07-at-10.47.32-AM-1.jpeg?fit=1023%2C1280&amp;ssl=1\" alt=\"WhatsApp Image 2023-09-07 at 10.47.32 AM (1)\" \/><\/figure><\/div><div class=\"swiper-slide\" role=\"group\" aria-roledescription=\"slide\" aria-label=\"14 de 43\"><figure class=\"swiper-slide-inner\"><img decoding=\"async\" class=\"swiper-slide-image\" src=\"https:\/\/i0.wp.com\/www.guaranda.gob.ec\/newsiteCMT\/wp-content\/uploads\/2022\/01\/WhatsApp-Image-2023-09-07-at-10.47.32-AM-2.jpeg?fit=1200%2C1200&amp;ssl=1\" alt=\"WhatsApp Image 2023-09-07 at 10.47.32 AM (2)\" \/><\/figure><\/div><div class=\"swiper-slide\" role=\"group\" aria-roledescription=\"slide\" aria-label=\"15 de 43\"><figure class=\"swiper-slide-inner\"><img decoding=\"async\" class=\"swiper-slide-image\" src=\"https:\/\/i0.wp.com\/www.guaranda.gob.ec\/newsiteCMT\/wp-content\/uploads\/2022\/01\/WhatsApp-Image-2023-09-07-at-10.47.32-AM.jpeg?fit=1024%2C1280&amp;ssl=1\" alt=\"WhatsApp Image 2023-09-07 at 10.47.32 AM\" \/><\/figure><\/div><div class=\"swiper-slide\" role=\"group\" aria-roledescription=\"slide\" aria-label=\"16 de 43\"><figure class=\"swiper-slide-inner\"><img decoding=\"async\" class=\"swiper-slide-image\" src=\"https:\/\/i0.wp.com\/www.guaranda.gob.ec\/newsiteCMT\/wp-content\/uploads\/2022\/01\/WhatsApp-Image-2023-09-07-at-10.47.33-AM-1.jpeg?fit=1023%2C1280&amp;ssl=1\" alt=\"WhatsApp Image 2023-09-07 at 10.47.33 AM (1)\" \/><\/figure><\/div><div class=\"swiper-slide\" role=\"group\" aria-roledescription=\"slide\" aria-label=\"17 de 43\"><figure class=\"swiper-slide-inner\"><img decoding=\"async\" class=\"swiper-slide-image\" src=\"https:\/\/i0.wp.com\/www.guaranda.gob.ec\/newsiteCMT\/wp-content\/uploads\/2022\/01\/WhatsApp-Image-2023-09-07-at-10.47.33-AM-2.jpeg?fit=1024%2C1280&amp;ssl=1\" alt=\"WhatsApp Image 2023-09-07 at 10.47.33 AM (2)\" \/><\/figure><\/div><div class=\"swiper-slide\" role=\"group\" aria-roledescription=\"slide\" aria-label=\"18 de 43\"><figure class=\"swiper-slide-inner\"><img decoding=\"async\" class=\"swiper-slide-image\" src=\"https:\/\/i0.wp.com\/www.guaranda.gob.ec\/newsiteCMT\/wp-content\/uploads\/2022\/01\/WhatsApp-Image-2023-09-07-at-10.47.33-AM-3.jpeg?fit=1023%2C1280&amp;ssl=1\" alt=\"WhatsApp Image 2023-09-07 at 10.47.33 AM (3)\" \/><\/figure><\/div><div class=\"swiper-slide\" role=\"group\" aria-roledescription=\"slide\" aria-label=\"19 de 43\"><figure class=\"swiper-slide-inner\"><img decoding=\"async\" class=\"swiper-slide-image\" src=\"https:\/\/i0.wp.com\/www.guaranda.gob.ec\/newsiteCMT\/wp-content\/uploads\/2022\/01\/WhatsApp-Image-2023-09-07-at-10.47.33-AM.jpeg?fit=1024%2C1280&amp;ssl=1\" alt=\"WhatsApp Image 2023-09-07 at 10.47.33 AM\" \/><\/figure><\/div><div class=\"swiper-slide\" role=\"group\" aria-roledescription=\"slide\" aria-label=\"20 de 43\"><figure class=\"swiper-slide-inner\"><img decoding=\"async\" class=\"swiper-slide-image\" src=\"https:\/\/i0.wp.com\/www.guaranda.gob.ec\/newsiteCMT\/wp-content\/uploads\/2022\/01\/WhatsApp-Image-2023-09-07-at-10.47.34-AM-1.jpeg?fit=1024%2C1280&amp;ssl=1\" alt=\"WhatsApp Image 2023-09-07 at 10.47.34 AM (1)\" \/><\/figure><\/div><div class=\"swiper-slide\" role=\"group\" aria-roledescription=\"slide\" aria-label=\"21 de 43\"><figure class=\"swiper-slide-inner\"><img decoding=\"async\" class=\"swiper-slide-image\" src=\"https:\/\/i0.wp.com\/www.guaranda.gob.ec\/newsiteCMT\/wp-content\/uploads\/2022\/01\/WhatsApp-Image-2023-09-07-at-10.47.34-AM-2.jpeg?fit=1023%2C1280&amp;ssl=1\" alt=\"WhatsApp Image 2023-09-07 at 10.47.34 AM (2)\" \/><\/figure><\/div><div class=\"swiper-slide\" role=\"group\" aria-roledescription=\"slide\" aria-label=\"22 de 43\"><figure class=\"swiper-slide-inner\"><img decoding=\"async\" class=\"swiper-slide-image\" src=\"https:\/\/i0.wp.com\/www.guaranda.gob.ec\/newsiteCMT\/wp-content\/uploads\/2022\/01\/WhatsApp-Image-2023-09-07-at-10.47.34-AM-3.jpeg?fit=1200%2C1200&amp;ssl=1\" alt=\"WhatsApp Image 2023-09-07 at 10.47.34 AM (3)\" \/><\/figure><\/div><div class=\"swiper-slide\" role=\"group\" aria-roledescription=\"slide\" aria-label=\"23 de 43\"><figure class=\"swiper-slide-inner\"><img decoding=\"async\" class=\"swiper-slide-image\" src=\"https:\/\/i0.wp.com\/www.guaranda.gob.ec\/newsiteCMT\/wp-content\/uploads\/2022\/01\/WhatsApp-Image-2023-09-07-at-10.47.34-AM.jpeg?fit=1024%2C1280&amp;ssl=1\" alt=\"WhatsApp Image 2023-09-07 at 10.47.34 AM\" \/><\/figure><\/div><div class=\"swiper-slide\" role=\"group\" aria-roledescription=\"slide\" aria-label=\"24 de 43\"><figure class=\"swiper-slide-inner\"><img decoding=\"async\" class=\"swiper-slide-image\" src=\"https:\/\/i0.wp.com\/www.guaranda.gob.ec\/newsiteCMT\/wp-content\/uploads\/2022\/01\/WhatsApp-Image-2023-09-07-at-10.47.35-AM-1.jpeg?fit=1023%2C1280&amp;ssl=1\" alt=\"WhatsApp Image 2023-09-07 at 10.47.35 AM (1)\" \/><\/figure><\/div><div class=\"swiper-slide\" role=\"group\" aria-roledescription=\"slide\" aria-label=\"25 de 43\"><figure class=\"swiper-slide-inner\"><img decoding=\"async\" class=\"swiper-slide-image\" src=\"https:\/\/i0.wp.com\/www.guaranda.gob.ec\/newsiteCMT\/wp-content\/uploads\/2022\/01\/WhatsApp-Image-2023-09-07-at-10.47.35-AM-2.jpeg?fit=1024%2C1280&amp;ssl=1\" alt=\"WhatsApp Image 2023-09-07 at 10.47.35 AM (2)\" \/><\/figure><\/div><div class=\"swiper-slide\" role=\"group\" aria-roledescription=\"slide\" aria-label=\"26 de 43\"><figure class=\"swiper-slide-inner\"><img decoding=\"async\" class=\"swiper-slide-image\" src=\"https:\/\/i0.wp.com\/www.guaranda.gob.ec\/newsiteCMT\/wp-content\/uploads\/2022\/01\/WhatsApp-Image-2023-09-07-at-10.47.35-AM-3.jpeg?fit=1200%2C1200&amp;ssl=1\" alt=\"WhatsApp Image 2023-09-07 at 10.47.35 AM (3)\" \/><\/figure><\/div><div class=\"swiper-slide\" role=\"group\" aria-roledescription=\"slide\" aria-label=\"27 de 43\"><figure class=\"swiper-slide-inner\"><img decoding=\"async\" class=\"swiper-slide-image\" src=\"https:\/\/i0.wp.com\/www.guaranda.gob.ec\/newsiteCMT\/wp-content\/uploads\/2022\/01\/WhatsApp-Image-2023-09-07-at-10.47.35-AM.jpeg?fit=1024%2C1280&amp;ssl=1\" alt=\"WhatsApp Image 2023-09-07 at 10.47.35 AM\" \/><\/figure><\/div><div class=\"swiper-slide\" role=\"group\" aria-roledescription=\"slide\" aria-label=\"28 de 43\"><figure class=\"swiper-slide-inner\"><img decoding=\"async\" class=\"swiper-slide-image\" src=\"https:\/\/i0.wp.com\/www.guaranda.gob.ec\/newsiteCMT\/wp-content\/uploads\/2022\/01\/WhatsApp-Image-2023-09-07-at-10.47.36-AM-1.jpeg?fit=768%2C960&amp;ssl=1\" alt=\"WhatsApp Image 2023-09-07 at 10.47.36 AM (1)\" \/><\/figure><\/div><div class=\"swiper-slide\" role=\"group\" aria-roledescription=\"slide\" aria-label=\"29 de 43\"><figure class=\"swiper-slide-inner\"><img decoding=\"async\" class=\"swiper-slide-image\" src=\"https:\/\/i0.wp.com\/www.guaranda.gob.ec\/newsiteCMT\/wp-content\/uploads\/2022\/01\/WhatsApp-Image-2023-09-07-at-10.47.36-AM-2.jpeg?fit=1023%2C1280&amp;ssl=1\" alt=\"WhatsApp Image 2023-09-07 at 10.47.36 AM (2)\" \/><\/figure><\/div><div class=\"swiper-slide\" role=\"group\" aria-roledescription=\"slide\" aria-label=\"30 de 43\"><figure class=\"swiper-slide-inner\"><img decoding=\"async\" class=\"swiper-slide-image\" src=\"https:\/\/i0.wp.com\/www.guaranda.gob.ec\/newsiteCMT\/wp-content\/uploads\/2022\/01\/WhatsApp-Image-2023-09-07-at-10.47.36-AM-3.jpeg?fit=768%2C960&amp;ssl=1\" alt=\"WhatsApp Image 2023-09-07 at 10.47.36 AM (3)\" \/><\/figure><\/div><div class=\"swiper-slide\" role=\"group\" aria-roledescription=\"slide\" aria-label=\"31 de 43\"><figure class=\"swiper-slide-inner\"><img decoding=\"async\" class=\"swiper-slide-image\" src=\"https:\/\/i0.wp.com\/www.guaranda.gob.ec\/newsiteCMT\/wp-content\/uploads\/2022\/01\/WhatsApp-Image-2023-09-07-at-10.47.36-AM.jpeg?fit=1023%2C1280&amp;ssl=1\" alt=\"WhatsApp Image 2023-09-07 at 10.47.36 AM\" \/><\/figure><\/div><div class=\"swiper-slide\" role=\"group\" aria-roledescription=\"slide\" aria-label=\"32 de 43\"><figure class=\"swiper-slide-inner\"><img decoding=\"async\" class=\"swiper-slide-image\" src=\"https:\/\/i0.wp.com\/www.guaranda.gob.ec\/newsiteCMT\/wp-content\/uploads\/2022\/01\/WhatsApp-Image-2023-09-07-at-10.47.37-AM-1.jpeg?fit=1200%2C1200&amp;ssl=1\" alt=\"WhatsApp Image 2023-09-07 at 10.47.37 AM (1)\" \/><\/figure><\/div><div class=\"swiper-slide\" role=\"group\" aria-roledescription=\"slide\" aria-label=\"33 de 43\"><figure class=\"swiper-slide-inner\"><img decoding=\"async\" class=\"swiper-slide-image\" src=\"https:\/\/i0.wp.com\/www.guaranda.gob.ec\/newsiteCMT\/wp-content\/uploads\/2022\/01\/WhatsApp-Image-2023-09-07-at-10.47.37-AM-2.jpeg?fit=768%2C960&amp;ssl=1\" alt=\"WhatsApp Image 2023-09-07 at 10.47.37 AM (2)\" \/><\/figure><\/div><div class=\"swiper-slide\" role=\"group\" aria-roledescription=\"slide\" aria-label=\"34 de 43\"><figure class=\"swiper-slide-inner\"><img decoding=\"async\" class=\"swiper-slide-image\" src=\"https:\/\/i0.wp.com\/www.guaranda.gob.ec\/newsiteCMT\/wp-content\/uploads\/2022\/01\/WhatsApp-Image-2023-09-07-at-10.47.37-AM-3.jpeg?fit=768%2C960&amp;ssl=1\" alt=\"WhatsApp Image 2023-09-07 at 10.47.37 AM (3)\" \/><\/figure><\/div><div class=\"swiper-slide\" role=\"group\" aria-roledescription=\"slide\" aria-label=\"35 de 43\"><figure class=\"swiper-slide-inner\"><img decoding=\"async\" class=\"swiper-slide-image\" src=\"https:\/\/i0.wp.com\/www.guaranda.gob.ec\/newsiteCMT\/wp-content\/uploads\/2022\/01\/WhatsApp-Image-2023-09-07-at-10.47.37-AM.jpeg?fit=960%2C960&amp;ssl=1\" alt=\"WhatsApp Image 2023-09-07 at 10.47.37 AM\" \/><\/figure><\/div><div class=\"swiper-slide\" role=\"group\" aria-roledescription=\"slide\" aria-label=\"36 de 43\"><figure class=\"swiper-slide-inner\"><img decoding=\"async\" class=\"swiper-slide-image\" src=\"https:\/\/i0.wp.com\/www.guaranda.gob.ec\/newsiteCMT\/wp-content\/uploads\/2022\/01\/WhatsApp-Image-2023-09-07-at-10.47.38-AM.jpeg?fit=480%2C480&amp;ssl=1\" alt=\"WhatsApp Image 2023-09-07 at 10.47.38 AM\" \/><\/figure><\/div><div class=\"swiper-slide\" role=\"group\" aria-roledescription=\"slide\" aria-label=\"37 de 43\"><figure class=\"swiper-slide-inner\"><img decoding=\"async\" class=\"swiper-slide-image\" src=\"https:\/\/i0.wp.com\/www.guaranda.gob.ec\/newsiteCMT\/wp-content\/uploads\/2022\/01\/WhatsApp-Image-2023-09-07-at-10.49.18-AM.jpeg?fit=1023%2C1280&amp;ssl=1\" alt=\"WhatsApp Image 2023-09-07 at 10.49.18 AM\" \/><\/figure><\/div><div class=\"swiper-slide\" role=\"group\" aria-roledescription=\"slide\" aria-label=\"38 de 43\"><figure class=\"swiper-slide-inner\"><img decoding=\"async\" class=\"swiper-slide-image\" src=\"https:\/\/i0.wp.com\/www.guaranda.gob.ec\/newsiteCMT\/wp-content\/uploads\/2022\/01\/WhatsApp-Image-2023-09-07-at-10.49.19-AM-1.jpeg?fit=1023%2C1280&amp;ssl=1\" alt=\"WhatsApp Image 2023-09-07 at 10.49.19 AM (1)\" \/><\/figure><\/div><div class=\"swiper-slide\" role=\"group\" aria-roledescription=\"slide\" aria-label=\"39 de 43\"><figure class=\"swiper-slide-inner\"><img decoding=\"async\" class=\"swiper-slide-image\" src=\"https:\/\/i0.wp.com\/www.guaranda.gob.ec\/newsiteCMT\/wp-content\/uploads\/2022\/01\/WhatsApp-Image-2023-09-07-at-10.49.19-AM-2.jpeg?fit=768%2C960&amp;ssl=1\" alt=\"WhatsApp Image 2023-09-07 at 10.49.19 AM (2)\" \/><\/figure><\/div><div class=\"swiper-slide\" role=\"group\" aria-roledescription=\"slide\" aria-label=\"40 de 43\"><figure class=\"swiper-slide-inner\"><img decoding=\"async\" class=\"swiper-slide-image\" src=\"https:\/\/i0.wp.com\/www.guaranda.gob.ec\/newsiteCMT\/wp-content\/uploads\/2022\/01\/WhatsApp-Image-2023-09-07-at-10.49.19-AM.jpeg?fit=1023%2C1280&amp;ssl=1\" alt=\"WhatsApp Image 2023-09-07 at 10.49.19 AM\" \/><\/figure><\/div><div class=\"swiper-slide\" role=\"group\" aria-roledescription=\"slide\" aria-label=\"41 de 43\"><figure class=\"swiper-slide-inner\"><img decoding=\"async\" class=\"swiper-slide-image\" src=\"https:\/\/i0.wp.com\/www.guaranda.gob.ec\/newsiteCMT\/wp-content\/uploads\/2022\/01\/WhatsApp-Image-2023-09-07-at-10.49.20-AM-1.jpeg?fit=1023%2C1280&amp;ssl=1\" alt=\"WhatsApp Image 2023-09-07 at 10.49.20 AM (1)\" \/><\/figure><\/div><div class=\"swiper-slide\" role=\"group\" aria-roledescription=\"slide\" aria-label=\"42 de 43\"><figure class=\"swiper-slide-inner\"><img decoding=\"async\" class=\"swiper-slide-image\" src=\"https:\/\/i0.wp.com\/www.guaranda.gob.ec\/newsiteCMT\/wp-content\/uploads\/2022\/01\/WhatsApp-Image-2023-09-07-at-10.49.20-AM-2.jpeg?fit=768%2C960&amp;ssl=1\" alt=\"WhatsApp Image 2023-09-07 at 10.49.20 AM (2)\" \/><\/figure><\/div><div class=\"swiper-slide\" role=\"group\" aria-roledescription=\"slide\" aria-label=\"43 de 43\"><figure class=\"swiper-slide-inner\"><img decoding=\"async\" class=\"swiper-slide-image\" src=\"https:\/\/i0.wp.com\/www.guaranda.gob.ec\/newsiteCMT\/wp-content\/uploads\/2022\/01\/WhatsApp-Image-2023-09-07-at-10.49.20-AM.jpeg?fit=1023%2C1280&amp;ssl=1\" alt=\"WhatsApp Image 2023-09-07 at 10.49.20 AM\" \/><\/figure><\/div>\t\t\t<\/div>\n\t\t\t\t\t\t\t\t\t\t\t\t<div class=\"elementor-swiper-button elementor-swiper-button-prev\" role=\"button\" tabindex=\"0\">\n\t\t\t\t\t\t<i aria-hidden=\"true\" class=\"eicon-chevron-left\"><\/i>\t\t\t\t\t<\/div>\n\t\t\t\t\t<div class=\"elementor-swiper-button elementor-swiper-button-next\" role=\"button\" tabindex=\"0\">\n\t\t\t\t\t\t<i aria-hidden=\"true\" class=\"eicon-chevron-right\"><\/i>\t\t\t\t\t<\/div>\n\t\t\t\t\n\t\t\t\t\t\t\t\t\t<\/div>\n\t\t\t\t\t\t<\/div>\n\t\t\t\t<\/div>\n\t\t\t\t\t<\/div>\n\t\t<\/div>\n\t\t\t\t\t<\/div>\n\t\t<\/section>\n\t\t\t\t<\/div>\n\t\t","protected":false},"excerpt":{"rendered":"<p>Nuestra administraci\u00f3n bajo los principios de ser incluyentes, abiertos, participativos y creativos, entregamos una marca para todos los guarande\u00f1os.\u00a0 La Ciudad de Guaranda tiene hoy, la oportunidad de avanzar diferencialmente respecto a otras ciudades del mundo teniendo su propia marca. Una marca construida desde una perspectiva incluyente, abierta y participativa.\u00a0 La marca Guaranda, tiene su [&hellip;]<\/p>\n","protected":false},"author":7,"featured_media":0,"parent":0,"menu_order":0,"comment_status":"closed","ping_status":"closed","template":"","meta":{"give_campaign_id":0,"footnotes":""},"class_list":["post-6938","page","type-page","status-publish","hentry"],"campaignId":"","jetpack_shortlink":"https:\/\/wp.me\/P7CGGh-1NU","jetpack_sharing_enabled":true,"_links":{"self":[{"href":"https:\/\/www.guaranda.gob.ec\/newsiteCMT\/wp-json\/wp\/v2\/pages\/6938","targetHints":{"allow":["GET"]}}],"collection":[{"href":"https:\/\/www.guaranda.gob.ec\/newsiteCMT\/wp-json\/wp\/v2\/pages"}],"about":[{"href":"https:\/\/www.guaranda.gob.ec\/newsiteCMT\/wp-json\/wp\/v2\/types\/page"}],"author":[{"embeddable":true,"href":"https:\/\/www.guaranda.gob.ec\/newsiteCMT\/wp-json\/wp\/v2\/users\/7"}],"replies":[{"embeddable":true,"href":"https:\/\/www.guaranda.gob.ec\/newsiteCMT\/wp-json\/wp\/v2\/comments?post=6938"}],"version-history":[{"count":3,"href":"https:\/\/www.guaranda.gob.ec\/newsiteCMT\/wp-json\/wp\/v2\/pages\/6938\/revisions"}],"predecessor-version":[{"id":6985,"href":"https:\/\/www.guaranda.gob.ec\/newsiteCMT\/wp-json\/wp\/v2\/pages\/6938\/revisions\/6985"}],"wp:attachment":[{"href":"https:\/\/www.guaranda.gob.ec\/newsiteCMT\/wp-json\/wp\/v2\/media?parent=6938"}],"curies":[{"name":"wp","href":"https:\/\/api.w.org\/{rel}","templated":true}]}}