{"id":5875,"date":"2022-06-07T14:02:45","date_gmt":"2022-06-07T19:02:45","guid":{"rendered":"http:\/\/www.guaranda.gob.ec\/newsiteCMT\/?page_id=5875"},"modified":"2022-06-07T14:23:56","modified_gmt":"2022-06-07T19:23:56","slug":"contratacion-de-la-consultoria-para-la-elaboracion-del-estudio-de-necesidades-y-tarifas-del-transporte-terrestre-para-guaranda","status":"publish","type":"page","link":"https:\/\/www.guaranda.gob.ec\/newsiteCMT\/contratacion-de-la-consultoria-para-la-elaboracion-del-estudio-de-necesidades-y-tarifas-del-transporte-terrestre-para-guaranda\/","title":{"rendered":"Contratacio\u0301n de la Consultori\u0301a para la Elaboracio\u0301n del Estudio de Necesidades y Tarifas del Transporte Terrestre para Guaranda"},"content":{"rendered":"<p>Recepci\u00f3n de ofertas y proformas para elaborar el Estudio de Mercado (previa publicaci\u00f3n en el Portal de Compras P\u00fablicas) de la Contrataci\u00f3n de la Consultor\u00eda para la Elaboraci\u00f3n del Estudio de Necesidades y Tarifas del Transporte Terrestre para el Cant\u00f3n Guaranda.<\/p>\n<p>Se receptar\u00e1n las ofertas y proformas durante 5 d\u00edas laborables, a partir del mi\u00e9rcoles 08 de junio, por medio del correo:\u00a0<a href=\"mailto:secretaria.umtttsv@guaranda.gob.ec\">secretaria.umtttsv@guaranda.gob.ec<\/a><\/p>\n<p>T\u00e9rminos de Referencia: https:\/\/bit.ly\/3aPPtFX<\/p>\n<p>&nbsp;<\/p>\n<p>[wpfilebase tag=browser id=737 \/]<\/p>\n","protected":false},"excerpt":{"rendered":"<p>Recepci\u00f3n de ofertas y proformas para elaborar el Estudio de Mercado (previa publicaci\u00f3n en el Portal de Compras P\u00fablicas) de la Contrataci\u00f3n de la Consultor\u00eda para la Elaboraci\u00f3n del Estudio de Necesidades y Tarifas del Transporte Terrestre para el Cant\u00f3n Guaranda. Se receptar\u00e1n las ofertas y proformas durante 5 d\u00edas laborables, a partir del mi\u00e9rcoles [&hellip;]<\/p>\n","protected":false},"author":7,"featured_media":5876,"parent":0,"menu_order":0,"comment_status":"closed","ping_status":"closed","template":"","meta":{"give_campaign_id":0,"footnotes":""},"class_list":["post-5875","page","type-page","status-publish","has-post-thumbnail","hentry"],"campaignId":"","jetpack_shortlink":"https:\/\/wp.me\/P7CGGh-1wL","jetpack_sharing_enabled":true,"_links":{"self":[{"href":"https:\/\/www.guaranda.gob.ec\/newsiteCMT\/wp-json\/wp\/v2\/pages\/5875","targetHints":{"allow":["GET"]}}],"collection":[{"href":"https:\/\/www.guaranda.gob.ec\/newsiteCMT\/wp-json\/wp\/v2\/pages"}],"about":[{"href":"https:\/\/www.guaranda.gob.ec\/newsiteCMT\/wp-json\/wp\/v2\/types\/page"}],"author":[{"embeddable":true,"href":"https:\/\/www.guaranda.gob.ec\/newsiteCMT\/wp-json\/wp\/v2\/users\/7"}],"replies":[{"embeddable":true,"href":"https:\/\/www.guaranda.gob.ec\/newsiteCMT\/wp-json\/wp\/v2\/comments?post=5875"}],"version-history":[{"count":3,"href":"https:\/\/www.guaranda.gob.ec\/newsiteCMT\/wp-json\/wp\/v2\/pages\/5875\/revisions"}],"predecessor-version":[{"id":5890,"href":"https:\/\/www.guaranda.gob.ec\/newsiteCMT\/wp-json\/wp\/v2\/pages\/5875\/revisions\/5890"}],"wp:featuredmedia":[{"embeddable":true,"href":"https:\/\/www.guaranda.gob.ec\/newsiteCMT\/wp-json\/wp\/v2\/media\/5876"}],"wp:attachment":[{"href":"https:\/\/www.guaranda.gob.ec\/newsiteCMT\/wp-json\/wp\/v2\/media?parent=5875"}],"curies":[{"name":"wp","href":"https:\/\/api.w.org\/{rel}","templated":true}]}}