{"id":5536,"date":"2022-03-09T16:44:03","date_gmt":"2022-03-09T21:44:03","guid":{"rendered":"http:\/\/www.guaranda.gob.ec\/newsiteCMT\/?page_id=5536"},"modified":"2025-08-07T09:43:15","modified_gmt":"2025-08-07T14:43:15","slug":"mejoramiento-y-ampliacion-del-sistema-de-agua-potable-regional-las-mercedes-parroquia-san-luis-de-pambil","status":"publish","type":"page","link":"https:\/\/www.guaranda.gob.ec\/newsiteCMT\/mejoramiento-y-ampliacion-del-sistema-de-agua-potable-regional-las-mercedes-parroquia-san-luis-de-pambil\/","title":{"rendered":"MEJORAMIENTO Y AMPLIACI\u00d3N DEL SISTEMA DE AGUA POTABLE REGIONAL LAS MERCEDES PARROQUIA SAN LUIS DE PAMBIL, CANT\u00d3N GUARANDA, PROVINCIA BOL\u00cdVAR"},"content":{"rendered":"<p><strong>CONVOCATORIA <\/strong><strong>LICITACI\u00d3N P\u00daBLICA INTERNACIONAL <\/strong><\/p>\n<p><strong>Nro. LPI-002-GADCG-2022<\/strong><\/p>\n<p><strong>OBJETO: <\/strong>\u201cMEJORAMIENTO Y AMPLIACI\u00d3N DEL SISTEMA DE AGUA POTABLE REGIONAL LAS MERCEDES PARROQUIA SAN LUIS DE PAMBIL CANT\u00d3N GUARANDA, PROVINCIA BOL\u00cdVAR\u201d<\/p>\n<p><strong>\u00a0<\/strong><strong>CONVOCATORIA<\/strong><\/p>\n<p>Se convoca a las personas naturales o jur\u00eddicas, nacionales o extranjeras, asociaciones de \u00e9stas o\u00a0 consorcios o compromisos de asociaci\u00f3n, que se encuentren habilitadas en el Registro \u00danico de Proveedores \u2013RUP- legalmente capaces para contratar, a que presenten sus ofertas para el MEJORAMIENTO Y AMPLIACI\u00d3N DEL SISTEMA DE AGUA POTABLE REGIONAL LAS MERCEDES PARROQUIA SAN LUIS DE PAMBIL CANT\u00d3N GUARANDA PROVINCIA BOL\u00cdVAR.<\/p>\n<p>Conforme lo disponen el art\u00edculo 6 y la Secci\u00f3n XIII de la Ley de Compa\u00f1\u00edas: Si el oferente fuere extranjero, previamente a la firma del contrato, el oferente se compromete a domiciliarse en el pa\u00eds; y, a obtener el RUP.<\/p>\n<p>El presupuesto referencial es de USD. 2.105.293,33 (Dos millones ciento cinco mil doscientos noventa y tres con 33\/100 centavos) d\u00f3lares de Estados Unidos de Am\u00e9rica, sin incluir el IVA, y el plazo estimado para la ejecuci\u00f3n del contrato es de (180 d\u00edas), contado a partir de la fecha de\u00a0 notificaci\u00f3n de que el anticipo se encuentra disponible.<\/p>\n<p>Las condiciones de esta convocatoria son las siguientes:<\/p>\n<ol>\n<li>El pliego, resoluci\u00f3n de Inicio, convocatoria, especificaciones t\u00e9cnicas, Plan de manejo Ambiental y dem\u00e1s documentos relevantes del procedimiento precontractual est\u00e1n disponibles sin ning\u00fan costo en la P\u00e1gina Web del GAD GUARANDA <a href=\"http:\/\/www.guaranda.gob.ec\">www.guaranda.gob.ec<\/a>, en el siguiente link: <a href=\"https:\/\/www.guaranda.gob.ec\/newsiteCMT\/mejoramiento-y-ampliacion-del-sistema-de-agua-potable-regional-las-mercedes-parroquia-san-luis-de-pambil\/\">https:\/\/www.guaranda.gob.ec\/newsiteCMT\/mejoramiento-y-ampliacion-del-sistema-de-agua-potable-regional-las-mercedes-parroquia-san-luis-de-pambil\/<\/a>.<\/li>\n<\/ol>\n<p>A si mismo se publicar\u00e1 la convocatoria en (2) dos medios escritos de circulaci\u00f3n nacional.<\/p>\n<p>\u00danicamente el oferente que resulte adjudicado, una vez recibida la notificaci\u00f3n de la adjudicaci\u00f3n, pagar\u00e1 a la entidad Contratante el valor de USD. 5.000,00 (Cinco Mil d\u00f3lares de Estados Unidos de Am\u00e9rica), con el cual se cubrir\u00e1 exclusivamente los costos de levantamiento de textos, reproducci\u00f3n y edici\u00f3n de los Pliegos, de ser el caso, de conformidad con lo previsto en el inciso 4 del art\u00edculo 31 de la Ley Org\u00e1nica del Sistema Nacional de Contrataci\u00f3n P\u00fablica.<\/p>\n<ol start=\"2\">\n<li>Los interesados podr\u00e1n formular preguntas al correo <a href=\"mailto:ap.lasmercedes@guaranda.gob.ec\">ap.lasmercedes@guaranda.gob.ec<\/a> para lo cual deber\u00e1n observar los t\u00e9rminos establecidos en este procedimiento de contrataci\u00f3n. La Comisi\u00f3n T\u00e9cnica designada para el caso absolver\u00e1 obligatoriamente todas las preguntas y realizar\u00e1 las aclaraciones necesarias, en un t\u00e9rmino de 6 d\u00edas subsiguientes a la conclusi\u00f3n del per\u00edodo establecido para formular preguntas y aclaraciones.<\/li>\n<\/ol>\n<p>Si hubiere ampliaci\u00f3n del t\u00e9rmino para presentar la oferta, en forma justificada y razonada, se publicar\u00e1 en la P\u00e1gina Web del GAD GUARANDA <a href=\"http:\/\/www.guaranda.gob.ec\">www.guaranda.gob.ec<\/a> en el siguiente link: <a href=\"https:\/\/www.guaranda.gob.ec\/newsiteCMT\/mejoramiento-y-ampliacion-del-sistema-de-agua-potable-regional-las-mercedes-parroquia-san-luis-de-pambil\/\">https:\/\/www.guaranda.gob.ec\/newsiteCMT\/mejoramiento-y-ampliacion-del-sistema-de-agua-potable-regional-las-mercedes-parroquia-san-luis-de-pambil\/<\/a>.<\/p>\n<p>Direcci\u00f3n de la entidad Contratante para fines de preguntas, respuestas y aclaraciones:<\/p>\n<ul>\n<li>Atenci\u00f3n: Comisi\u00f3n T\u00e9cnica del GADCG<\/li>\n<li>Direcci\u00f3n: Direcci\u00f3n de Obras P\u00fablicas del GADCG, ubicada en las calles SUCRE S\/N y AZUAY, Referencia: Primer piso del edificio de la calle Sucre y Azuay esquina<\/li>\n<li>Ciudad: Guaranda<\/li>\n<li>Pa\u00eds: Ecuador<\/li>\n<li>Tel\u00e9fono: (032) 551083 \u2013 551088 \u2013 551089 \u2013 2551087 Ext. 3032 &#8211; 3042<\/li>\n<li>Corre\u00f3 electr\u00f3nico: <a href=\"mailto:ap.lasmercedes@guaranda.gob.ec\">lasmercedes@guaranda.gob.ec<\/a><\/li>\n<\/ul>\n<ol start=\"3\">\n<li>La oferta se presentar\u00e1 de forma f\u00edsica en la secretar\u00eda de la Comisi\u00f3n T\u00e9cnica, ubicada en las calle Sucre S\/N y Azuay, Referencia: En la Direcci\u00f3n de Obras P\u00fablicas primer piso del edificio de la calle Sucre y Azuay esquina; adem\u00e1s deber\u00e1n adjuntar la oferta de manera digital (USB, CD); hasta la fecha en que se cierre el plazo para la presentaci\u00f3n de la oferta.<\/li>\n<li>El acto de apertura de ofertas ser\u00e1 p\u00fablico en d\u00eda y hora establecidos en el cronograma del procedimiento y se efectuar\u00e1 en el Sal\u00f3n de la Cuidad del GOBIERNO AUT\u00d3NOMO DESCENTRALIZADO DEL CANT\u00d3N GUARANDA, ubicado en la calle Convenci\u00f3n de 1884 y Garc\u00eda Moreno N.\u00ba 1018, en dicho acto se leer\u00e1 en voz alta el nombre del oferente, si es consorcio los consorciados que lo integran, el objeto, el valor de la oferta econ\u00f3mica propuesta en n\u00famero y en letras, plazo de ejecuci\u00f3n propuesto y el n\u00famero de tomos y hojas.<\/li>\n<li>La oferta debe presentarse por la totalidad de la contrataci\u00f3n.<\/li>\n<li>Este procedimiento si contempla reajuste de precios.<\/li>\n<li>La evaluaci\u00f3n de las ofertas se realizar\u00e1 aplicando los par\u00e1metros de calificaci\u00f3n previstos en el presente pliego, conforme lo dispone el art\u00edculo 54 del Reglamento General de la Ley Org\u00e1nica del Sistema Nacional de Contrataci\u00f3n P\u00fablica.<\/li>\n<li>La fecha estimada de adjudicaci\u00f3n se encuentra publicada en la P\u00e1gina Web del GAD GUARANDA <a href=\"http:\/\/www.guaranda.gob.ec\">www.guaranda.gob.ec<\/a>, en el siguiente link: <a href=\"https:\/\/www.guaranda.gob.ec\/newsiteCMT\/mejoramiento-y-ampliacion-del-sistema-de-agua-potable-regional-las-mercedes-parroquia-san-luis-de-pambil\/\">https:\/\/www.guaranda.gob.ec\/newsiteCMT\/mejoramiento-y-ampliacion-del-sistema-de-agua-potable-regional-las-mercedes-parroquia-san-luis-de-pambil\/<\/a> y en el cronograma del presente pliego.<\/li>\n<li>Los pagos del contrato se realizar\u00e1n con cargo a los fondos provenientes del contrato de financiamiento de Cr\u00e9dito y Servicios Bancarios No. 65628 con cargo a las partidas presupuestarias N\u00ba 3.361.750103.006.02.01.0.302 denominada \u201cMEJORAMIENTO Y AMPLIACI\u00d3N DEL SISTEMA DE AGUA POTABLE REGIONAL LAS MERCEDES PARROQUIA SAN LUIS DE PAMBIL CANT\u00d3N GUARANDA PROVINCIA BOL\u00cdVAR\u201d.<\/li>\n<\/ol>\n<p>La partida presupuestaria est\u00e1 certificada por la totalidad de la contrataci\u00f3n incluy\u00e9ndose el IVA.<\/p>\n<p>Los pagos se realizar\u00e1n contra presentaci\u00f3n de planillas por avance de obra, de conformidad con lo indicado en el proyecto de contrato.<\/p>\n<p>Anticipo: El GAD de Guaranda entregar\u00e1 al contratista, el 40% del monto del contrato en calidad de anticipo, previo a la entrega de las garant\u00edas correspondientes, Este valor ser\u00e1 amortizado de conformidad con el art\u00edculo 75 de la LOSNCP.<\/p>\n<p>El valor restante (60%) El valor restante (60%) mediante pago contra presentaci\u00f3n de planillas mensuales, debidamente aprobadas por la fiscalizaci\u00f3n y autorizadas por el administrador del contrato asignado por el\u00a0\u00a0 Gobierno Aut\u00f3nomo Descentralizado del Cant\u00f3n de Guaranda, a trav\u00e9s de la Direcci\u00f3n de Obras P\u00fablicas y el Banco de Desarrollo del Ecuador B.P., con fondos provenientes de la CAF Banco de Desarrollo de Am\u00e9rica Latina, de acuerdo a los lineamientos de contrataci\u00f3n de CAF.<\/p>\n<p>De cada planilla se descontar\u00e1 la amortizaci\u00f3n del anticipo y cualquier otro cargo al contratista, que sea en legal aplicaci\u00f3n del contrato.<\/p>\n<ol start=\"10\">\n<li>El procedimiento se ce\u00f1ir\u00e1 a los lineamientos de contrataci\u00f3n de CAF y a lo dispuesto en el art\u00edculo 3 de la Ley Org\u00e1nica del Sistema Nacional de Contrataci\u00f3n P\u00fablica que, establece: \u201cContratos Financiados con Pr\u00e9stamos y Cooperaci\u00f3n Internacional.- En las contrataciones que se financien, previo convenio, con fondos provenientes de organismos multilaterales de cr\u00e9dito de los cuales el Ecuador sea miembro, o, en las contrataciones que se financien con fondos reembolsables o no reembolsables provenientes de financiamiento de gobierno a gobierno; u organismos internacionales de cooperaci\u00f3n, se observar\u00e1 lo acordado en los respectivos convenios. Lo no previsto en dichos convenios se regir\u00e1 por las disposiciones de esta Ley.<\/li>\n<li>El GOBIERNO AUT\u00d3NOMO DESCENTRALIZADO DEL CANT\u00d3N GUARANDA se reserva el derecho de cancelar o declarar desierto el procedimiento de contrataci\u00f3n, sin que dicho acto de lugar a ning\u00fan tipo de reparaci\u00f3n o indemnizaci\u00f3n a los proponentes.<\/li>\n<\/ol>\n<p>[wpfilebase tag=browser id=687 \/]<\/p>\n","protected":false},"excerpt":{"rendered":"<p>CONVOCATORIA LICITACI\u00d3N P\u00daBLICA INTERNACIONAL Nro. LPI-002-GADCG-2022 OBJETO: \u201cMEJORAMIENTO Y AMPLIACI\u00d3N DEL SISTEMA DE AGUA POTABLE REGIONAL LAS MERCEDES PARROQUIA SAN LUIS DE PAMBIL CANT\u00d3N GUARANDA, PROVINCIA BOL\u00cdVAR\u201d \u00a0CONVOCATORIA Se convoca a las personas naturales o jur\u00eddicas, nacionales o extranjeras, asociaciones de \u00e9stas o\u00a0 consorcios o compromisos de asociaci\u00f3n, que se encuentren habilitadas en el Registro [&hellip;]<\/p>\n","protected":false},"author":7,"featured_media":0,"parent":0,"menu_order":0,"comment_status":"closed","ping_status":"closed","template":"","meta":{"give_campaign_id":0,"footnotes":""},"class_list":["post-5536","page","type-page","status-publish","hentry"],"campaignId":"","jetpack_shortlink":"https:\/\/wp.me\/P7CGGh-1ri","jetpack_sharing_enabled":true,"_links":{"self":[{"href":"https:\/\/www.guaranda.gob.ec\/newsiteCMT\/wp-json\/wp\/v2\/pages\/5536","targetHints":{"allow":["GET"]}}],"collection":[{"href":"https:\/\/www.guaranda.gob.ec\/newsiteCMT\/wp-json\/wp\/v2\/pages"}],"about":[{"href":"https:\/\/www.guaranda.gob.ec\/newsiteCMT\/wp-json\/wp\/v2\/types\/page"}],"author":[{"embeddable":true,"href":"https:\/\/www.guaranda.gob.ec\/newsiteCMT\/wp-json\/wp\/v2\/users\/7"}],"replies":[{"embeddable":true,"href":"https:\/\/www.guaranda.gob.ec\/newsiteCMT\/wp-json\/wp\/v2\/comments?post=5536"}],"version-history":[{"count":4,"href":"https:\/\/www.guaranda.gob.ec\/newsiteCMT\/wp-json\/wp\/v2\/pages\/5536\/revisions"}],"predecessor-version":[{"id":5797,"href":"https:\/\/www.guaranda.gob.ec\/newsiteCMT\/wp-json\/wp\/v2\/pages\/5536\/revisions\/5797"}],"wp:attachment":[{"href":"https:\/\/www.guaranda.gob.ec\/newsiteCMT\/wp-json\/wp\/v2\/media?parent=5536"}],"curies":[{"name":"wp","href":"https:\/\/api.w.org\/{rel}","templated":true}]}}