{"id":5437,"date":"2022-01-02T18:37:20","date_gmt":"2022-01-02T23:37:20","guid":{"rendered":"http:\/\/www.guaranda.gob.ec\/newsiteCMT\/?page_id=5437"},"modified":"2024-01-16T11:47:01","modified_gmt":"2024-01-16T16:47:01","slug":"impuesto-predial-2022","status":"publish","type":"page","link":"https:\/\/www.guaranda.gob.ec\/newsiteCMT\/impuesto-predial-2022\/","title":{"rendered":"Impuesto Predial 2024"},"content":{"rendered":"<p>A partir del lunes 03 de enero, en cumplimiento de las obligaciones ciudadanas, la Alcald\u00eda de Guaranda inici\u00f3 la recaudaci\u00f3n del Impuesto Predial para el a\u00f1o 2024, para lo cual la Tesorer\u00eda Municipal habilit\u00f3 m\u00e1s de 37 puntos de pago en distintos sectores del Cant\u00f3n gracias a un trabajo coordinado con la Red de Servicios \u201cFacilito\u201d, ofreciendo a la ciudadan\u00eda opciones para cancelar sus obligaciones municipales en sitios cercanos a su domicilio.<\/p>\n<p>En el Palacio Municipal se habilit\u00f3 las ventanillas cobro de 07h00 a 18h00 durante todo el mes de enero; mientras que en el Registro de la Propiedad y Unidad Municipal de Tr\u00e1nsito, los puntos de recaudaci\u00f3n est\u00e1n abiertos de 08h00 a 17h00.<\/p>\n<p>A trav\u00e9s de la p\u00e1gina web institucional \u201cwww.guaranda.gob.ec\u201d, la ciudadan\u00eda puede consultar los puntos de pago y valor a cancelar.<\/p>\n<p>Todas estas opciones generan accesibilidad y facilidad para que los guarande\u00f1os cumplan sus procesos de manera segura, precautelando la salud de la colectividad y evitando las aglomeraciones en Tesorer\u00eda Municipal.<\/p>\n<p>El descuento del total a pagar, aplica a los ciudadanos que realizan la cancelaci\u00f3n de este tributo durante los primeros cinco meses del a\u00f1o. Los porcentajes de descuento son los siguientes:<\/p>\n<p>Del 1 al 15 enero &#8212;&#8212;&#8212;- 10%<\/p>\n<p>Del 16 al 31 enero &#8212;&#8212;&#8212;-9%<\/p>\n<p>Del 1 al 15 febrero &#8212;&#8212;&#8212;8%<\/p>\n<p>Del 16 al 28 febrero &#8212;&#8212;- 7%<\/p>\n<p>Del 1 al 15 de marzo &#8212;&#8212; 6%<\/p>\n<p>Del 16 al 31 marzo&#8212;&#8212;&#8212; 5%<\/p>\n<p>Del 1 al 15 de abril &#8212;&#8212;&#8212; 4%<\/p>\n<p>Del 16 al 30 de abril &#8212;&#8212;- 3%<\/p>\n<p>Del 1 al 15 de mayo &#8212;&#8212;-2 %<\/p>\n<p>Del 16 al 31 de mayo &#8212;&#8211; 1%<\/p>\n<p>\u201cGracias al pago del Impuesto Predial, la Municipalidad ejecuta un correcto ordenamiento territorial y planificaci\u00f3n urbana; adem\u00e1s garantiza la entrega de servicios de limpieza de la ciudad, recolecci\u00f3n de basura, asistencia por parte del Cuerpo de Bomberos, alcantarillado, accesibilidad y vialidad cantonal\u201d, inform\u00f3 Medardo Chimbolema<\/p>\n<p>Adem\u00e1s, se informa que, a partir del 30 de diciembre de 2021 entr\u00f3 en vigencia la REFORMA A LA ORDENANZA GENERAL PARA EL COBRO DE LAS CONTRIBUCIONES ESPECIALES DE MEJORAS POR OBRAS EJECUTADAS EN EL CANT\u00d3N GUARANDA, donde en la parte pertinente menciona el cobro de las contribuciones especiales de mejoras por obras como plazas, parques y jardines, pagados de la siguiente forma:<\/p>\n<ul>\n<li>El cuarenta por ciento (40%) del costo de la obra se distribuir\u00e1 entre todas las propiedades del cant\u00f3n como obras de beneficio global; el prorrateo se har\u00e1 en proporci\u00f3n a los aval\u00faos de cada predio.<\/li>\n<li>El sesenta por ciento (60%) del costo de la obra ser\u00e1 asumido por el Gobierno Aut\u00f3nomo Descentralizado del cant\u00f3n Guaranda.<\/li>\n<\/ul>\n<p>En la misma REFORMA A LA ORDENANZA GENERAL PARA EL COBRO DE LAS CONTRIBUCIONES ESPECIALES DE MEJORAS POR OBRAS EJECUTADAS EN EL CANT\u00d3N GUARANDA se da a conocer que inici\u00f3 el cobro de las contribuciones especiales de mejoras de las obras:<\/p>\n<ul>\n<li>Regeneraci\u00f3n Plaza del Carnaval<\/li>\n<li>Rehabilitaci\u00f3n Integral de la Plaza 15 de Mayo<\/li>\n<li>Rehabilitaci\u00f3n de la Plaza Roja<\/li>\n<\/ul>\n<p>\u00a1Con la colaboraci\u00f3n de todos, trabajamos por el bienestar del cant\u00f3n!<\/p>\n<p>&nbsp;<\/p>\n<p><img data-recalc-dims=\"1\" fetchpriority=\"high\" decoding=\"async\" class=\"aligncenter size-full wp-image-7262\" src=\"https:\/\/i0.wp.com\/www.guaranda.gob.ec\/newsiteCMT\/wp-content\/uploads\/2024\/01\/CLICK-1esese_Mesa-de-trabajo-1-copia-9.jpg?resize=770%2C119&#038;ssl=1\" alt=\"\" width=\"770\" height=\"119\" srcset=\"https:\/\/i0.wp.com\/www.guaranda.gob.ec\/newsiteCMT\/wp-content\/uploads\/2024\/01\/CLICK-1esese_Mesa-de-trabajo-1-copia-9.jpg?w=1200&amp;ssl=1 1200w, https:\/\/i0.wp.com\/www.guaranda.gob.ec\/newsiteCMT\/wp-content\/uploads\/2024\/01\/CLICK-1esese_Mesa-de-trabajo-1-copia-9.jpg?resize=300%2C46&amp;ssl=1 300w, https:\/\/i0.wp.com\/www.guaranda.gob.ec\/newsiteCMT\/wp-content\/uploads\/2024\/01\/CLICK-1esese_Mesa-de-trabajo-1-copia-9.jpg?resize=1024%2C158&amp;ssl=1 1024w, https:\/\/i0.wp.com\/www.guaranda.gob.ec\/newsiteCMT\/wp-content\/uploads\/2024\/01\/CLICK-1esese_Mesa-de-trabajo-1-copia-9.jpg?resize=600%2C93&amp;ssl=1 600w\" sizes=\"(max-width: 770px) 100vw, 770px\" \/><\/p>\n<p>&nbsp;<\/p>\n<p>&nbsp;<\/p>\n<p><strong>REVISA LOS PUNTOS DE LA RED FACILITO EN LOS CUALES PUEDES REALIZAR TU PAGO DEL IMPUESTO PREDIAL<\/strong><\/p>\n\n<table id=\"tablepress-1\" class=\"tablepress tablepress-id-1\">\n<thead>\n<tr class=\"row-1\">\n\t<th class=\"column-1\">Segmento<\/th><th class=\"column-2\">Entidad<\/th><th class=\"column-3\">Canal electronico<\/th><th class=\"column-4\">Canton<\/th><th class=\"column-5\">Direccion<\/th>\n<\/tr>\n<\/thead>\n<tbody class=\"row-striping row-hover\">\n<tr class=\"row-2\">\n\t<td class=\"column-1\">INHOUSE<\/td><td class=\"column-2\">INHOUSE CNT - GUARANDA<\/td><td class=\"column-3\">BOLIVAR<\/td><td class=\"column-4\">GUARANDA<\/td><td class=\"column-5\">BOLIVAR ROCAFUERTE\u00a0 503 SUCRE AGENCIA CNT - VENTANILLA FACILITO<\/td>\n<\/tr>\n<tr class=\"row-3\">\n\t<td class=\"column-1\">CAR<\/td><td class=\"column-2\">CAR VIVERES GAD<\/td><td class=\"column-3\">BOLIVAR<\/td><td class=\"column-4\">GUARANDA<\/td><td class=\"column-5\">ARTURO SALAZAR S\/N S\/N<\/td>\n<\/tr>\n<tr class=\"row-4\">\n\t<td class=\"column-1\">CAR<\/td><td class=\"column-2\">CAR BAZAR Y PAPELERIA DANNA<\/td><td class=\"column-3\">BOLIVAR<\/td><td class=\"column-4\">GUARANDA<\/td><td class=\"column-5\">CAMILO MONTENEGRO\u00a0 VICTOR MANUEL ARREGUI<\/td>\n<\/tr>\n<tr class=\"row-5\">\n\t<td class=\"column-1\">CAR<\/td><td class=\"column-2\">CAR CASA ELISA<\/td><td class=\"column-3\">BOLIVAR<\/td><td class=\"column-4\">GUARANDA<\/td><td class=\"column-5\">MATIAVI EL SALINERITO<\/td>\n<\/tr>\n<tr class=\"row-6\">\n\t<td class=\"column-1\">CAR<\/td><td class=\"column-2\">CAR CYBER-NET EMILYTA<\/td><td class=\"column-3\">BOLIVAR<\/td><td class=\"column-4\">GUARANDA<\/td><td class=\"column-5\">CONVENCION DE 1884 GENERAL SALAZAR<\/td>\n<\/tr>\n<tr class=\"row-7\">\n\t<td class=\"column-1\">CAR<\/td><td class=\"column-2\">CAR MINIMARKET L&amp;L<\/td><td class=\"column-3\">BOLIVAR<\/td><td class=\"column-4\">GUARANDA<\/td><td class=\"column-5\">CALLE AZUAY ENTRE ABDON CADERON VICTOR MANUEL TAPIA<\/td>\n<\/tr>\n<tr class=\"row-8\">\n\t<td class=\"column-1\">CAR<\/td><td class=\"column-2\">CAR SERVIVARIOS<\/td><td class=\"column-3\">BOLIVAR<\/td><td class=\"column-4\">GUARANDA<\/td><td class=\"column-5\">CALLE AMBATO AV ELISA MARINO DE CARVAJAL<\/td>\n<\/tr>\n<tr class=\"row-9\">\n\t<td class=\"column-1\">CAR<\/td><td class=\"column-2\">CAR LA BODEGUITA STORE<\/td><td class=\"column-3\">BOLIVAR<\/td><td class=\"column-4\">GUARANDA<\/td><td class=\"column-5\">AV ERNERTO CHE GUEVARA S\/N Y GABRIEL SECAIRA<\/td>\n<\/tr>\n<tr class=\"row-10\">\n\t<td class=\"column-1\">CAR<\/td><td class=\"column-2\">CAR ABASTOS VIVIANITA<\/td><td class=\"column-3\">BOLIVAR<\/td><td class=\"column-4\">GUARANDA<\/td><td class=\"column-5\">GABRIEL IGNACIO VENTIMILLA PANAMERICANA<\/td>\n<\/tr>\n<tr class=\"row-11\">\n\t<td class=\"column-1\">CAR<\/td><td class=\"column-2\">CAR VANESOL NET<\/td><td class=\"column-3\">BOLIVAR<\/td><td class=\"column-4\">GUARANDA<\/td><td class=\"column-5\">10 DE AGOSTO y 7 DE MAYO FRENTE A BANECUADOR<\/td>\n<\/tr>\n<tr class=\"row-12\">\n\t<td class=\"column-1\">CAR<\/td><td class=\"column-2\">CAR VANESOL SYSTEMS<\/td><td class=\"column-3\">BOLIVAR<\/td><td class=\"column-4\">GUARANDA<\/td><td class=\"column-5\">CONVENCION DE 1884 Y GENERAL SALAZAR CERCA DE LA IGLESIA SAN VICENTE<\/td>\n<\/tr>\n<tr class=\"row-13\">\n\t<td class=\"column-1\">CAR<\/td><td class=\"column-2\">CAR EL CHINITO CYBER NET<\/td><td class=\"column-3\">BOLIVAR<\/td><td class=\"column-4\">GUARANDA<\/td><td class=\"column-5\">RECINTO SAN FERNANDO REF : AL LADO DE LA CASSA HAY UN LETRERO QUE DICE BIENVENIDOS A SAN FERNANDO A MEDIA CUADRA UNIDAD EDUCATIVA SIMON BOLIVAR<\/td>\n<\/tr>\n<tr class=\"row-14\">\n\t<td class=\"column-1\">CAR<\/td><td class=\"column-2\">CAR AGROVETERINARIA EL VAQUERO<\/td><td class=\"column-3\">BOLIVAR<\/td><td class=\"column-4\">GUARANDA<\/td><td class=\"column-5\">TORRES OLEAS #751 INTERSECCION : MONSE\u00d1OR LEONIDAS PROA\u00d1O REFERENCIA : A MEDIA CUADRA DEL PARQUE CENTRAL<\/td>\n<\/tr>\n<tr class=\"row-15\">\n\t<td class=\"column-1\">CAR<\/td><td class=\"column-2\">CAR EL \u00d1ATO CYBER NET<\/td><td class=\"column-3\">BOLIVAR<\/td><td class=\"column-4\">GUARANDA<\/td><td class=\"column-5\">SUCRE Y JHONSON CITY FRENTE A LA UNIDAD EDUCATIVA ANGEL POLIBIO CHAVEZ<\/td>\n<\/tr>\n<tr class=\"row-16\">\n\t<td class=\"column-1\">CAR<\/td><td class=\"column-2\">CAR CRIS NET<\/td><td class=\"column-3\">BOLIVAR<\/td><td class=\"column-4\">GUARANDA<\/td><td class=\"column-5\">CALLE PANAMERICANA NORTE A MEDIA CUADRA DE LA UNIVERSIDAD ESTATAL BOLIVIA, DIAGONIAL A LA PLAZA DE ANIMALES<\/td>\n<\/tr>\n<tr class=\"row-17\">\n\t<td class=\"column-1\">CAR<\/td><td class=\"column-2\">CAR INTERNET COPY LEO TECHGDA<\/td><td class=\"column-3\">BOLIVAR<\/td><td class=\"column-4\">GUARANDA<\/td><td class=\"column-5\">AVENIDA GENERAL ENRIQUEZ 306 Y AZUAY<\/td>\n<\/tr>\n<tr class=\"row-18\">\n\t<td class=\"column-1\">CAR<\/td><td class=\"column-2\">CAR NINAMINIMARKET<\/td><td class=\"column-3\">BOLIVAR<\/td><td class=\"column-4\">GUARANDA<\/td><td class=\"column-5\">AV CANDIDO RADA Y 23 DE ABRIL<\/td>\n<\/tr>\n<tr class=\"row-19\">\n\t<td class=\"column-1\">CAR<\/td><td class=\"column-2\">CAR CYBER SAG<\/td><td class=\"column-3\">BOLIVAR<\/td><td class=\"column-4\">GUARANDA<\/td><td class=\"column-5\">PANAMERICANA NORTE EL PROGRESO<\/td>\n<\/tr>\n<tr class=\"row-20\">\n\t<td class=\"column-1\">CAR VIP<\/td><td class=\"column-2\">CAR VIP COMERCIAL MARI<\/td><td class=\"column-3\">BOLIVAR<\/td><td class=\"column-4\">GUARANDA<\/td><td class=\"column-5\">AZUAY ELOY ALFARO<\/td>\n<\/tr>\n<tr class=\"row-21\">\n\t<td class=\"column-1\">CAR VIP<\/td><td class=\"column-2\">CAR VIP CYBER PEPOS BROTHER<\/td><td class=\"column-3\">BOLIVAR<\/td><td class=\"column-4\">GUARANDA<\/td><td class=\"column-5\">CALLE SUCRE\u00a0 JUAN JOSE FLORES<\/td>\n<\/tr>\n<tr class=\"row-22\">\n\t<td class=\"column-1\">IFI<\/td><td class=\"column-2\">CODESARROLLO<\/td><td class=\"column-3\">BOLIVAR<\/td><td class=\"column-4\">GUARANDA<\/td><td class=\"column-5\">Calle Convenci\u00f3n 106 e Isidro Ayora<\/td>\n<\/tr>\n<tr class=\"row-23\">\n\t<td class=\"column-1\">IFI<\/td><td class=\"column-2\">GUARANDA<\/td><td class=\"column-3\">BOLIVAR<\/td><td class=\"column-4\">GUARANDA<\/td><td class=\"column-5\">CONVENCION DE 1884 Y 10 DE AGOSTO<\/td>\n<\/tr>\n<tr class=\"row-24\">\n\t<td class=\"column-1\">IFI<\/td><td class=\"column-2\">HERMES GAIBOR<\/td><td class=\"column-3\">BOLIVAR<\/td><td class=\"column-4\">GUARANDA<\/td><td class=\"column-5\">CALLE ABEL TORRES OLEAS<\/td>\n<\/tr>\n<tr class=\"row-25\">\n\t<td class=\"column-1\">IFI<\/td><td class=\"column-2\">JOYOCOTO LTDA<\/td><td class=\"column-3\">BOLIVAR<\/td><td class=\"column-4\">GUARANDA<\/td><td class=\"column-5\">CALLE 77 S\/N EX PLANTA DE ABONO ORG\u00c1NICO JOYOCOTO<\/td>\n<\/tr>\n<tr class=\"row-26\">\n\t<td class=\"column-1\">IFI<\/td><td class=\"column-2\">JUVENTUD UNIDA<\/td><td class=\"column-3\">BOLIVAR<\/td><td class=\"column-4\">GUARANDA<\/td><td class=\"column-5\">ANGEL POLIVIO CHAVEZ JUNTO AL MERCADO CENTRAL<\/td>\n<\/tr>\n<tr class=\"row-27\">\n\t<td class=\"column-1\">IFI<\/td><td class=\"column-2\">COAC AMBATO<\/td><td class=\"column-3\">BOLIVAR<\/td><td class=\"column-4\">GUARANDA<\/td><td class=\"column-5\">AV. AZUAY Y GENERAL ENRIQUEZ<\/td>\n<\/tr>\n<tr class=\"row-28\">\n\t<td class=\"column-1\">IFI<\/td><td class=\"column-2\">COAC CC DE AMBATO<\/td><td class=\"column-3\">BOLIVAR<\/td><td class=\"column-4\">GUARANDA<\/td><td class=\"column-5\">GARCIA MORENO S\/N Y 7 DE MAYO<\/td>\n<\/tr>\n<tr class=\"row-29\">\n\t<td class=\"column-1\">IFI<\/td><td class=\"column-2\">COAC MUSHUC RUNA<\/td><td class=\"column-3\">BOLIVAR<\/td><td class=\"column-4\">GUARANDA<\/td><td class=\"column-5\">GARCIA MORENO 811 Y GENERAL ENRIQUEZ<\/td>\n<\/tr>\n<tr class=\"row-30\">\n\t<td class=\"column-1\">IFI<\/td><td class=\"column-2\">COAC SALINAS<\/td><td class=\"column-3\">BOLIVAR<\/td><td class=\"column-4\">GUARANDA<\/td><td class=\"column-5\">CHAZOJUAN CENTRO<\/td>\n<\/tr>\n<tr class=\"row-31\">\n\t<td class=\"column-1\">IFI<\/td><td class=\"column-2\">COAC SALINAS<\/td><td class=\"column-3\">BOLIVAR<\/td><td class=\"column-4\">GUARANDA<\/td><td class=\"column-5\">PLAZA CENTRAL<\/td>\n<\/tr>\n<tr class=\"row-32\">\n\t<td class=\"column-1\">IFI<\/td><td class=\"column-2\">COAC SALINAS<\/td><td class=\"column-3\">BOLIVAR<\/td><td class=\"column-4\">GUARANDA<\/td><td class=\"column-5\">WILFOR MORA Y ABEL TORRES OLEAS<\/td>\n<\/tr>\n<tr class=\"row-33\">\n\t<td class=\"column-1\">IFI<\/td><td class=\"column-2\">COAC SAN JOSE<\/td><td class=\"column-3\">BOLIVAR<\/td><td class=\"column-4\">GUARANDA<\/td><td class=\"column-5\">AZUAY ENTRE CONVENCION Y SUCRE<\/td>\n<\/tr>\n<tr class=\"row-34\">\n\t<td class=\"column-1\">IFI<\/td><td class=\"column-2\">COAC SAN PEDRO<\/td><td class=\"column-3\">BOLIVAR<\/td><td class=\"column-4\">GUARANDA<\/td><td class=\"column-5\">ADOLFO PAEZ Y SIMON BOLIVAR<\/td>\n<\/tr>\n<tr class=\"row-35\">\n\t<td class=\"column-1\">IFI<\/td><td class=\"column-2\">COAC SIMIATUG<\/td><td class=\"column-3\">BOLIVAR<\/td><td class=\"column-4\">GUARANDA<\/td><td class=\"column-5\">FACUNDO VELA, FRENTE AL MERCADO CENTRAL<\/td>\n<\/tr>\n<tr class=\"row-36\">\n\t<td class=\"column-1\">IFI<\/td><td class=\"column-2\">COAC SIMIATUG<\/td><td class=\"column-3\">BOLIVAR<\/td><td class=\"column-4\">GUARANDA<\/td><td class=\"column-5\">ABEL TORRES OLEAS DIAGONAL AL PARQUE CENTRAL<\/td>\n<\/tr>\n<tr class=\"row-37\">\n\t<td class=\"column-1\">IFI<\/td><td class=\"column-2\">COAC SIMIATUG<\/td><td class=\"column-3\">BOLIVAR<\/td><td class=\"column-4\">GUARANDA<\/td><td class=\"column-5\">MATTO GROSSO Y BARRAGAN<\/td>\n<\/tr>\n<tr class=\"row-38\">\n\t<td class=\"column-1\">IFI<\/td><td class=\"column-2\">COAC SUMAK SAMY<\/td><td class=\"column-3\">BOLIVAR<\/td><td class=\"column-4\">GUARANDA<\/td><td class=\"column-5\">CONVENCION DE 1984 Y ESPEJO, DIAGONAL AL MERCADO 10 DE NOV<\/td>\n<\/tr>\n<tr class=\"row-39\">\n\t<td class=\"column-1\">IFI<\/td><td class=\"column-2\">COAC VALLES DEL LIRIO<\/td><td class=\"column-3\">BOLIVAR<\/td><td class=\"column-4\">GUARANDA<\/td><td class=\"column-5\">CALLE CONVENCION DE 1884 Y ESPEJO ESQ<\/td>\n<\/tr>\n<tr class=\"row-40\">\n\t<td class=\"column-1\">OROCASH Y MASTERGOLD<\/td><td class=\"column-2\">Guaranda<\/td><td class=\"column-3\">BOLIVAR<\/td><td class=\"column-4\">GUARANDA<\/td><td class=\"column-5\">CLL. GENERAL ENR\u00cdQUEZ N\u00b0214, INTERSECCI\u00d3N IGNACIO VINTIMILLA, FRENTE AL REDONDEL DE LA CASA ROJA<\/td>\n<\/tr>\n<\/tbody>\n<\/table>\n<!-- #tablepress-1 from cache -->\n<p>&nbsp;<\/p>\n","protected":false},"excerpt":{"rendered":"<p>A partir del lunes 03 de enero, en cumplimiento de las obligaciones ciudadanas, la Alcald\u00eda de Guaranda inici\u00f3 la recaudaci\u00f3n del Impuesto Predial para el a\u00f1o 2024, para lo cual la Tesorer\u00eda Municipal habilit\u00f3 m\u00e1s de 37 puntos de pago en distintos sectores del Cant\u00f3n gracias a un trabajo coordinado con la Red de Servicios [&hellip;]<\/p>\n","protected":false},"author":7,"featured_media":5418,"parent":0,"menu_order":0,"comment_status":"closed","ping_status":"closed","template":"","meta":{"give_campaign_id":0,"footnotes":""},"class_list":["post-5437","page","type-page","status-publish","has-post-thumbnail","hentry"],"campaignId":"","jetpack_shortlink":"https:\/\/wp.me\/P7CGGh-1pH","jetpack_sharing_enabled":true,"_links":{"self":[{"href":"https:\/\/www.guaranda.gob.ec\/newsiteCMT\/wp-json\/wp\/v2\/pages\/5437","targetHints":{"allow":["GET"]}}],"collection":[{"href":"https:\/\/www.guaranda.gob.ec\/newsiteCMT\/wp-json\/wp\/v2\/pages"}],"about":[{"href":"https:\/\/www.guaranda.gob.ec\/newsiteCMT\/wp-json\/wp\/v2\/types\/page"}],"author":[{"embeddable":true,"href":"https:\/\/www.guaranda.gob.ec\/newsiteCMT\/wp-json\/wp\/v2\/users\/7"}],"replies":[{"embeddable":true,"href":"https:\/\/www.guaranda.gob.ec\/newsiteCMT\/wp-json\/wp\/v2\/comments?post=5437"}],"version-history":[{"count":5,"href":"https:\/\/www.guaranda.gob.ec\/newsiteCMT\/wp-json\/wp\/v2\/pages\/5437\/revisions"}],"predecessor-version":[{"id":7267,"href":"https:\/\/www.guaranda.gob.ec\/newsiteCMT\/wp-json\/wp\/v2\/pages\/5437\/revisions\/7267"}],"wp:featuredmedia":[{"embeddable":true,"href":"https:\/\/www.guaranda.gob.ec\/newsiteCMT\/wp-json\/wp\/v2\/media\/5418"}],"wp:attachment":[{"href":"https:\/\/www.guaranda.gob.ec\/newsiteCMT\/wp-json\/wp\/v2\/media?parent=5437"}],"curies":[{"name":"wp","href":"https:\/\/api.w.org\/{rel}","templated":true}]}}