{"id":52,"date":"2016-06-08T13:11:08","date_gmt":"2016-06-08T18:11:08","guid":{"rendered":"http:\/\/guaranda.gob.ec\/newsiteCMT\/?page_id=52"},"modified":"2025-08-19T14:54:11","modified_gmt":"2025-08-19T19:54:11","slug":"fechas-historicas","status":"publish","type":"page","link":"https:\/\/www.guaranda.gob.ec\/newsiteCMT\/fechas-historicas\/","title":{"rendered":"Fechas Hist\u00f3ricas"},"content":{"rendered":"<p style=\"text-align: justify;\">Seg\u00fan la ORDENANZA discutida y aprobada en las sesiones ordinarias celebradas el <strong>9 de Diciembre de 1996<\/strong> y <strong>9 de Enero de 1997<\/strong>, reglamenta la conmemoraci\u00f3n de las fechas cl\u00e1sicas de la historia Patria, Provinciales y Cantonales.<\/p>\r\n<p style=\"text-align: justify;\">Seg\u00fan esta ordenanza se izar\u00e1n las banderas en las siguientes fechas:<\/p>\r\n<ul style=\"text-align: justify;\">\r\n<li>27 de febrero:\u00a0Batalla de Tarqui<\/li>\r\n<li>23 de abril: Fundaci\u00f3n de la Provincia de Bol\u00edvar<\/li>\r\n<li>1 de mayo: D\u00eda Universal del Trabajo<\/li>\r\n<li>15 de mayo: Inauguraci\u00f3n de la Provincia de Bol\u00edvar<\/li>\r\n<li>24 de mayo: Batalla de Pichincha, que sell\u00f3 la Independencia del Ecuador<\/li>\r\n<li>23 de junio: Cantonizaci\u00f3n de Guaranda<\/li>\r\n<li>24 de julio: Natalicio del Libertador Sim\u00f3n Bol\u00edvar<\/li>\r\n<li>10 de agosto: Primer Grito de Independencia en Am\u00e9rica, Lanzado en Quito<\/li>\r\n<li>26 de septiembre: D\u00eda de la Bandera Ecuatoriana<\/li>\r\n<li>9 de octubre: Independencia de Guayaquil<\/li>\r\n<li>31 de octubre: D\u00eda del Escudo Nacional<\/li>\r\n<li>10 de noviembre: Independencia de Guaranda<\/li>\r\n<li>17 de diciembre: Aniversario del fallecimiento del Libertador Sim\u00f3n Bol\u00edvar<\/li>\r\n<\/ul>\r\n<p style=\"text-align: justify;\">La fecha aniversario de parroquializaci\u00f3n de las parroquias de nuestro cant\u00f3n son:<\/p>\r\n<ul>\r\n<li style=\"text-align: justify;\">Julio Moreno: 14 de febrero<\/li>\r\n<li style=\"text-align: justify;\">Santa Fe: 23 de abril<\/li>\r\n<li style=\"text-align: justify;\">Simiatug: 29 de mayo<\/li>\r\n<li style=\"text-align: justify;\">Salinas: 29 de mayo<\/li>\r\n<li>San Lorenzo: 02 de junio<\/li>\r\n<li style=\"text-align: justify;\">Facundo Vela: 19 de agosto<\/li>\r\n<li style=\"text-align: justify;\">San Luis de Pambil: 23 de agosto<\/li>\r\n<li style=\"text-align: justify;\">San Sim\u00f3n: 30 de agosto<\/li>\r\n<\/ul>\r\n\r\n<p>&nbsp;<\/p>\r\n","protected":false},"excerpt":{"rendered":"<p>Seg\u00fan la ORDENANZA discutida y aprobada en las sesiones ordinarias celebradas el 9 de Diciembre de 1996 y 9 de Enero de 1997, reglamenta la conmemoraci\u00f3n de las fechas cl\u00e1sicas de la historia Patria, Provinciales y Cantonales. Seg\u00fan esta ordenanza se izar\u00e1n las banderas en las siguientes fechas: 27 de febrero:\u00a0Batalla de Tarqui 23 de [&hellip;]<\/p>\n","protected":false},"author":1,"featured_media":7933,"parent":0,"menu_order":0,"comment_status":"closed","ping_status":"closed","template":"","meta":{"give_campaign_id":0,"footnotes":""},"class_list":["post-52","page","type-page","status-publish","has-post-thumbnail","hentry"],"campaignId":"","jetpack_shortlink":"https:\/\/wp.me\/P7CGGh-Q","jetpack_sharing_enabled":true,"_links":{"self":[{"href":"https:\/\/www.guaranda.gob.ec\/newsiteCMT\/wp-json\/wp\/v2\/pages\/52","targetHints":{"allow":["GET"]}}],"collection":[{"href":"https:\/\/www.guaranda.gob.ec\/newsiteCMT\/wp-json\/wp\/v2\/pages"}],"about":[{"href":"https:\/\/www.guaranda.gob.ec\/newsiteCMT\/wp-json\/wp\/v2\/types\/page"}],"author":[{"embeddable":true,"href":"https:\/\/www.guaranda.gob.ec\/newsiteCMT\/wp-json\/wp\/v2\/users\/1"}],"replies":[{"embeddable":true,"href":"https:\/\/www.guaranda.gob.ec\/newsiteCMT\/wp-json\/wp\/v2\/comments?post=52"}],"version-history":[{"count":4,"href":"https:\/\/www.guaranda.gob.ec\/newsiteCMT\/wp-json\/wp\/v2\/pages\/52\/revisions"}],"predecessor-version":[{"id":8201,"href":"https:\/\/www.guaranda.gob.ec\/newsiteCMT\/wp-json\/wp\/v2\/pages\/52\/revisions\/8201"}],"wp:featuredmedia":[{"embeddable":true,"href":"https:\/\/www.guaranda.gob.ec\/newsiteCMT\/wp-json\/wp\/v2\/media\/7933"}],"wp:attachment":[{"href":"https:\/\/www.guaranda.gob.ec\/newsiteCMT\/wp-json\/wp\/v2\/media?parent=52"}],"curies":[{"name":"wp","href":"https:\/\/api.w.org\/{rel}","templated":true}]}}