{"id":503,"date":"2016-10-17T21:38:03","date_gmt":"2016-10-18T02:38:03","guid":{"rendered":"http:\/\/guaranda.gob.ec\/newsiteCMT\/?page_id=503"},"modified":"2023-06-15T09:24:10","modified_gmt":"2023-06-15T14:24:10","slug":"comisiones","status":"publish","type":"page","link":"https:\/\/www.guaranda.gob.ec\/newsiteCMT\/comisiones\/","title":{"rendered":"Comisiones y Delegaciones"},"content":{"rendered":"<p>El Concejo Municipal integra las siguientes Comisiones Peri\u00f3do 2023 &#8211; 2025:<\/p>\n<p><strong>COMISI\u00d3N DE MESA EXCUSAS Y CALIFICACIONES<\/strong><\/p>\n<p>[vc_row][vc_column width=&#8221;1\/2&#8243;]Dr. Inti Andres Yumbay Taris [\/vc_column][vc_column width=&#8221;1\/2&#8243;]Alcalde del Cant\u00f3n Guaranda[\/vc_column][\/vc_row]<\/p>\n<p>[vc_row][vc_column width=&#8221;1\/2&#8243;] Lcda. Laura Mar\u00eda Gonz\u00e1lez V\u00e1sconez [\/vc_column][vc_column width=&#8221;1\/2&#8243;]Vicealcalde[\/vc_column][\/vc_row]<\/p>\n<p>[vc_row][vc_column width=&#8221;1\/2&#8243;] Msc. Segundo Tel\u00e9sforo Mart\u00ednez Collay [\/vc_column][vc_column width=&#8221;1\/2&#8243;]Vocal[\/vc_column][\/vc_row]<\/p>\n<p><strong>COMISI\u00d3N DE PLANIFICACI\u00d3N Y PRESUPUESTO<\/strong><\/p>\n<p>[vc_row][vc_column width=&#8221;1\/2&#8243;]Msc. Segundo Tel\u00e9sforo Mart\u00ednez Collay[\/vc_column][vc_column width=&#8221;1\/2&#8243;]Presidente[\/vc_column][\/vc_row]<\/p>\n<p>[vc_row][vc_column width=&#8221;1\/2&#8243;]Lic. Olga Curisisa Pasto Pat\u00edn[\/vc_column][vc_column width=&#8221;1\/2&#8243;]Primer Vocal[\/vc_column][\/vc_row]<\/p>\n<p>[vc_row][vc_column width=&#8221;1\/2&#8243;]Lic. Laura Marina Gonz\u00e1lez V\u00e1sconez[\/vc_column][vc_column width=&#8221;1\/2&#8243;]Segundo Vocal[\/vc_column][\/vc_row]<\/p>\n<p><strong>COMISI\u00d3N DE IGUALDAD Y G\u00c9NERO<\/strong><\/p>\n<p>[vc_row][vc_column width=&#8221;1\/2&#8243;]Msc. Carolina Elizabeth Calero Larrea[\/vc_column][vc_column width=&#8221;1\/2&#8243;]Presidenta[\/vc_column][\/vc_row]<\/p>\n<p>[vc_row][vc_column width=&#8221;1\/2&#8243;]Ing. Muarita Gladys Amangandi Pilamunga[\/vc_column][vc_column width=&#8221;1\/2&#8243;]Primer Vocal[\/vc_column][\/vc_row]<\/p>\n<p>[vc_row][vc_column width=&#8221;1\/2&#8243;]Msc. Ayme Ayme Marco Vinicio[\/vc_column][vc_column width=&#8221;1\/2&#8243;]Segundo Vocal[\/vc_column][\/vc_row]<\/p>\n<p><strong>COMISI\u00d3N DE SERVICIOS P\u00daBLICOS<\/strong><\/p>\n<p>[vc_row][vc_column width=&#8221;1\/2&#8243;]Ing. Diana Mar\u00eda Arregui Vela Diana[\/vc_column][vc_column width=&#8221;1\/2&#8243;]Presidente[\/vc_column][\/vc_row]<\/p>\n<p>[vc_row][vc_column width=&#8221;1\/2&#8243;]Msc. Segundo Tel\u00e9sforo Mart\u00ednez Collay[\/vc_column][vc_column width=&#8221;1\/2&#8243;]Primer Vocal[\/vc_column][\/vc_row]<\/p>\n<p>[vc_row][vc_column width=&#8221;1\/2&#8243;]Msc. Carolina Elizabeth Calero Larrea[\/vc_column][vc_column width=&#8221;1\/2&#8243;]Segundo Vocal[\/vc_column][\/vc_row]<\/p>\n<p><strong>COMISI\u00d3N DE URBANISMO Y OBRAS P\u00daBLICAS<\/strong><\/p>\n<p>[vc_row][vc_column width=&#8221;1\/2&#8243;] Ing. Amangandi Pilamunga Muarita Gladys[\/vc_column][vc_column width=&#8221;1\/2&#8243;]Presidente[\/vc_column][\/vc_row]<\/p>\n<p>[vc_row][vc_column width=&#8221;1\/2&#8243;]Msc. Segundo Tel\u00e9sforo Mart\u00ednez Collay[\/vc_column][vc_column width=&#8221;1\/2&#8243;]Primer Vocal[\/vc_column][\/vc_row]<\/p>\n<p>[vc_row][vc_column width=&#8221;1\/2&#8243;]Lic. Laura Marina Gonz\u00e1lez V\u00e1sconez[\/vc_column][vc_column width=&#8221;1\/2&#8243;]Segundo Vocal[\/vc_column][\/vc_row]<\/p>\n<p><strong>COMISI\u00d3N DE SERVICIOS SOCIALES Y CULTURALES<\/strong><\/p>\n<p>[vc_row][vc_column width=&#8221;1\/2&#8243;]Lic. Olga Curisisa Pasto Pat\u00edn[\/vc_column][vc_column width=&#8221;1\/2&#8243;]Presidente[\/vc_column][\/vc_row]<\/p>\n<p>[vc_row][vc_column width=&#8221;1\/2&#8243;]Ing. Diana Mar\u00eda Arregui Vela Diana[\/vc_column][vc_column width=&#8221;1\/2&#8243;]Primer Vocal[\/vc_column][\/vc_row]<\/p>\n<p>[vc_row][vc_column width=&#8221;1\/2&#8243;]Msc. Ayme Ayme Marco Vinicio[\/vc_column][vc_column width=&#8221;1\/2&#8243;]Segundo Vocal[\/vc_column][\/vc_row]<\/p>\n<p><strong>COMISI\u00d3N DE TR\u00c1NSITO Y TRANSPORTE<\/strong><\/p>\n<p>[vc_row][vc_column width=&#8221;1\/2&#8243;]Lic. Laura Marina Gonz\u00e1lez V\u00e1sconez[\/vc_column][vc_column width=&#8221;1\/2&#8243;]Presidenta[\/vc_column][\/vc_row]<\/p>\n<p>[vc_row][vc_column width=&#8221;1\/2&#8243;]Lic. Olga Curisisa Pasto Pat\u00edn[\/vc_column][vc_column width=&#8221;1\/2&#8243;]Primer Vocal[\/vc_column][\/vc_row]<\/p>\n<p>[vc_row][vc_column width=&#8221;1\/2&#8243;]Ing. Muarita Gladys Amangandi Pilamunga[\/vc_column][vc_column width=&#8221;1\/2&#8243;]Segundo Vocal[\/vc_column][\/vc_row]<\/p>\n<p><strong>COMISI\u00d3N DE PARTICIPACI\u00d3N CIUDADANA<\/strong><\/p>\n<p>[vc_row][vc_column width=&#8221;1\/2&#8243;]Msc. Ayme Ayme Marco Vinicio[\/vc_column][vc_column width=&#8221;1\/2&#8243;]Presidente[\/vc_column][\/vc_row]<\/p>\n<p>[vc_row][vc_column width=&#8221;1\/2&#8243;] Msc. Carolina Elizabeth Calero Larrea[\/vc_column][vc_column width=&#8221;1\/2&#8243;]Primer Vocal[\/vc_column][\/vc_row]<\/p>\n<p>[vc_row][vc_column width=&#8221;1\/2&#8243;]Ing. Diana Mar\u00eda Arregui Vela Diana [\/vc_column][vc_column width=&#8221;1\/2&#8243;]Segundo Vocal[\/vc_column][\/vc_row]<\/p>\n<p><strong>Delegados a diferentes comisiones 2023 &#8211; 2025:<\/strong><\/p>\n<p>[vc_row][vc_column width=&#8221;1\/2&#8243;] Msc. Carolina Elizabeth Calero Larrea[\/vc_column][vc_column width=&#8221;1\/2&#8243;]Delegado al Cuerpo de Bomberos[\/vc_column][\/vc_row]<\/p>\n<p>[vc_row][vc_column width=&#8221;1\/2&#8243;]Lic. Laura Marina Gonz\u00e1lez V\u00e1sconez[\/vc_column][vc_column width=&#8221;1\/2&#8243;]Delegado a Tr\u00e1nsito[\/vc_column][\/vc_row]<\/p>\n<p>[vc_row][vc_column width=&#8221;1\/2&#8243;]Ing. Diana Mar\u00eda Arregui Vela[\/vc_column][vc_column width=&#8221;1\/2&#8243;]Delegado a Vivienda[\/vc_column][\/vc_row]<\/p>\n<p>[vc_row][vc_column width=&#8221;1\/2&#8243;]Msc. Segundo Tel\u00e9sforo Mart\u00ednez Collay[\/vc_column][vc_column width=&#8221;1\/2&#8243;]Delegado al Directorio de la EMAPAG[\/vc_column][\/vc_row]<\/p>\n<p>[vc_row][vc_column width=&#8221;1\/2&#8243;]Ing. Muarita Gladys Amangandi Pilamunga[\/vc_column][vc_column width=&#8221;1\/2&#8243;]Delegado a Comunicaci\u00f3n[\/vc_column][\/vc_row]<\/p>\n<p>[vc_row][vc_column width=&#8221;1\/2&#8243;]Msc. Marco Vinicio Ayme Ayme[\/vc_column][vc_column width=&#8221;1\/2&#8243;]Delegado a Acci\u00f3n Social Municipal[\/vc_column][\/vc_row]<\/p>\n<p>[vc_row][vc_column width=&#8221;1\/2&#8243;]Lcda. Olga Curisita Pasto Pat\u00edn[\/vc_column][vc_column width=&#8221;1\/2&#8243;]Delegada a Acci\u00f3n Social Municipal[\/vc_column][\/vc_row]<\/p>\n","protected":false},"excerpt":{"rendered":"<p>El Concejo Municipal integra las siguientes Comisiones Peri\u00f3do 2023 &#8211; 2025: COMISI\u00d3N DE MESA EXCUSAS Y CALIFICACIONES [vc_row][vc_column width=&#8221;1\/2&#8243;]Dr. Inti Andres Yumbay Taris [\/vc_column][vc_column width=&#8221;1\/2&#8243;]Alcalde del Cant\u00f3n Guaranda[\/vc_column][\/vc_row] [vc_row][vc_column width=&#8221;1\/2&#8243;] Lcda. Laura Mar\u00eda Gonz\u00e1lez V\u00e1sconez [\/vc_column][vc_column width=&#8221;1\/2&#8243;]Vicealcalde[\/vc_column][\/vc_row] [vc_row][vc_column width=&#8221;1\/2&#8243;] Msc. Segundo Tel\u00e9sforo Mart\u00ednez Collay [\/vc_column][vc_column width=&#8221;1\/2&#8243;]Vocal[\/vc_column][\/vc_row] COMISI\u00d3N DE PLANIFICACI\u00d3N Y PRESUPUESTO [vc_row][vc_column width=&#8221;1\/2&#8243;]Msc. Segundo Tel\u00e9sforo [&hellip;]<\/p>\n","protected":false},"author":1,"featured_media":0,"parent":0,"menu_order":0,"comment_status":"closed","ping_status":"closed","template":"","meta":{"give_campaign_id":0,"footnotes":""},"class_list":["post-503","page","type-page","status-publish","hentry"],"campaignId":"","jetpack_shortlink":"https:\/\/wp.me\/P7CGGh-87","jetpack_sharing_enabled":true,"_links":{"self":[{"href":"https:\/\/www.guaranda.gob.ec\/newsiteCMT\/wp-json\/wp\/v2\/pages\/503","targetHints":{"allow":["GET"]}}],"collection":[{"href":"https:\/\/www.guaranda.gob.ec\/newsiteCMT\/wp-json\/wp\/v2\/pages"}],"about":[{"href":"https:\/\/www.guaranda.gob.ec\/newsiteCMT\/wp-json\/wp\/v2\/types\/page"}],"author":[{"embeddable":true,"href":"https:\/\/www.guaranda.gob.ec\/newsiteCMT\/wp-json\/wp\/v2\/users\/1"}],"replies":[{"embeddable":true,"href":"https:\/\/www.guaranda.gob.ec\/newsiteCMT\/wp-json\/wp\/v2\/comments?post=503"}],"version-history":[{"count":3,"href":"https:\/\/www.guaranda.gob.ec\/newsiteCMT\/wp-json\/wp\/v2\/pages\/503\/revisions"}],"predecessor-version":[{"id":6631,"href":"https:\/\/www.guaranda.gob.ec\/newsiteCMT\/wp-json\/wp\/v2\/pages\/503\/revisions\/6631"}],"wp:attachment":[{"href":"https:\/\/www.guaranda.gob.ec\/newsiteCMT\/wp-json\/wp\/v2\/media?parent=503"}],"curies":[{"name":"wp","href":"https:\/\/api.w.org\/{rel}","templated":true}]}}