{"id":4969,"date":"2021-03-05T16:43:03","date_gmt":"2021-03-05T21:43:03","guid":{"rendered":"http:\/\/www.guaranda.gob.ec\/newsiteCMT\/?page_id=4969"},"modified":"2021-04-06T16:33:08","modified_gmt":"2021-04-06T21:33:08","slug":"convocatoria-de-remate-2021","status":"publish","type":"page","link":"https:\/\/www.guaranda.gob.ec\/newsiteCMT\/convocatoria-de-remate-2021\/","title":{"rendered":"CONVOCATORIA DE REMATE 2021"},"content":{"rendered":"<p style=\"text-align: center;\"><strong><img data-recalc-dims=\"1\" fetchpriority=\"high\" decoding=\"async\" class=\"aligncenter size-full wp-image-5010\" src=\"https:\/\/i0.wp.com\/www.guaranda.gob.ec\/newsiteCMT\/wp-content\/uploads\/2021\/04\/convocatroreiarematechatarra05032021SEGUNDO.jpg?resize=728%2C90&#038;ssl=1\" alt=\"\" width=\"728\" height=\"90\" srcset=\"https:\/\/i0.wp.com\/www.guaranda.gob.ec\/newsiteCMT\/wp-content\/uploads\/2021\/04\/convocatroreiarematechatarra05032021SEGUNDO.jpg?w=728&amp;ssl=1 728w, https:\/\/i0.wp.com\/www.guaranda.gob.ec\/newsiteCMT\/wp-content\/uploads\/2021\/04\/convocatroreiarematechatarra05032021SEGUNDO.jpg?resize=300%2C37&amp;ssl=1 300w\" sizes=\"(max-width: 728px) 100vw, 728px\" \/><\/strong><\/p>\n<p style=\"text-align: center;\"><strong>GOBIERNO AUTONOMO DESCENTRALIZADO DEL CANTON GUARANDA<\/strong><\/p>\n<p style=\"text-align: center;\"><strong>CONVOCATORIA 2do SE\u00d1ALAMIENTO<\/strong><\/p>\n<p><strong>PARA EL REMATE EQUIPO ELECTR\u00cdCO, MEC\u00c1NICO, MOBILIARIO, INSTRUMENTOS MUSICALES, MENAJE-EXISTENCIAS.<\/strong><\/p>\n<p style=\"text-align: justify;\">El Gobierno Aut\u00f3nomo Descentralizado del Cant\u00f3n Guaranda, conforme lo dispuesto en la Capitulo III\u00a0 del Reglamento General para la Administraci\u00f3n, Utilizaci\u00f3n y Control de los Bienes E Inventarios del Sector P\u00fablico, invita a las personas naturales y jur\u00eddicas domiciliadas en el pa\u00eds y legalmente capacitadas para ejercer actividades comerciales en el Ecuador, para que participen en el proceso de <strong>remate a sobre cerrado<\/strong> de equipos electr\u00f3nicos, el\u00e9ctricos, mec\u00e1nicos, mobiliario, instrumentos musicales menaje-existentes, lo cual se detalla en el cuadro que a continuaci\u00f3n se adjunta:<\/p>\n<table style=\"height: 1014px;\" width=\"556\">\n<tbody>\n<tr>\n<td width=\"64\">ITEMS<\/td>\n<td width=\"387\">DESCRIPCI\u00d3N<\/td>\n<td width=\"123\">VALOR AVAL\u00daO $<\/td>\n<\/tr>\n<tr>\n<td width=\"64\">2<\/td>\n<td width=\"387\"><strong>EQUIPOS ELECTR\u00d3NICOS, ELECTRICOS, MEC\u00c1NICOS COMPUESTO DE: <\/strong>TELEVISOR, DVD,\u00a0 AMPLIFICADORES, DRIVER, CAJAS AMPLIFICADAS, C\u00c1MARA FOTOGR\u00c1FICAS, FILMADORAS, TEL\u00c9FONOS, RADIO PORT\u00c1TIL BOMBA DE AGUA, ASPIRADORA ABRILLANTADORA SOLDADORA, Y OTROS COCINA INDUSTRIAL<\/td>\n<td width=\"123\">\u00a0USD $1.280.70<\/td>\n<\/tr>\n<tr>\n<td width=\"64\">3<\/td>\n<td width=\"387\">\u00a0<strong>MOBILIARIO,\u00a0 COMPUESTO DE: <\/strong>ESCRITORIO, MESAS, SILLAS, SILLONES EJECUTIVOS, REPISAS, ARCHIVADORES PUERTAS, DIVISIONES, CERCHAS, TABLAS , BANCAS , BUTACAS VELADORES, ESPALDARES DE CAMA , LITERAS, JUEGO SALA,<\/td>\n<td width=\"123\">USD $5.795.00<\/td>\n<\/tr>\n<tr>\n<td width=\"64\">4<\/td>\n<td width=\"387\"><strong>INSTRUMENTOS MUSICALES<\/strong><\/p>\n<p>SAXO, BOMBO, CLARINETE, TROB\u00d3N,TROMPETA BOMBO, TAMBOR Y OTROS<\/td>\n<td width=\"123\">USD $470.00<\/td>\n<\/tr>\n<tr>\n<td width=\"64\">6<\/td>\n<td width=\"387\"><strong>LOTE\u00a0 DE VARIOS<\/strong>\u00a0 COLCHONES ,BASES DE CAMA, EDREDONES, SABANAS , COBIJAS, ALMOHADAS, TOALLAS MENAJE DE COCINA<\/td>\n<td width=\"123\">USD $8.563.00<\/td>\n<\/tr>\n<tr>\n<td width=\"64\">7<\/td>\n<td width=\"387\"><strong>LOTE EXISTENCIAS , COMPUESTO DE : <\/strong><\/p>\n<p>TONERES , CARTUCHOS IMPRESORA , CASETT, CASETT DVD, CINTA IMPRESORA MATRISIAL,LLANTAS, TUBOS DE LLANTAS, DEFENSAS, UNIFORMES (TERNOS-BOTINES\u00a0 CAMISAS, CHOMPAS-CHALECOS-CORBATAS, BLUZAS FALDAS)<\/p>\n<p>&nbsp;<\/td>\n<td width=\"123\">USD 3.996.50<\/td>\n<\/tr>\n<\/tbody>\n<\/table>\n<p><strong>INDICACIONES GENERALES<\/strong><\/p>\n<ol>\n<li style=\"text-align: justify;\">Los <strong>Instrumentos Musicales, Mobiliario, Equipos Inform\u00e1ticos, Electr\u00f3nicos, y Afines<\/strong>, podr\u00e1n ser inspeccionados en la Bodega General ubicada en las calles Sucre y Pichincha, en horario de 08h00 a 17h00, a partir del 7 hasta el 15 de abril del presente a\u00f1o.<\/li>\n<li style=\"text-align: justify;\"><strong>Las ofertas deber\u00e1n ser presentadas en sobre cerrado, hasta las 13h00 del d\u00eda 16 de abril de 2021.<\/strong>, en las oficinas del Departamento Jur\u00eddico del Gobierno Aut\u00f3nomo Descentralizado del Cant\u00f3n Guaranda, ubicado en la planta alta del edificio principal, calle Convenci\u00f3n de 1884 y Garc\u00eda Moreno.<\/li>\n<li style=\"text-align: justify;\">Los sobres deber\u00e1n identificarse con el n\u00famero de \u00edtems que oferte y deber\u00e1 contener el 10% de la oferta sin incluir IVA, en cheque certificado girado a la orden del GADCG, dep\u00f3sito o efectivo.<\/li>\n<li style=\"text-align: justify;\">La apertura de sobres, se realizar\u00e1 el d\u00eda <strong>viernes 16 de abril de 2021, a las 15h00<\/strong> en el sal\u00f3n de los alcaldes del Gobierno Aut\u00f3nomo Descentralizado del Cant\u00f3n Guaranda, ubicado en la planta baja del edificio principal del Municipio calle Convenci\u00f3n de 1884 y Garc\u00eda Moreno. Podr\u00e1n asistir los oferentes que deseen.<\/li>\n<li style=\"text-align: justify;\">El formulario de presentaci\u00f3n de las ofertas para los equipos electr\u00f3nicos, el\u00e9ctricos, mec\u00e1nicos, mobiliario, instrumentos musicales, menaje-existencias, est\u00e1 disponible en la p\u00e1gina web del GADCG.<\/li>\n<li style=\"text-align: justify;\">El Gobierno Aut\u00f3nomo Descentralizado del Cant\u00f3n Guaranda, se reserva el derecho de adjuntar y\/o declarar desierto el remate de as\u00ed convenir a los intereses institucionales.<\/li>\n<li style=\"text-align: justify;\">Los \u00edtems se adjudicar\u00e1n a las mejores ofertas, a las que se adicionar\u00e1 el 12% del IVA.<\/li>\n<li style=\"text-align: justify;\">En caso de producirse un empate econ\u00f3mico, se adjudicar\u00e1 por el orden de prelaci\u00f3n de las ofertas.<\/li>\n<li style=\"text-align: justify;\">Los equipos electr\u00f3nicos, el\u00e9ctricos, mec\u00e1nicos, mobiliario, instrumentos musicales, menaje-existencias se subastan en el estado y condici\u00f3n en que se encuentran, por lo que no se aceptar\u00e1 ning\u00fan tipo de reclamo posterior.<\/li>\n<li style=\"text-align: justify;\">El adjudicatario una vez notificado pasar\u00e1 el saldo del precio dentro del d\u00eda h\u00e1bil siguiente al de la notificaci\u00f3n. Si el oferente ganador no cancela, se actuar\u00e1 conforme a lo que tipifica el Reglamento General para la Administraci\u00f3n, Utilizaci\u00f3n y Control de los Bienes e Inventarios\u00a0 del Sector P\u00fablico.<\/li>\n<li style=\"text-align: justify;\">La entrega de los equipos electr\u00f3nicos, el\u00e9ctricos, mec\u00e1nicos, mobiliario, instrumentos musicales, rematados, menaje-existencias se realizar\u00e1 una vez que se haga efectivo, el cheque y se verifique el pago total y no se aceptar\u00e1 reclamo de ninguna naturaleza, pues el remate es a la vista; veh\u00edculos chatarra, equipos inform\u00e1ticos y electr\u00f3nicos, el\u00e9ctricos, mec\u00e1nicos, mobiliario, instrumentos musicales, menaje-existencias se entregar\u00e1n en el sitio y en el estado en que se encuentran.<\/li>\n<li style=\"text-align: justify;\">No podr\u00e1n intervenir en la subasta los funcionarios, servidores y trabajadores del Gobierno Aut\u00f3nomo Descentralizado del Cant\u00f3n Guaranda, por si, ni por interpuesta persona, c\u00f3nyuges, parientes dentro del cuarto grado de consanguinidad o segundo grado de afinidad.<\/li>\n<li style=\"text-align: justify;\">Para mayor informaci\u00f3n comunicarse a los tel\u00e9fonos.<\/li>\n<\/ol>\n<p>Para mayor informaci\u00f3n comunicarse a los tel\u00e9fonos:<\/p>\n<p><strong>\u00c1LVARO LEMA ROJAS\u00a0 \u00a0 \u00a0 \u00a0 \u00a0 \u00a0 \u00a0 \u00a0 \u00a0 \u00a0 \u00a0 \u00a0 \u00a0 \u00a0 \u00a0 \u00a0 \u00a0 \u00a0 \u00a0 \u00a0 0994676944<\/strong><\/p>\n<p style=\"text-align: justify;\"><strong>LCDO. RODRIGO CASTILLO\u00a0 \u00a0 \u00a0 \u00a0 \u00a0 \u00a0 \u00a0 \u00a0 \u00a0 \u00a0 \u00a0 \u00a0 \u00a0 \u00a0 \u00a0 0997182444<\/strong><\/p>\n<p style=\"text-align: justify;\">Para los fines pertinentes se adjunta el Formulario de Solicitud y Presentaci\u00f3n de Oferta:<\/p>\n<h3>DESCARGUE EL FORMULARIO:<\/h3>\n<h2 style=\"text-align: center;\"><em><strong><a href=\"https:\/\/www.guaranda.gob.ec\/newsiteCMT\/download\/Formulario-PARA-EL-SEGUNDO-SENALAMIENTO.docx\">CLIC AQUI<\/a><\/strong><\/em><\/h2>\n","protected":false},"excerpt":{"rendered":"<p>GOBIERNO AUTONOMO DESCENTRALIZADO DEL CANTON GUARANDA CONVOCATORIA 2do SE\u00d1ALAMIENTO PARA EL REMATE EQUIPO ELECTR\u00cdCO, MEC\u00c1NICO, MOBILIARIO, INSTRUMENTOS MUSICALES, MENAJE-EXISTENCIAS. El Gobierno Aut\u00f3nomo Descentralizado del Cant\u00f3n Guaranda, conforme lo dispuesto en la Capitulo III\u00a0 del Reglamento General para la Administraci\u00f3n, Utilizaci\u00f3n y Control de los Bienes E Inventarios del Sector P\u00fablico, invita a las personas naturales [&hellip;]<\/p>\n","protected":false},"author":3,"featured_media":0,"parent":0,"menu_order":0,"comment_status":"closed","ping_status":"closed","template":"","meta":{"give_campaign_id":0,"footnotes":""},"class_list":["post-4969","page","type-page","status-publish","hentry"],"campaignId":"","jetpack_shortlink":"https:\/\/wp.me\/P7CGGh-1i9","jetpack_sharing_enabled":true,"_links":{"self":[{"href":"https:\/\/www.guaranda.gob.ec\/newsiteCMT\/wp-json\/wp\/v2\/pages\/4969","targetHints":{"allow":["GET"]}}],"collection":[{"href":"https:\/\/www.guaranda.gob.ec\/newsiteCMT\/wp-json\/wp\/v2\/pages"}],"about":[{"href":"https:\/\/www.guaranda.gob.ec\/newsiteCMT\/wp-json\/wp\/v2\/types\/page"}],"author":[{"embeddable":true,"href":"https:\/\/www.guaranda.gob.ec\/newsiteCMT\/wp-json\/wp\/v2\/users\/3"}],"replies":[{"embeddable":true,"href":"https:\/\/www.guaranda.gob.ec\/newsiteCMT\/wp-json\/wp\/v2\/comments?post=4969"}],"version-history":[{"count":5,"href":"https:\/\/www.guaranda.gob.ec\/newsiteCMT\/wp-json\/wp\/v2\/pages\/4969\/revisions"}],"predecessor-version":[{"id":5012,"href":"https:\/\/www.guaranda.gob.ec\/newsiteCMT\/wp-json\/wp\/v2\/pages\/4969\/revisions\/5012"}],"wp:attachment":[{"href":"https:\/\/www.guaranda.gob.ec\/newsiteCMT\/wp-json\/wp\/v2\/media?parent=4969"}],"curies":[{"name":"wp","href":"https:\/\/api.w.org\/{rel}","templated":true}]}}