{"id":4823,"date":"2021-01-06T12:38:06","date_gmt":"2021-01-06T17:38:06","guid":{"rendered":"http:\/\/www.guaranda.gob.ec\/newsiteCMT\/?page_id=4823"},"modified":"2021-01-06T17:03:24","modified_gmt":"2021-01-06T22:03:24","slug":"plan-de-desarrollo-y-ordenamiento-territorial-2020-2025","status":"publish","type":"page","link":"https:\/\/www.guaranda.gob.ec\/newsiteCMT\/plan-de-desarrollo-y-ordenamiento-territorial-2020-2025\/","title":{"rendered":"PLAN DE DESARROLLO Y ORDENAMIENTO TERRITORIAL 2020-2025"},"content":{"rendered":"<p style=\"text-align: justify;\">El Plan de Desarrollo y Ordenamiento Territorial <strong>(PDOT)<\/strong> es el instrumento de planificaci\u00f3n previsto por la Constituci\u00f3n, el C\u00f3digo Org\u00e1nico de Organizaci\u00f3n Territorial, Autonom\u00edas y Descentralizaci\u00f3n <strong>(COOTAD)<\/strong> y el C\u00f3digo Org\u00e1nico de Planificaci\u00f3n y Finanzas P\u00fablicas <strong>(COPFP)<\/strong>, que permite al Gobierno Aut\u00f3nomo Descentralizado (GAD), desarrollar la gesti\u00f3n concertada de su territorio, orientada al desarrollo arm\u00f3nico e integral.<\/p>\n<p style=\"text-align: justify;\">En tal sentido el art\u00edculo <strong>Art. 55<\/strong> del COOTAD se\u00f1ala.- Competencias exclusivas del gobierno aut\u00f3nomo descentralizado municipal.- Los gobiernos aut\u00f3nomos descentralizados municipales tendr\u00e1n las siguientes competencias exclusivas sin perjuicio de otras que determine la ley:<br \/>\na) Planificar, junto con otras instituciones del sector p\u00fablico y actores de la sociedad, el desarrollo cantonal y formular los correspondientes planes de ordenamiento territorial, de manera articulada con la planificaci\u00f3n nacional, regional, provincial y parroquial, con el fin de regular el uso y la ocupaci\u00f3n del suelo urbano y rural, en el marco de la interculturalidad y plurinacionalidad y el respeto a la diversidad.<\/p>\n<p style=\"text-align: justify;\">As\u00ed mismo, el <strong>Art. 41<\/strong> del COPFP se\u00f1ala: \u201cPlanes de Desarrollo y Ordenamiento Territorial.- Los planes de desarrollo y ordenamiento territorial son los instrumentos de planificaci\u00f3n que contienen las directrices principales de los Gobiernos Aut\u00f3nomos Descentralizados respecto de las decisiones estrat\u00e9gicas de desarrollo y que permiten la gesti\u00f3n concertada y articulada del territorio.<br \/>\nTienen por objeto ordenar, compatibilizar y armonizar las decisiones estrat\u00e9gicas de desarrollo respecto de los asentamientos humanos, las actividades econ\u00f3mico-productivas y el manejo de los recursos naturales en funci\u00f3n de las cualidades territoriales, a trav\u00e9s de la definici\u00f3n de lineamientos para la materializaci\u00f3n del modelo territorial deseado, establecidos por el nivel de gobierno respectivo.<\/p>\n<p style=\"text-align: justify;\">Presentamos el Plan de Ordenamiento y Territorial del Municipio de Guaranda, a fin de que la ciudadan\u00eda emita cualquier inquietud, sugerencia o de ser el caso realice observaciones, conforme refiere y solicita Planifica Ecuador previo a la aprobaci\u00f3n del PDOT por el Concejo Municipal.<\/p>\n<p><a href=\"https:\/\/www.guaranda.gob.ec\/newsiteCMT\/download\/PDOT-Canton-Guaranda-preliminar.pdf\">DESCARGA DIRECTA DEL ARCHIVO CLIC AQUI<\/a><\/p>\n<div class=\"_3d-flip-book  fb3d-fullscreen-mode full-size\" data-id=\"0\" data-mode=\"fullscreen\" data-title=\"false\" data-template=\"short-white-book-view\" data-lightbox=\"dark-shadow\" data-urlparam=\"fb3d-page\" data-page-n=\"0\" data-pdf=\"https:\/\/www.guaranda.gob.ec\/newsiteCMT\/download\/PDOT-Canton-Guaranda-preliminar.pdf\" data-tax=\"null\" data-thumbnail=\"\" data-cols=\"3\" data-book-template=\"default\" data-trigger=\"\"><\/div>\n\n<div class=\"wpcf7 no-js\" id=\"wpcf7-f4830-o1\" lang=\"es-ES\" dir=\"ltr\" data-wpcf7-id=\"4830\">\n<div class=\"screen-reader-response\"><p role=\"status\" aria-live=\"polite\" aria-atomic=\"true\"><\/p> <ul><\/ul><\/div>\n<form action=\"\/newsiteCMT\/wp-json\/wp\/v2\/pages\/4823#wpcf7-f4830-o1\" method=\"post\" class=\"wpcf7-form init\" aria-label=\"Formulario de contacto\" novalidate=\"novalidate\" data-status=\"init\">\n<fieldset class=\"hidden-fields-container\"><input type=\"hidden\" name=\"_wpcf7\" value=\"4830\" \/><input type=\"hidden\" name=\"_wpcf7_version\" value=\"6.1.1\" \/><input type=\"hidden\" name=\"_wpcf7_locale\" value=\"es_ES\" \/><input type=\"hidden\" name=\"_wpcf7_unit_tag\" value=\"wpcf7-f4830-o1\" \/><input type=\"hidden\" name=\"_wpcf7_container_post\" value=\"0\" \/><input type=\"hidden\" name=\"_wpcf7_posted_data_hash\" value=\"\" \/>\n<\/fieldset>\n<p><label> Emita cualquier inquietud, sugerencia o de ser el caso realice observaciones (requerido)<br \/>\n<span class=\"wpcf7-form-control-wrap\" data-name=\"your-recipient\"><select class=\"wpcf7-form-control wpcf7-select\" aria-invalid=\"false\" name=\"your-recipient\"><option value=\"Direcci\u00f3n de Comunicaci\u00f3n\">Direcci\u00f3n de Comunicaci\u00f3n<\/option><\/select><\/span><br \/>\n<\/label>\n<\/p>\n<p><label> Nombre (requerido)<br \/>\n<span class=\"wpcf7-form-control-wrap\" data-name=\"your-name\"><input size=\"40\" maxlength=\"400\" class=\"wpcf7-form-control wpcf7-text wpcf7-validates-as-required\" aria-required=\"true\" aria-invalid=\"false\" value=\"\" type=\"text\" name=\"your-name\" \/><\/span> <\/label>\n<\/p>\n<p><label> Correo electr\u00f3nico (requerido)<br \/>\n<span class=\"wpcf7-form-control-wrap\" data-name=\"your-email\"><input size=\"40\" maxlength=\"400\" class=\"wpcf7-form-control wpcf7-email wpcf7-validates-as-required wpcf7-text wpcf7-validates-as-email\" aria-required=\"true\" aria-invalid=\"false\" value=\"\" type=\"email\" name=\"your-email\" \/><\/span> <\/label>\n<\/p>\n<p><label> Asunto<br \/>\n<span class=\"wpcf7-form-control-wrap\" data-name=\"your-subject\"><input size=\"40\" maxlength=\"400\" class=\"wpcf7-form-control wpcf7-text\" aria-invalid=\"false\" value=\"\" type=\"text\" name=\"your-subject\" \/><\/span> <\/label>\n<\/p>\n<p><label> Mensaje<br \/>\n<span class=\"wpcf7-form-control-wrap\" data-name=\"your-message\"><textarea cols=\"40\" rows=\"10\" maxlength=\"2000\" class=\"wpcf7-form-control wpcf7-textarea\" aria-invalid=\"false\" name=\"your-message\"><\/textarea><\/span> <\/label>\n<\/p>\n<p><input class=\"wpcf7-form-control wpcf7-submit has-spinner\" type=\"submit\" value=\"Enviar\" \/>\n<\/p><div class=\"wpcf7-response-output\" aria-hidden=\"true\"><\/div>\n<\/form>\n<\/div>\n\n","protected":false},"excerpt":{"rendered":"<p>El Plan de Desarrollo y Ordenamiento Territorial (PDOT) es el instrumento de planificaci\u00f3n previsto por la Constituci\u00f3n, el C\u00f3digo Org\u00e1nico de Organizaci\u00f3n Territorial, Autonom\u00edas y Descentralizaci\u00f3n (COOTAD) y el C\u00f3digo Org\u00e1nico de Planificaci\u00f3n y Finanzas P\u00fablicas (COPFP), que permite al Gobierno Aut\u00f3nomo Descentralizado (GAD), desarrollar la gesti\u00f3n concertada de su territorio, orientada al desarrollo arm\u00f3nico [&hellip;]<\/p>\n","protected":false},"author":3,"featured_media":0,"parent":0,"menu_order":0,"comment_status":"closed","ping_status":"closed","template":"","meta":{"give_campaign_id":0,"footnotes":""},"class_list":["post-4823","page","type-page","status-publish","hentry"],"campaignId":"","jetpack_shortlink":"https:\/\/wp.me\/P7CGGh-1fN","jetpack_sharing_enabled":true,"_links":{"self":[{"href":"https:\/\/www.guaranda.gob.ec\/newsiteCMT\/wp-json\/wp\/v2\/pages\/4823","targetHints":{"allow":["GET"]}}],"collection":[{"href":"https:\/\/www.guaranda.gob.ec\/newsiteCMT\/wp-json\/wp\/v2\/pages"}],"about":[{"href":"https:\/\/www.guaranda.gob.ec\/newsiteCMT\/wp-json\/wp\/v2\/types\/page"}],"author":[{"embeddable":true,"href":"https:\/\/www.guaranda.gob.ec\/newsiteCMT\/wp-json\/wp\/v2\/users\/3"}],"replies":[{"embeddable":true,"href":"https:\/\/www.guaranda.gob.ec\/newsiteCMT\/wp-json\/wp\/v2\/comments?post=4823"}],"version-history":[{"count":5,"href":"https:\/\/www.guaranda.gob.ec\/newsiteCMT\/wp-json\/wp\/v2\/pages\/4823\/revisions"}],"predecessor-version":[{"id":4839,"href":"https:\/\/www.guaranda.gob.ec\/newsiteCMT\/wp-json\/wp\/v2\/pages\/4823\/revisions\/4839"}],"wp:attachment":[{"href":"https:\/\/www.guaranda.gob.ec\/newsiteCMT\/wp-json\/wp\/v2\/media?parent=4823"}],"curies":[{"name":"wp","href":"https:\/\/api.w.org\/{rel}","templated":true}]}}