{"id":4692,"date":"2020-11-19T08:58:17","date_gmt":"2020-11-19T13:58:17","guid":{"rendered":"http:\/\/www.guaranda.gob.ec\/newsiteCMT\/?page_id=4692"},"modified":"2020-12-02T09:49:11","modified_gmt":"2020-12-02T14:49:11","slug":"requisitos-para-regularizar-los-bienes-mostrencos-en-el-canton-guaranda","status":"publish","type":"page","link":"https:\/\/www.guaranda.gob.ec\/newsiteCMT\/requisitos-para-regularizar-los-bienes-mostrencos-en-el-canton-guaranda\/","title":{"rendered":"Requisitos Para Regularizar los Bienes Mostrencos en el Cant\u00f3n Guaranda y en los Per\u00edmetros Urbanos de las Parroquias Rurales"},"content":{"rendered":"<p><strong>Art\u00edculo 14. Requisitos.-<\/strong> Para iniciar el tr\u00e1mite de regularizaci\u00f3n y adjudicaci\u00f3n de un predio, se deber\u00e1n presentar los siguientes requisitos:<br \/>\n<strong>1.<\/strong> Solicitud dirigida al se\u00f1or Alcalde, misma que contendr\u00e1 al menos lo siguiente:<br \/>\n<strong>a)<\/strong> Nombres y apellidos completos del interesado, n\u00famero de la c\u00e9dula, nacionalidad, edad, estado civil, ocupaci\u00f3n y domicilio. Si est\u00e1 casado o en uni\u00f3n de hecho, la solicitud ser\u00e1 suscrita por los c\u00f3nyuges o convivientes.<br \/>\n<strong>b)<\/strong> Ubicaci\u00f3n del predio, con determinaci\u00f3n de lugar y parroquia;<br \/>\n<strong>c)<\/strong> Declaraci\u00f3n juramentada en la que se acredite el tiempo de posesi\u00f3n, debiendo ser como m\u00ednimo cinco a\u00f1os. Adem\u00e1s, que el predio carece de t\u00edtulo de dominio, que no existe controversia en cuanto a la posesi\u00f3n y linderos del predio, que asumen la responsabilidad civil y penal por la informaci\u00f3n que se declara y, que, liberan de responsabilidad al GAD, por el acto de adjudicaci\u00f3n.<br \/>\n<strong>d)<\/strong> Se\u00f1alar correo electr\u00f3nico y n\u00famero telef\u00f3nico<br \/>\n<strong>e)<\/strong> Las personas jur\u00eddicas deber\u00e1n adjuntar: copia del Registro \u00danico de Contribuyentes, copia de c\u00e9dula, certificado de votaci\u00f3n actualizado del representante legal; y, copia certificada de su nombramiento debidamente registrado.<br \/>\n<strong>2.<\/strong> Certificaci\u00f3n de no adeudar al GAD de Guaranda.<br \/>\n<strong>3.<\/strong> Certificado de pago del impuesto predial actual, en caso de estar catastrado el predio.<br \/>\n<strong>4.<\/strong> Si el predio est\u00e1 catastrado a nombre de una persona fallecida, los peticionarios deber\u00e1n presentar copia del acta de defunci\u00f3n y copia certificada del documento de posesi\u00f3n efectiva.<br \/>\n<strong>5.-<\/strong> Levantamiento topogr\u00e1fico debidamente georreferenciado del predio, en el formato y especificaciones t\u00e9cnicas establecidas en la ordenanza, mismo que ser\u00e1 realizado por un ingeniero civil, arquitecto o top\u00f3grafo, el cual se insertar\u00e1 en la declaraci\u00f3n notarial.<br \/>\n<strong>d)<\/strong> Se insertar\u00e1 en la declaraci\u00f3n, el levantamiento topogr\u00e1fico debidamente georreferenciado del predio.<\/p>\n<h3>Para visualizar o descargar la Ordenanza completa <a href=\"https:\/\/www.guaranda.gob.ec\/newsiteCMT\/download\/Ordenanza-bienes-mostrencos-final.pdf\"><strong>CLIC AQU\u00cd<\/strong><\/a><\/h3>\n","protected":false},"excerpt":{"rendered":"<p>Art\u00edculo 14. Requisitos.- Para iniciar el tr\u00e1mite de regularizaci\u00f3n y adjudicaci\u00f3n de un predio, se deber\u00e1n presentar los siguientes requisitos: 1. Solicitud dirigida al se\u00f1or Alcalde, misma que contendr\u00e1 al menos lo siguiente: a) Nombres y apellidos completos del interesado, n\u00famero de la c\u00e9dula, nacionalidad, edad, estado civil, ocupaci\u00f3n y domicilio. Si est\u00e1 casado o [&hellip;]<\/p>\n","protected":false},"author":3,"featured_media":4701,"parent":0,"menu_order":0,"comment_status":"closed","ping_status":"closed","template":"","meta":{"give_campaign_id":0,"footnotes":""},"class_list":["post-4692","page","type-page","status-publish","has-post-thumbnail","hentry"],"campaignId":"","jetpack_shortlink":"https:\/\/wp.me\/P7CGGh-1dG","jetpack_sharing_enabled":true,"_links":{"self":[{"href":"https:\/\/www.guaranda.gob.ec\/newsiteCMT\/wp-json\/wp\/v2\/pages\/4692","targetHints":{"allow":["GET"]}}],"collection":[{"href":"https:\/\/www.guaranda.gob.ec\/newsiteCMT\/wp-json\/wp\/v2\/pages"}],"about":[{"href":"https:\/\/www.guaranda.gob.ec\/newsiteCMT\/wp-json\/wp\/v2\/types\/page"}],"author":[{"embeddable":true,"href":"https:\/\/www.guaranda.gob.ec\/newsiteCMT\/wp-json\/wp\/v2\/users\/3"}],"replies":[{"embeddable":true,"href":"https:\/\/www.guaranda.gob.ec\/newsiteCMT\/wp-json\/wp\/v2\/comments?post=4692"}],"version-history":[{"count":5,"href":"https:\/\/www.guaranda.gob.ec\/newsiteCMT\/wp-json\/wp\/v2\/pages\/4692\/revisions"}],"predecessor-version":[{"id":4727,"href":"https:\/\/www.guaranda.gob.ec\/newsiteCMT\/wp-json\/wp\/v2\/pages\/4692\/revisions\/4727"}],"wp:featuredmedia":[{"embeddable":true,"href":"https:\/\/www.guaranda.gob.ec\/newsiteCMT\/wp-json\/wp\/v2\/media\/4701"}],"wp:attachment":[{"href":"https:\/\/www.guaranda.gob.ec\/newsiteCMT\/wp-json\/wp\/v2\/media?parent=4692"}],"curies":[{"name":"wp","href":"https:\/\/api.w.org\/{rel}","templated":true}]}}