{"id":4625,"date":"2020-10-17T08:10:25","date_gmt":"2020-10-17T13:10:25","guid":{"rendered":"http:\/\/www.guaranda.gob.ec\/newsiteCMT\/?page_id=4625"},"modified":"2020-10-17T08:10:25","modified_gmt":"2020-10-17T13:10:25","slug":"segundo-salon-de-arte-joven-jawina-2020","status":"publish","type":"page","link":"https:\/\/www.guaranda.gob.ec\/newsiteCMT\/segundo-salon-de-arte-joven-jawina-2020\/","title":{"rendered":"SEGUNDO SAL\u00d3N DE ARTE J\u00d3VEN JAWINA 2020"},"content":{"rendered":"<p><img data-recalc-dims=\"1\" fetchpriority=\"high\" decoding=\"async\" class=\"aligncenter  wp-image-4626\" src=\"https:\/\/i0.wp.com\/www.guaranda.gob.ec\/newsiteCMT\/wp-content\/uploads\/2020\/10\/SEGUNDO-SALON-DE-ARTE-JOVEN-JAWINA-2020.jpeg?resize=250%2C353&#038;ssl=1\" alt=\"\" width=\"250\" height=\"353\" srcset=\"https:\/\/i0.wp.com\/www.guaranda.gob.ec\/newsiteCMT\/wp-content\/uploads\/2020\/10\/SEGUNDO-SALON-DE-ARTE-JOVEN-JAWINA-2020.jpeg?resize=724%2C1024&amp;ssl=1 724w, https:\/\/i0.wp.com\/www.guaranda.gob.ec\/newsiteCMT\/wp-content\/uploads\/2020\/10\/SEGUNDO-SALON-DE-ARTE-JOVEN-JAWINA-2020.jpeg?resize=212%2C300&amp;ssl=1 212w, https:\/\/i0.wp.com\/www.guaranda.gob.ec\/newsiteCMT\/wp-content\/uploads\/2020\/10\/SEGUNDO-SALON-DE-ARTE-JOVEN-JAWINA-2020.jpeg?resize=600%2C848&amp;ssl=1 600w, https:\/\/i0.wp.com\/www.guaranda.gob.ec\/newsiteCMT\/wp-content\/uploads\/2020\/10\/SEGUNDO-SALON-DE-ARTE-JOVEN-JAWINA-2020.jpeg?w=1080&amp;ssl=1 1080w\" sizes=\"(max-width: 250px) 100vw, 250px\" \/>JAWINA presenta EL SEGUNDO SAL\u00d3N DE ARTE J\u00d3VEN JAWINA 2020. Dirigido para Artistas Pl\u00e1sticos y Aficionados de la provincia de Bol\u00edvar, con el aporte del colectivo de artistas KUNSTPLATFORM EVERGEM-BELGICA y EL GOBIERNO AUT\u00d3NOMO DESCENTRALIZADO DEL CANT\u00d3N GUARANDA.<\/p>\n<p><strong>BASES PARA LA PARTICIPACI\u00d3N<\/strong><\/p>\n<p>Considerando el inter\u00e9s y el af\u00e1n de integrarse, desde los participantes a este evento, continuamos con el SEGUNDO SAL\u00d3N PROVINCIAL DE ARTE J\u00d3VEN- PINTURA Y DIBUJO JAWINA 2020, en el que a\u00f1adimos un segmento m\u00e1s, para la categor\u00eda adultos, lo cual se define de esta manera.<\/p>\n<p>PARTICIPANTES: Se invita a participar a ciudadanos ecuatorianos, nacidos en la<br \/>\nprovincia de Bol\u00edvar en las siguientes categor\u00edas:<\/p>\n<p>&#8211; JOVENES DE 15 A 17 A\u00d1OS DE EDAD.<\/p>\n<p>&#8211; ADULTOS DE 18 A\u00d1OS EN ADELANTE SIN RESTRICCI\u00d3N DE EDAD.<\/p>\n<p>TALLERES PREVIOS: (opcional) Ser\u00e1n impartidos a trav\u00e9s de la plataforma zoom, para lo cual se proveer\u00e1 un link diario durante los d\u00edas lunes 12 al viernes 16 de octubre en los horarios de 15HOO A 17HOO pm. Mediante la aplicaci\u00f3n whatsapp con el siguiente<br \/>\ncontacto: 0988524534.<\/p>\n<p>TEMA: Se propone a los participantes enfocarse en tem\u00e1ticas referentes a \u201cLA PANDEMIA COVID-19\u201d o \u201cEL BICENTENARIO\u201d o el uso del \u201cTEMA LIBRE\u201d No se aceptar\u00e1 obras de contenido pornogr\u00e1fico as\u00ed como temas de violencia.<\/p>\n<p>CAR\u00c1CTER DE LA OBRA: Se requiere de los participantes y de acuerdo a las categor\u00edas mencionadas, entregar la obra con las siguientes caracter\u00edsticas:<\/p>\n<p>PARA LOS JOVENES<br \/>\n&#8211; Dimensiones: solo Formato A3.<br \/>\n&#8211; Soporte: solo cartulina (de acuerdo para su uso)<br \/>\n&#8211; T\u00e9cnica o materiales para dibujo: l\u00e1pices de color, grafito, sanguina, sepia, tiza pastel,<br \/>\nl\u00e1piz de tiza blanca, marcadores, carboncillo, acuarela y otros.<br \/>\n&#8211; T\u00e9cnica o materiales para pintura: \u00f3leo, acr\u00edlico, tempera y otros.<\/p>\n<p>PARA LOS ADULTOS<br \/>\n&#8211; Dimensiones: Desde Formato A3, hasta 1 metro por un metro lineal, las medidas<br \/>\npueden variar dentro de la dimensi\u00f3n indicada,<br \/>\n&#8211; Soporte: cartulina (de acuerdo para su uso) as\u00ed como sobre madera, tela sobre<br \/>\nbastidor y otros.<br \/>\n&#8211; T\u00e9cnica o Materiales para dibujo: l\u00e1pices de color, grafito, sanguina, sepia, tiza pastel,<br \/>\nl\u00e1piz de tiza blanca, marcadores, carboncillo, acuarela y otros.<br \/>\n&#8211; T\u00e9cnica o materiales para pintura: \u00f3leo, acr\u00edlico, tempera y otros.<\/p>\n<p>PRESENTACI\u00d3N DE LA OBRA: El participante deber\u00e1 entregar su obra de \u201ccreaci\u00f3n<br \/>\nin\u00e9dita\u201d y elaborada dentro del a\u00f1o 2020, con todos los elementos requeridos, es decir un trabajo terminado, listo para ser expuesto con su debida enmarcaci\u00f3n (no se aceptar\u00e1n obras en proceso)<\/p>\n<p>DOCUMENTOS DEL PARTICIPANTE Y LA OBRA: El participante deber\u00e1 entregar la<br \/>\nsiguiente documentaci\u00f3n:<br \/>\n&#8211; Hoja de vida, adjuntar una fotograf\u00eda del autor en tama\u00f1o carn\u00e9.<br \/>\n&#8211; Ficha t\u00e9cnica: Nombre del autor, t\u00edtulo de la obra, dimensiones, t\u00e9cnica o<br \/>\nmateriales, soporte y a\u00f1o de ejecuci\u00f3n.<br \/>\n&#8211; Marco referencial: Descripci\u00f3n breve de la obra ( m\u00e1ximo 120 palabras)<br \/>\n&#8211; Obra art\u00edstica: Cada artista deber\u00e1 presentar una sola obra en el formato establecido. La calidad del trabajo deber\u00e1 mostrar una buena caracter\u00edstica de<br \/>\noficio art\u00edstico, que perdure en el tiempo.<br \/>\nUna fotograf\u00eda impresa en formato 5R (12,7cm. X 17,8 cm.) En alta resoluci\u00f3n.<\/p>\n<p>RECEPCI\u00d3N DE LA OBRA: La obra y toda la documentaci\u00f3n requerida, deber\u00e1 entregarse de forma f\u00edsica en la siguiente direcci\u00f3n: Direcci\u00f3n de Desarrollo Comunitario y Gesti\u00f3n Social &#8211; GAD municipal de Guaranda Calles: Azuay y Sucre \u2013 Guaranda Ecuador.<\/p>\n<p>PLAZO DE ENTREGA DE LA OBRA: Desde el lunes 12 hasta el viernes 30 de octubre de 2020, en el horario de: 08: horas a.m. A 4 horas p.m. de lunes a viernes, pasada la fecha y hora, no se podr\u00e1 aceptar ni registrar su participaci\u00f3n.<br \/>\nPara los participantes de los cantones de la provincia Bol\u00edvar excepto la ciudad de Guaranda, tambi\u00e9n podr\u00e1n hacer uso de los Courier: servientrega o tramaco para realizar \u00e9l envi\u00f3 de la obra a la direcci\u00f3n indicada y dentro de la fecha establecida.<\/p>\n<p>ADMISI\u00d3N DE LAS OBRAS: Se proceder\u00e1 a la selecci\u00f3n y premiaci\u00f3n de las obras participantes, mediante un jurado que estar\u00e1 conformado por artistas pl\u00e1sticos y personajes de la cultura con reconocida trayectoria local y nacional.<\/p>\n<p>PREMIOS &#8211; ADQUISICI\u00d3N: Se otorgara un primero, segundo y tercer premio para la<br \/>\ncategor\u00eda j\u00f3venes, as\u00ed como un primero, y segundo premio para el segmento adultos, sumado a esto tambi\u00e9n se extender\u00e1n menciones de honor y certificados a los participantes.<\/p>\n<p>Las obras que resulten ganadoras en este evento, pasaran a formar parte de la reserva cultural de las artes de la ciudad y la provincia, para lo cual la instituci\u00f3n del Gobierno Aut\u00f3nomo Descentralizado del cant\u00f3n Guaranda, proceder\u00e1 a ubicarlas en un museo correspondiente.<\/p>\n<p>RETIRO DE LAS OBRAS: Las obras participantes, excepto las de la categor\u00eda JOVENES, ser\u00e1n devueltas a partir de la siguiente fecha: jueves 3 de diciembre de 2020. En la Direcci\u00f3n de Desarrollo Comunitario y Gesti\u00f3n Social. GAD municipal de Guaranda.<\/p>\n<p>CEREMONIA DE INAUGURACI\u00d3N Y PREMIACI\u00d3N:<\/p>\n<p>&#8211; EL SAL\u00d3N DE ARTE JOVEN JAWINA 2020 ser\u00e1 inaugurado el d\u00eda viernes 6 de noviembre del 2020 a las 15HOO y se mantendr\u00e1 abierto hasta el d\u00eda lunes 30 de noviembre del 2020, en las instalaciones del Palacio municipal del Gobierno Aut\u00f3nomo Descentralizado del cant\u00f3n Guaranda.<br \/>\n&#8211; Las obras ganadoras as\u00ed como las seleccionadas de la categor\u00eda \u201cJOVENES\u201d continuaran su exposici\u00f3n en la ciudad de EVERGEM pa\u00eds BELGICA a pedido de la plataforma de artistas de KUNSTPLATFORM EVERGEM. https:\/\/www.facebook.com\/KunstPlatform.Evergem\/ Este evento se dar\u00e1 lugar en el mes de mayo del a\u00f1o 2021. Posteriormente se har\u00e1 la entrega de las y devoluci\u00f3n de las obras correspondientes a sus autores.<\/p>\n<p>&#8211; Mayor informaci\u00f3n en: Direcci\u00f3n de Desarrollo Comunitario y Gesti\u00f3n Social &#8211;<br \/>\nCalles: Azuay y Sucre &#8211; Facebook: https:\/\/www.facebook.com\/Direcci%C3%B3n-de-Desarrollo-Comunitario-y-Gesti%C3%B3n-Social-185612549012976\/ Director Ing. Luis Naranjo tel\u00e9fono: 0983643727 \/ Facebook: https:\/\/www.facebook.com\/Jawina-pintando-un-sue%C3%B1o-101640548320443\/?view_public_for=101640548320443<br \/>\nResponsable del proyecto: Patricio Mazon<br \/>\ntel\u00e9fono: 0988524534.<\/p>\n","protected":false},"excerpt":{"rendered":"<p>JAWINA presenta EL SEGUNDO SAL\u00d3N DE ARTE J\u00d3VEN JAWINA 2020. Dirigido para Artistas Pl\u00e1sticos y Aficionados de la provincia de Bol\u00edvar, con el aporte del colectivo de artistas KUNSTPLATFORM EVERGEM-BELGICA y EL GOBIERNO AUT\u00d3NOMO DESCENTRALIZADO DEL CANT\u00d3N GUARANDA. BASES PARA LA PARTICIPACI\u00d3N Considerando el inter\u00e9s y el af\u00e1n de integrarse, desde los participantes a este [&hellip;]<\/p>\n","protected":false},"author":3,"featured_media":0,"parent":0,"menu_order":0,"comment_status":"closed","ping_status":"closed","template":"","meta":{"give_campaign_id":0,"footnotes":""},"class_list":["post-4625","page","type-page","status-publish","hentry"],"campaignId":"","jetpack_shortlink":"https:\/\/wp.me\/P7CGGh-1cB","jetpack_sharing_enabled":true,"_links":{"self":[{"href":"https:\/\/www.guaranda.gob.ec\/newsiteCMT\/wp-json\/wp\/v2\/pages\/4625","targetHints":{"allow":["GET"]}}],"collection":[{"href":"https:\/\/www.guaranda.gob.ec\/newsiteCMT\/wp-json\/wp\/v2\/pages"}],"about":[{"href":"https:\/\/www.guaranda.gob.ec\/newsiteCMT\/wp-json\/wp\/v2\/types\/page"}],"author":[{"embeddable":true,"href":"https:\/\/www.guaranda.gob.ec\/newsiteCMT\/wp-json\/wp\/v2\/users\/3"}],"replies":[{"embeddable":true,"href":"https:\/\/www.guaranda.gob.ec\/newsiteCMT\/wp-json\/wp\/v2\/comments?post=4625"}],"version-history":[{"count":1,"href":"https:\/\/www.guaranda.gob.ec\/newsiteCMT\/wp-json\/wp\/v2\/pages\/4625\/revisions"}],"predecessor-version":[{"id":4627,"href":"https:\/\/www.guaranda.gob.ec\/newsiteCMT\/wp-json\/wp\/v2\/pages\/4625\/revisions\/4627"}],"wp:attachment":[{"href":"https:\/\/www.guaranda.gob.ec\/newsiteCMT\/wp-json\/wp\/v2\/media?parent=4625"}],"curies":[{"name":"wp","href":"https:\/\/api.w.org\/{rel}","templated":true}]}}