{"id":45,"date":"2016-06-08T12:57:39","date_gmt":"2016-06-08T17:57:39","guid":{"rendered":"http:\/\/guaranda.gob.ec\/newsiteCMT\/?page_id=45"},"modified":"2025-05-16T09:34:42","modified_gmt":"2025-05-16T14:34:42","slug":"cultura","status":"publish","type":"page","link":"https:\/\/www.guaranda.gob.ec\/newsiteCMT\/cultura\/","title":{"rendered":"Cultura"},"content":{"rendered":"<p style=\"text-align: justify;\"><blockquote class=\"boxquote text-left\"><p>Seg\u00fan C\u00e9sar Augusto Saltos, un guarande\u00f1o que hizo grandes aportes culturales, defini\u00f3 a la cultura como &#8220;torrente que se derrama incontenible por la vida. Mueve toda su potencialidad, y en sus productos de la elaboraci\u00f3n va marcando el signo de los tiempos, con sincronizaci\u00f3n de latitudes. Diferentes y sin lindes son sus manifestaciones como diversas e infinitas son sus esferas de acci\u00f3n&#8221; y esta definici\u00f3n acogemos los guarande\u00f1os para caracterizar nuestra cultura.<\/p><\/blockquote><\/p>\n<p style=\"text-align: justify;\">En el Cant\u00f3n Guaranda, confluyen una serie de manifestaciones culturales, que entrelazan lo urbano con lo rural agrario; lo mestizo e ind\u00edgena, que han construido, a lo largo de los a\u00f1os, tradiciones, h\u00e1bitos, leyendas y dem\u00e1s manifestaciones cultura propias del cant\u00f3n.<\/p>\n<p style=\"text-align: justify;\">En Guaranda, desde anta\u00f1o, ha habido una relaci\u00f3n cotidiana entre mestizos e ind\u00edgenas, de ah\u00ed que en el lenguaje del guarande\u00f1o se han asimilado como propios varios vocablos del kichwau como: arrarra\u00ed por &#8220;qu\u00e9 calor&#8221;; achachay por &#8220;qu\u00e9 fr\u00edo&#8221;. Esta relaci\u00f3n cotidiana intercultural le ha permitido a Guaranda construir una cultura basada en tradiciones, h\u00e1bitos, costumbres entrelazadas por las concepciones mestizas de origen espa\u00f1ol y las milenarias concepciones ind\u00edgenas.En la cultura del Cant\u00f3n Guaranda se nota una clara influencia de la cultura ind\u00edgena.<\/p>\n<p style=\"text-align: justify;\">Es necesario resaltar que los pueblos ind\u00edgenas que habitan en el cant\u00f3n Guaranda, guardan intactas muchas de sus costumbres y tradiciones. Hay varios pueblos ind\u00edgenas como los Warancas.<\/p>\n<p style=\"text-align: justify;\">En las fiestas religiosas, especialmente en la de San Pedro y San Pablo (29 de junio) se observa y siente \u00e9ste sincretismo entre el mundo mestizo y el ind\u00edgena.<\/p>\n<p style=\"text-align: justify;\">Guaranda, la ciudad de las Siete Colinas, con enormes manifestaciones culturales, dispersadas a lo largo de su geograf\u00eda, en las zonas urbanas y rurales; especialmente las de Carnaval, denominada por su gente como la Fiesta Mayor, en la que se demuestra plenamente todas sus manifestaciones culturales, plasmadas en la poes\u00eda, la m\u00fasica, la danza, la gastronom\u00eda, etc, ha plasmado una sinerg\u00eda muy especial entre sus habitantes, gracias al Carnaval, en donde la Cultura aglutina a toda la poblaci\u00f3n.<\/p>\n<p style=\"text-align: justify;\">Tambi\u00e9n Guaranda ha generado grandes valores humanos, que con su talento y capacidad han aportado a las letras, la poes\u00eda, el periodismo, las artes locales, regionales, nacionales y mundiales. Entre los m\u00e1s destacados tenemos a:<\/p>\n<ul>\n<li>Morayma Ofyr Carvajal Mari\u00f1o (Poetiza),<\/li>\n<li>C\u00e9sar Augusto Saltos (Escritor),<\/li>\n<li>Roberto Arregui Moscoso (Periodista),<\/li>\n<li>Luis Alberto Castillo Arregui (Periodista),<\/li>\n<li>Nilo de la Torre Vela (Poeta y Escritor),<\/li>\n<li>Lu\u00eds Falcon\u00ed Hidalgo (Escritor),<\/li>\n<li>Galo Galarza D\u00e1vila (Jurista y Escritor),<\/li>\n<li>Gabriel Galarza L\u00f3pez (Escritor),<\/li>\n<li>Bol\u00edvar Garc\u00eda L\u00f3pez (Escritor),<\/li>\n<li>Jos\u00e9 Humberto Gonz\u00e1lez (Historiador , Escritor),<\/li>\n<li>Lautaro Leofredo Le\u00f3n Alarc\u00f3n (Escritor, Periodista),<\/li>\n<li>Zoila Teresa Le\u00f3n Astudillo (escritora, Poetiza),<\/li>\n<li>Elisa Mari\u00f1o de Carvajal (Escritora, Poetiza),<\/li>\n<li>Miguel Noboa Espinosa (Escritor),<\/li>\n<li>Fausto Vinicio Silva Montenegro ( Escritor, Historiador, Periodista),<\/li>\n<li>Ramiro Silva (Escritor),<\/li>\n<li>Mar\u00eda Argentina Tapia del Pozo de Velasco (Escritora, Poetiza),<\/li>\n<li>Efra\u00edn Torres Ch\u00e1vez (Escritor),<\/li>\n<li>Eduardo Calero Jaramillo (Poeta, Escritor y Compositor)<\/li>\n<li>Homero V\u00e1sconez Benavides (Escritor, Periodista, Historiador),<\/li>\n<li>Jaime Enrique Velasco Almeida (Poeta).<\/li>\n<li>Gustavo Lemos Ram\u00edrez (Escritor).<\/li>\n<li>Gabriel Secaira Arguello (Escritor).<\/li>\n<li>David Vela Lombeyda (Escritor).<\/li>\n<\/ul>\n<p><strong>La Modernidad en la Cultura Guarande\u00f1a<\/strong><\/p>\n<p style=\"text-align: justify;\">Guaranda tambi\u00e9n ha recibido en al \u00e1mbito cultural la influencia de la Modernidad, puesto que a trav\u00e9s de los Medios de Comunicaci\u00f3n como la televisi\u00f3n, el internet, las radioemisoras, poco a poco, ha recibido el influjo de otras culturas, las mismas que han generado algunos sincretismos culturales muy interesantes. A ello debemos sumar la influencia que ha tenido en parte de la poblaci\u00f3n del Cant\u00f3n la corriente migratoria, tanto al interior del pa\u00eds como a otros pa\u00edses de Am\u00e9rica y Europa.<\/p>\n<p style=\"text-align: justify;\">En Guaranda conviven manifestaciones ancestrales relacionadas con la cultura ind\u00edgena y las nuevas vivencias culturales que se aprecian, especialmente, en los ni\u00f1os, ni\u00f1as y en los j\u00f3venes. Nuevas manifestaciones culturales testimonian esta realidad cultural.<\/p>\n","protected":false},"excerpt":{"rendered":"<p>En el Cant\u00f3n Guaranda, confluyen una serie de manifestaciones culturales, que entrelazan lo urbano con lo rural agrario; lo mestizo e ind\u00edgena, que han construido, a lo largo de los a\u00f1os, tradiciones, h\u00e1bitos, leyendas y dem\u00e1s manifestaciones cultura propias del cant\u00f3n. En Guaranda, desde anta\u00f1o, ha habido una relaci\u00f3n cotidiana entre mestizos e ind\u00edgenas, de [&hellip;]<\/p>\n","protected":false},"author":1,"featured_media":7964,"parent":0,"menu_order":0,"comment_status":"closed","ping_status":"closed","template":"","meta":{"give_campaign_id":0,"footnotes":""},"class_list":["post-45","page","type-page","status-publish","has-post-thumbnail","hentry"],"campaignId":"","jetpack_shortlink":"https:\/\/wp.me\/P7CGGh-J","jetpack_sharing_enabled":true,"_links":{"self":[{"href":"https:\/\/www.guaranda.gob.ec\/newsiteCMT\/wp-json\/wp\/v2\/pages\/45","targetHints":{"allow":["GET"]}}],"collection":[{"href":"https:\/\/www.guaranda.gob.ec\/newsiteCMT\/wp-json\/wp\/v2\/pages"}],"about":[{"href":"https:\/\/www.guaranda.gob.ec\/newsiteCMT\/wp-json\/wp\/v2\/types\/page"}],"author":[{"embeddable":true,"href":"https:\/\/www.guaranda.gob.ec\/newsiteCMT\/wp-json\/wp\/v2\/users\/1"}],"replies":[{"embeddable":true,"href":"https:\/\/www.guaranda.gob.ec\/newsiteCMT\/wp-json\/wp\/v2\/comments?post=45"}],"version-history":[{"count":5,"href":"https:\/\/www.guaranda.gob.ec\/newsiteCMT\/wp-json\/wp\/v2\/pages\/45\/revisions"}],"predecessor-version":[{"id":7970,"href":"https:\/\/www.guaranda.gob.ec\/newsiteCMT\/wp-json\/wp\/v2\/pages\/45\/revisions\/7970"}],"wp:featuredmedia":[{"embeddable":true,"href":"https:\/\/www.guaranda.gob.ec\/newsiteCMT\/wp-json\/wp\/v2\/media\/7964"}],"wp:attachment":[{"href":"https:\/\/www.guaranda.gob.ec\/newsiteCMT\/wp-json\/wp\/v2\/media?parent=45"}],"curies":[{"name":"wp","href":"https:\/\/api.w.org\/{rel}","templated":true}]}}