{"id":32,"date":"2016-06-08T12:18:09","date_gmt":"2016-06-08T17:18:09","guid":{"rendered":"http:\/\/guaranda.gob.ec\/newsiteCMT\/?page_id=32"},"modified":"2025-05-13T10:26:58","modified_gmt":"2025-05-13T15:26:58","slug":"la-ciudad","status":"publish","type":"page","link":"https:\/\/www.guaranda.gob.ec\/newsiteCMT\/la-ciudad\/","title":{"rendered":"La Ciudad"},"content":{"rendered":"<p style=\"text-align: justify;\">San Pedro de Guaranda es la capital de la Provincia de Bol\u00edvar, en la Rep\u00fablica del Ecuador, Am\u00e9rica del Sur. Est\u00e1 ubicada a 2.668 msnm., a solo 220 km. de Quito, la capital del pa\u00eds, y a 150 km. de Guayaquil, puerto principal.<\/p>\n<p style=\"text-align: justify;\">Se la conoce como &#8220;Ciudad de las Siete Colinas&#8221;, por estar rodeada de siete colinas: San Jacinto, Loma de Guaranda, San Bartolo, Cruzloma, Tililag, Talalag y el Mirador.<\/p>\n<p style=\"text-align: justify;\">Guaranda es una ciudad peque\u00f1a, muy pintoresca, multicolor, enclavada en la Cordillera Occidental de los Andes. Con una vista espectacular del volc\u00e1n Chimborazo. Cuenta con un clima muy agradable que oscila entre los 15 y 21 grados cent\u00edgrados. Guaranda tiene una infraestructura \u00fanica y llamativa, sus edificaciones llegan m\u00e1ximo a tres pisos, sus calles angostas son adoquinadas. Es una ciudad apacible, tranquila, sosegada, llena de calma, con gente muy amable y acogedora. Tiene el encanto de las ciudades id\u00f3neas para un buen descanso, en donde la cercan\u00eda y la camarader\u00eda es un plus que le da un encanto particular.<\/p>\n<p style=\"text-align: justify;\"><strong>Origen del nombre Guaranda<\/strong><\/p>\n<p style=\"text-align: justify;\">Guaranda probablemente provenga del nombre de una tribu primitiva que pobl\u00f3 los territorios en los que hoy se asienta la ciudad de Guaranda, llamados Guaranga.<\/p>\n<p style=\"text-align: justify;\">Guaranga tambi\u00e9n es el nombre de un frondoso \u00e1rbol que abundaba en este territorio, y uno de los cuales est\u00e1 sembrando en el parque 9 de Octubre de la ciudad, como s\u00edmbolo que recuerda \u00e9ste acontecimiento.<\/p>\n<p style=\"text-align: justify;\">Fausto Silva Montenegro sobre el origen del nombre Guaranda afirma lo siguiente &#8220;Perdida en la memoria del tiempo, se oculta entre los pliegues del desenvolvimiento cultural de los pueblos, la \u00e9poca de la fundaci\u00f3n aut\u00f3ctona de Guaranda. Sobre el origen de su nombre se encuentra entremezclada la leyenda y la realidad.<\/p>\n<p style=\"text-align: justify;\">Se supone que Pachac\u00e1mac se apareci\u00f3 al Cacique Guaranga:<\/p>\n<p style=\"text-align: justify;\"><blockquote class=\"boxquote text-left\"><p>\u201c\u2026 Ser\u00e1 a la hora en que el sol se encuentre en el cenit, y es entonces que no habr\u00e1 uno solo que no mire volando en el cielo una bandada de mil gavilanes disput\u00e1ndose una presa, la misma que al escaparse de sus garras caer\u00e1 al suelo\u2026 En el lugar que caiga y contin\u00fae la disputa que ser\u00e1 junto al ARBOL DE HUARANGO bajo cuyo espeso ramaje deliberan vuestras resoluciones, fundareis el asiento que llevar\u00e1 tu nombre, que significa POBLADO DE GAVILANES. Aves \u00e9stas que desde cuando hicieron su aparici\u00f3n aqu\u00ed, al caer de la tarde posan su vuelo entre las ramas del \u00e1rbol m\u00e1s gigantesco que sombrea la planicie\u201d. 1<\/p><footer>Augusto C. Saltos<\/footer><\/blockquote>.<\/p>\n<p style=\"text-align: justify;\">La hip\u00f3tesis de origen Chim\u00fa est\u00e1 basada en que se atribuye a ese idioma la existencia de palabras terminadas en NGA. Nuestra actual Capital Provincial pudo haber sido fundada por Mitimaes de Cajamarca, o sea, de la naci\u00f3n de los Yungas o Mochicas, donde hasta el siglo d\u00e9cimo s\u00e9ptimo se hablaba Chim\u00fa. En este caso pudo llamarse originalmente Guauhranga o Quauhranga, \u201cEl afijo cuach o quauh del idioma naguati (mejicano), se pronuncia en castellano como hua o gua, significando \u201cARBOL\u201d. En este caso se leer\u00eda Guaranga, como el \u201csitio del \u00e1rbol\u201d.<\/p>\n<p style=\"text-align: justify;\">La hip\u00f3tesis de origen kichwua establece que huaranga significa MIL, en base a ella, \u00bffueron talvez mil habitantes, quienes conformaron este poblado indio?\u2026 El \u00e1rbol \u201cGuarango\u201d (Grosopia t\u00f3rrida) cuyo ramaje serv\u00eda de abrigo a las reuniones de los caciques, tiene m\u00e1s credibilidad que la anterior, como antecedente del nombre de la actual capital de Bol\u00edvar, por cuanto la alegor\u00eda y simbolismo era muy marcado en estos pueblos.<\/p>\n<p style=\"text-align: justify;\">El investigador Abraham Erazo, (\u201cLa Provincia de Bol\u00edvar en 1934) relata una leyenda seg\u00fan la cual \u201cen \u00e9poca desconocida, se reunieron los Tomabelas en n\u00famero de mil y descendieron a establecer el poblado aborigen en el sitio que en el d\u00eda se levanta la capital provincial. Se ha querido encontrar aqu\u00ed la etimolog\u00eda de la palabra GUARANDA; pero, a nuestro criterio lo suponemos falta de fundamento hist\u00f3rico tal aseveraci\u00f3n\u201d.<\/p>\n<p style=\"text-align: justify;\">Los investigadores Costales y Pe\u00f1aherrera formulan la siguiente interpretaci\u00f3n: \u201cGuaranda viene de la voz Panzalca que significa poblado, y Auga o Auca que significa gavil\u00e1n, en kichwua quite\u00f1o y cusque\u00f1o, respectivamente, es decir \u201cPoblado del gavil\u00e1n\u201d\u201d.<\/p>\n<p style=\"text-align: justify;\"><blockquote class=\"text-center\"><p>Desde otra latitud, en la parroquia de Chillogallo, del cant\u00f3n Quito, se encuentra GUARANDAUCU, que es una vertiente, cuyo nombre en espa\u00f1ol corresponde a \u201chondonada de la primera fuente de agua pura del cerro\u201d. El nombre provendr\u00eda \u201cdel cakchiquel: quwa: fuente en agua pura, el adj, ra: primero, en p\u00e1ez: ta: cerro y el sust: ucu: hondonada, hueco\u201d. Desde este punto de vista, Guaranda, ser\u00eda \u201cprimera fuente de agua del cerro\u201d. 2<\/p><\/blockquote><\/p>\n<p style=\"text-align: justify;\"><strong>Ubicaci\u00f3n Geogr\u00e1fica<\/strong><\/p>\n<p style=\"text-align: justify;\">Localizada en la hoya de Chimbo, en el coraz\u00f3n del Ecuador, Guaranda se encuentra al noroeste de la Provincia de Bol\u00edvar, limitada al norte por la Provincia de Cotopaxi, al sur con los cantones Chimbo y San Miguel, al este la Provincia de Chimborazo y Tungurahua, y al oeste por los cantones de Las Naves, Caluma y Echeand\u00eda.<\/p>\n<p><iframe style=\"border: 0;\" src=\"https:\/\/www.google.com\/maps\/embed?pb=!1m18!1m12!1m3!1d18710.01500660581!2d-79.00819380739053!3d-1.5900586075454108!2m3!1f0!2f0!3f0!3m2!1i1024!2i768!4f13.1!3m3!1m2!1s0x91d31633414f2155%3A0x7ff4699820ed74ad!2sGuaranda!5e1!3m2!1ses!2sec!4v1461775228942\" width=\"600\" height=\"450\" frameborder=\"0\" allowfullscreen=\"allowfullscreen\"><\/iframe><\/p>\n<p><em style=\"line-height: 1.5;\">1. Augusto C\u00e9sar Saltos. Tradiciones y Leyendas CCE-NB. Mayo 1986. P\u00e1g. 81. Leyendas y tradiciones de Guaranda. Serie \u201cHistoria y Cultura\u201d # 4 del ICMG.Junio 1998. P\u00e1gs. 17 y 18<\/em><\/p>\n<p><em>2. Historia y Espacio Bolivarense. Toponimias de la Provincia de Bol\u00edvar. Dr. Miguel Puga. CCE-NB 1998. P\u00e1g. 252.<\/em><\/p>\n","protected":false},"excerpt":{"rendered":"<p>San Pedro de Guaranda es la capital de la Provincia de Bol\u00edvar, en la Rep\u00fablica del Ecuador, Am\u00e9rica del Sur. Est\u00e1 ubicada a 2.668 msnm., a solo 220 km. de Quito, la capital del pa\u00eds, y a 150 km. de Guayaquil, puerto principal. Se la conoce como &#8220;Ciudad de las Siete Colinas&#8221;, por estar rodeada [&hellip;]<\/p>\n","protected":false},"author":1,"featured_media":7931,"parent":0,"menu_order":0,"comment_status":"closed","ping_status":"closed","template":"","meta":{"give_campaign_id":0,"footnotes":""},"class_list":["post-32","page","type-page","status-publish","has-post-thumbnail","hentry"],"campaignId":"","jetpack_shortlink":"https:\/\/wp.me\/P7CGGh-w","jetpack_sharing_enabled":true,"_links":{"self":[{"href":"https:\/\/www.guaranda.gob.ec\/newsiteCMT\/wp-json\/wp\/v2\/pages\/32","targetHints":{"allow":["GET"]}}],"collection":[{"href":"https:\/\/www.guaranda.gob.ec\/newsiteCMT\/wp-json\/wp\/v2\/pages"}],"about":[{"href":"https:\/\/www.guaranda.gob.ec\/newsiteCMT\/wp-json\/wp\/v2\/types\/page"}],"author":[{"embeddable":true,"href":"https:\/\/www.guaranda.gob.ec\/newsiteCMT\/wp-json\/wp\/v2\/users\/1"}],"replies":[{"embeddable":true,"href":"https:\/\/www.guaranda.gob.ec\/newsiteCMT\/wp-json\/wp\/v2\/comments?post=32"}],"version-history":[{"count":1,"href":"https:\/\/www.guaranda.gob.ec\/newsiteCMT\/wp-json\/wp\/v2\/pages\/32\/revisions"}],"predecessor-version":[{"id":33,"href":"https:\/\/www.guaranda.gob.ec\/newsiteCMT\/wp-json\/wp\/v2\/pages\/32\/revisions\/33"}],"wp:featuredmedia":[{"embeddable":true,"href":"https:\/\/www.guaranda.gob.ec\/newsiteCMT\/wp-json\/wp\/v2\/media\/7931"}],"wp:attachment":[{"href":"https:\/\/www.guaranda.gob.ec\/newsiteCMT\/wp-json\/wp\/v2\/media?parent=32"}],"curies":[{"name":"wp","href":"https:\/\/api.w.org\/{rel}","templated":true}]}}