{"id":3043,"date":"2019-05-14T15:15:03","date_gmt":"2019-05-14T20:15:03","guid":{"rendered":"http:\/\/www.guaranda.gob.ec\/newsiteCMT\/?page_id=3043"},"modified":"2019-05-14T15:28:56","modified_gmt":"2019-05-14T20:28:56","slug":"plaza-del-carnaval","status":"publish","type":"page","link":"https:\/\/www.guaranda.gob.ec\/newsiteCMT\/plaza-del-carnaval\/","title":{"rendered":"PLAZA DEL CARNAVAL"},"content":{"rendered":"<p>Ubicada en el acceso sur de la ciudad de Guaranda, fue entregada a la ciudadan\u00eda en el mes de febrero del presente a\u00f1o, construida para albergar todo tipo de eventos culturales, c\u00edvicos y\u00a0 show art\u00edstico.<\/p>\n<p><img data-recalc-dims=\"1\" fetchpriority=\"high\" decoding=\"async\" class=\"aligncenter wp-image-3048 \" src=\"https:\/\/i0.wp.com\/www.guaranda.gob.ec\/newsiteCMT\/wp-content\/uploads\/2019\/05\/IMG_0697-e1557865293904-1024x590.jpg?resize=770%2C444&#038;ssl=1\" alt=\"\" width=\"770\" height=\"444\" srcset=\"https:\/\/i0.wp.com\/www.guaranda.gob.ec\/newsiteCMT\/wp-content\/uploads\/2019\/05\/IMG_0697-e1557865293904.jpg?resize=1024%2C590&amp;ssl=1 1024w, https:\/\/i0.wp.com\/www.guaranda.gob.ec\/newsiteCMT\/wp-content\/uploads\/2019\/05\/IMG_0697-e1557865293904.jpg?resize=300%2C173&amp;ssl=1 300w, https:\/\/i0.wp.com\/www.guaranda.gob.ec\/newsiteCMT\/wp-content\/uploads\/2019\/05\/IMG_0697-e1557865293904.jpg?w=1200&amp;ssl=1 1200w\" sizes=\"(max-width: 770px) 100vw, 770px\" \/>Dentro de la primera etapa que fue construida la plaza del carnaval tienes las siguientes \u00e1reas:<\/p>\n<ul>\n<li>Plaza Chacana.- a \u201cchacana\u201d o cruz andina es un s\u00edmbolo recurrente en las culturas originarias de los Andes. Su forma es la de una cruz cuadrada y escalonada, con doce puntas. El s\u00edmbolo en s\u00ed, es una referencia al Sol y la Cruz del Sur, aunque su forma, que sugiere una pir\u00e1mide con escaleras a los cuatro costados y centro circular, poseer\u00eda tambi\u00e9n un significado m\u00e1s elevado, en el sentido de se\u00f1alar la uni\u00f3n entre lo bajo y lo alto, la tierra y el sol, el hombre y lo superior. Chakana pues, se comprende ya no s\u00f3lo como un concepto arquitect\u00f3nico o geom\u00e9trico, sino que toma el significado de \u201cescalera hacia lo m\u00e1s elevado\u201d.<\/li>\n<li>Plaza del Sol.- Plaza de la Luna : en honor al respeto de nuestras culturas al astro rey y a la luna que rige sobre varios aspectos importantes de la vida.<\/li>\n<li>Plazoleta en honor al hist\u00f3rico Monumento Cacique Guaranga.<\/li>\n<li>En honor al antiguo busto elaborado en Piedra en honor a la tribu guaranga.<\/li>\n<li>Reubicaci\u00f3n y exaltaci\u00f3n del Monumento al H\u00e9roe de Guerra Cabo Analuisa.<\/li>\n<li>Estructura de tarima permanente.<\/li>\n<li>Plataformas para desarrollo de eventos culturales y c\u00edvicos.<\/li>\n<\/ul>\n<p>&nbsp;<\/p>\n","protected":false},"excerpt":{"rendered":"<p>Ubicada en el acceso sur de la ciudad de Guaranda, fue entregada a la ciudadan\u00eda en el mes de febrero del presente a\u00f1o, construida para albergar todo tipo de eventos culturales, c\u00edvicos y\u00a0 show art\u00edstico. Dentro de la primera etapa que fue construida la plaza del carnaval tienes las siguientes \u00e1reas: Plaza Chacana.- a \u201cchacana\u201d [&hellip;]<\/p>\n","protected":false},"author":3,"featured_media":3045,"parent":0,"menu_order":0,"comment_status":"closed","ping_status":"closed","template":"","meta":{"give_campaign_id":0,"footnotes":""},"class_list":["post-3043","page","type-page","status-publish","has-post-thumbnail","hentry"],"campaignId":"","jetpack_shortlink":"https:\/\/wp.me\/P7CGGh-N5","jetpack_sharing_enabled":true,"_links":{"self":[{"href":"https:\/\/www.guaranda.gob.ec\/newsiteCMT\/wp-json\/wp\/v2\/pages\/3043","targetHints":{"allow":["GET"]}}],"collection":[{"href":"https:\/\/www.guaranda.gob.ec\/newsiteCMT\/wp-json\/wp\/v2\/pages"}],"about":[{"href":"https:\/\/www.guaranda.gob.ec\/newsiteCMT\/wp-json\/wp\/v2\/types\/page"}],"author":[{"embeddable":true,"href":"https:\/\/www.guaranda.gob.ec\/newsiteCMT\/wp-json\/wp\/v2\/users\/3"}],"replies":[{"embeddable":true,"href":"https:\/\/www.guaranda.gob.ec\/newsiteCMT\/wp-json\/wp\/v2\/comments?post=3043"}],"version-history":[{"count":3,"href":"https:\/\/www.guaranda.gob.ec\/newsiteCMT\/wp-json\/wp\/v2\/pages\/3043\/revisions"}],"predecessor-version":[{"id":3050,"href":"https:\/\/www.guaranda.gob.ec\/newsiteCMT\/wp-json\/wp\/v2\/pages\/3043\/revisions\/3050"}],"wp:featuredmedia":[{"embeddable":true,"href":"https:\/\/www.guaranda.gob.ec\/newsiteCMT\/wp-json\/wp\/v2\/media\/3045"}],"wp:attachment":[{"href":"https:\/\/www.guaranda.gob.ec\/newsiteCMT\/wp-json\/wp\/v2\/media?parent=3043"}],"curies":[{"name":"wp","href":"https:\/\/api.w.org\/{rel}","templated":true}]}}