{"id":2876,"date":"2018-10-18T10:03:45","date_gmt":"2018-10-18T15:03:45","guid":{"rendered":"http:\/\/www.guaranda.gob.ec\/newsiteCMT\/?page_id=2876"},"modified":"2018-10-19T16:06:19","modified_gmt":"2018-10-19T21:06:19","slug":"bases-del-concurso-sabores-tradiciones-finados-colada-morada-guaguas-pan","status":"publish","type":"page","link":"https:\/\/www.guaranda.gob.ec\/newsiteCMT\/bases-del-concurso-sabores-tradiciones-finados-colada-morada-guaguas-pan\/","title":{"rendered":"BASES DEL CONCURSO \u201cSABORES Y TRADICIONES DE FINADOS\u201d COLADA MORADA Y GUAGUAS DE PAN"},"content":{"rendered":"<p><em>Por tercer a\u00f1o el Gobierno Aut\u00f3nomo Descentralizado del Cant\u00f3n Guaranda, y Acci\u00f3n Social Municipal, reconocer\u00e1 la conservaci\u00f3n de la receta original, y tradici\u00f3n familiar en la preparaci\u00f3n de la deliciosa Colada Morada y la Decoraci\u00f3n de Guaguas de Pan.<\/em><\/p>\n<p><em>Al evento se han invitado a: Familias, Organizaciones de los Barrios de Guaranda, Restaurantes y Panader\u00edas de la ciudad, Reinas de los cantones y parroquias, Estudiantes de la Carrera de Turismo y Hoteler\u00eda de la Universidad Estatal de Bol\u00edvar, el evento se realizara el d\u00eda viernes 26 de octubre del 2018, a partir de las 09:00 am en el Parque central El Libertador, y la premiaci\u00f3n a partir de las 12:00, para lo que dispondr\u00e1 de una zona completamente adecuada para la exhibici\u00f3n de los platos t\u00edpicos. (Carpas, mesas, sillas y manteler\u00eda)<\/em><\/p>\n<h1 style=\"text-align: center;\"><strong>BASES DEL CONCURSO:<\/strong><\/h1>\n<ul>\n<li><strong><em>Podr\u00e1n inscribirse al concurso en forma individual, grupal, familiar, comunitario, asociativo, empresa, o a trav\u00e9s de la Reina representando a un territorio.<\/em><\/strong><\/li>\n<li><strong><em>La inscripci\u00f3n no tiene valor alguno, es gratuito<\/em><\/strong><\/li>\n<li><strong><em>Realizar la inscripci\u00f3n al Concurso v\u00eda correo electr\u00f3nico a: accionsocialguaranda@gmail.com (llenando el formato adjunto), hasta el d\u00eda jueves 25 de octubre, hasta las 15:h00; llamando al celular: 0990654190; llamando al tel\u00e9fono convencional 03-2 551135 o acerc\u00e1ndose personalmente al 2\u00b0 piso del Edificio de la EPMAPA-G, a la oficina de Acci\u00f3n Social Municipal.<\/em><\/strong><\/li>\n<li>\n<h3><em><strong>FICHA DE INSCRIPCI\u00d3N &#8212;-&gt;&gt;&gt; <span style=\"color: #0000ff;\"><a href=\"https:\/\/www.guaranda.gob.ec\/newsiteCMT\/download\/FICHA-DE-INSCRIPCION-CONCURSO-GUAGUA-DE-PAN-Y-COLADA-MORADA.docx\">DESCARGAR<\/a><\/span><\/strong><\/em><\/h3>\n<\/li>\n<li><strong><em>Hacer la presentaci\u00f3n de la colada morada, en taza de cer\u00e1mica o barro, y la guagua de pan decorada con glace, tener dispuestos 5 vasos desechables el momento que el jurado califique el producto.<\/em><\/strong><\/li>\n<li><strong><em>Decorar su stand con productos utilizados en la elaboraci\u00f3n del plato t\u00edpico. (Un detalle muy importante, que ser\u00e1 evaluado por el jurado calificador)<\/em><\/strong><\/li>\n<li><strong><em>Los participantes, pueden llevar la cantidad de producto que deseen, el mismo que podr\u00e1n ser vendido en un rango de 0,50 a 0,75 por vaso.<\/em><\/strong><\/li>\n<li><strong><em>Se entregara reconocimientos a los tres finalistas, y certificados de participaci\u00f3n para todos. <\/em><\/strong><\/li>\n<li><strong><em>Se reconocer\u00e1 1 ganador, el cual tendr\u00e1 un premio econ\u00f3mico como incentivo a su participaci\u00f3n. <\/em><\/strong><\/li>\n<\/ul>\n<p style=\"text-align: center;\"><span style=\"color: #0000ff;\"><strong><em>Porque Amamos\u00a0 <\/em><\/strong><strong><em>Guaranda!!! <\/em><\/strong><\/span><\/p>\n<p style=\"text-align: center;\"><em><b>MANTENGAMOS NUESTRA TRADICI\u00d3N\u00a0DE FINADOS<\/b><\/em><\/p>\n<p><img data-recalc-dims=\"1\" fetchpriority=\"high\" decoding=\"async\" class=\"aligncenter wp-image-2877 size-full\" src=\"https:\/\/i0.wp.com\/www.guaranda.gob.ec\/newsiteCMT\/wp-content\/uploads\/2018\/10\/portconcurguaguapan-e1539875009608.jpg?resize=251%2C361&#038;ssl=1\" alt=\"\" width=\"251\" height=\"361\" srcset=\"https:\/\/i0.wp.com\/www.guaranda.gob.ec\/newsiteCMT\/wp-content\/uploads\/2018\/10\/portconcurguaguapan-e1539875009608.jpg?w=251&amp;ssl=1 251w, https:\/\/i0.wp.com\/www.guaranda.gob.ec\/newsiteCMT\/wp-content\/uploads\/2018\/10\/portconcurguaguapan-e1539875009608.jpg?resize=209%2C300&amp;ssl=1 209w\" sizes=\"(max-width: 251px) 100vw, 251px\" \/><\/p>\n<p>&nbsp;<\/p>\n","protected":false},"excerpt":{"rendered":"<p>Por tercer a\u00f1o el Gobierno Aut\u00f3nomo Descentralizado del Cant\u00f3n Guaranda, y Acci\u00f3n Social Municipal, reconocer\u00e1 la conservaci\u00f3n de la receta original, y tradici\u00f3n familiar en la preparaci\u00f3n de la deliciosa Colada Morada y la Decoraci\u00f3n de Guaguas de Pan. Al evento se han invitado a: Familias, Organizaciones de los Barrios de Guaranda, Restaurantes y Panader\u00edas [&hellip;]<\/p>\n","protected":false},"author":3,"featured_media":2882,"parent":0,"menu_order":0,"comment_status":"closed","ping_status":"closed","template":"","meta":{"give_campaign_id":0,"footnotes":""},"class_list":["post-2876","page","type-page","status-publish","has-post-thumbnail","hentry"],"campaignId":"","jetpack_shortlink":"https:\/\/wp.me\/P7CGGh-Ko","jetpack_sharing_enabled":true,"_links":{"self":[{"href":"https:\/\/www.guaranda.gob.ec\/newsiteCMT\/wp-json\/wp\/v2\/pages\/2876","targetHints":{"allow":["GET"]}}],"collection":[{"href":"https:\/\/www.guaranda.gob.ec\/newsiteCMT\/wp-json\/wp\/v2\/pages"}],"about":[{"href":"https:\/\/www.guaranda.gob.ec\/newsiteCMT\/wp-json\/wp\/v2\/types\/page"}],"author":[{"embeddable":true,"href":"https:\/\/www.guaranda.gob.ec\/newsiteCMT\/wp-json\/wp\/v2\/users\/3"}],"replies":[{"embeddable":true,"href":"https:\/\/www.guaranda.gob.ec\/newsiteCMT\/wp-json\/wp\/v2\/comments?post=2876"}],"version-history":[{"count":3,"href":"https:\/\/www.guaranda.gob.ec\/newsiteCMT\/wp-json\/wp\/v2\/pages\/2876\/revisions"}],"predecessor-version":[{"id":2880,"href":"https:\/\/www.guaranda.gob.ec\/newsiteCMT\/wp-json\/wp\/v2\/pages\/2876\/revisions\/2880"}],"wp:featuredmedia":[{"embeddable":true,"href":"https:\/\/www.guaranda.gob.ec\/newsiteCMT\/wp-json\/wp\/v2\/media\/2882"}],"wp:attachment":[{"href":"https:\/\/www.guaranda.gob.ec\/newsiteCMT\/wp-json\/wp\/v2\/media?parent=2876"}],"curies":[{"name":"wp","href":"https:\/\/api.w.org\/{rel}","templated":true}]}}