{"id":255,"date":"2016-06-14T12:00:28","date_gmt":"2016-06-14T17:00:28","guid":{"rendered":"http:\/\/guaranda.gob.ec\/newsiteCMT\/?page_id=255"},"modified":"2016-11-15T22:45:51","modified_gmt":"2016-11-16T03:45:51","slug":"iglesias","status":"publish","type":"page","link":"https:\/\/www.guaranda.gob.ec\/newsiteCMT\/iglesias\/","title":{"rendered":"Iglesias"},"content":{"rendered":"\n\t\t<style type=\"text\/css\">\n\t\t\t#gallery-1 {\n\t\t\t\tmargin: auto;\n\t\t\t}\n\t\t\t#gallery-1 .gallery-item {\n\t\t\t\tfloat: left;\n\t\t\t\tmargin-top: 10px;\n\t\t\t\ttext-align: center;\n\t\t\t\twidth: 33%;\n\t\t\t}\n\t\t\t#gallery-1 img {\n\t\t\t\tborder: 2px solid #cfcfcf;\n\t\t\t}\n\t\t\t#gallery-1 .gallery-caption {\n\t\t\t\tmargin-left: 0;\n\t\t\t}\n\t\t\t\/* see gallery_shortcode() in wp-includes\/media.php *\/\n\t\t<\/style>\n\t\t<div id='gallery-1' class='gallery galleryid-255 gallery-columns-3 gallery-size-thumbnail'><dl class='gallery-item'>\n\t\t\t<dt class='gallery-icon landscape'>\n\t\t\t\t<a href='https:\/\/www.guaranda.gob.ec\/newsiteCMT\/iglesias\/marianitas\/'><img decoding=\"async\" width=\"150\" height=\"150\" src=\"https:\/\/i0.wp.com\/www.guaranda.gob.ec\/newsiteCMT\/wp-content\/uploads\/2016\/06\/marianitas.jpg?resize=150%2C150&amp;ssl=1\" class=\"attachment-thumbnail size-thumbnail\" alt=\"Iglesia de El Carmelo\" aria-describedby=\"gallery-1-258\" srcset=\"https:\/\/i0.wp.com\/www.guaranda.gob.ec\/newsiteCMT\/wp-content\/uploads\/2016\/06\/marianitas.jpg?resize=150%2C150&amp;ssl=1 150w, https:\/\/i0.wp.com\/www.guaranda.gob.ec\/newsiteCMT\/wp-content\/uploads\/2016\/06\/marianitas.jpg?zoom=2&amp;resize=150%2C150&amp;ssl=1 300w, https:\/\/i0.wp.com\/www.guaranda.gob.ec\/newsiteCMT\/wp-content\/uploads\/2016\/06\/marianitas.jpg?zoom=3&amp;resize=150%2C150&amp;ssl=1 450w\" sizes=\"(max-width: 150px) 100vw, 150px\" \/><\/a>\n\t\t\t<\/dt>\n\t\t\t\t<dd class='wp-caption-text gallery-caption' id='gallery-1-258'>\n\t\t\t\tIglesia de El Carmelo\n\t\t\t\t<\/dd><\/dl><dl class='gallery-item'>\n\t\t\t<dt class='gallery-icon landscape'>\n\t\t\t\t<a href='https:\/\/www.guaranda.gob.ec\/newsiteCMT\/iglesias\/monjitas\/'><img decoding=\"async\" width=\"150\" height=\"150\" src=\"https:\/\/i0.wp.com\/www.guaranda.gob.ec\/newsiteCMT\/wp-content\/uploads\/2016\/06\/monjitas.jpg?resize=150%2C150&amp;ssl=1\" class=\"attachment-thumbnail size-thumbnail\" alt=\"\" aria-describedby=\"gallery-1-257\" srcset=\"https:\/\/i0.wp.com\/www.guaranda.gob.ec\/newsiteCMT\/wp-content\/uploads\/2016\/06\/monjitas.jpg?resize=150%2C150&amp;ssl=1 150w, https:\/\/i0.wp.com\/www.guaranda.gob.ec\/newsiteCMT\/wp-content\/uploads\/2016\/06\/monjitas.jpg?zoom=2&amp;resize=150%2C150&amp;ssl=1 300w, https:\/\/i0.wp.com\/www.guaranda.gob.ec\/newsiteCMT\/wp-content\/uploads\/2016\/06\/monjitas.jpg?zoom=3&amp;resize=150%2C150&amp;ssl=1 450w\" sizes=\"(max-width: 150px) 100vw, 150px\" \/><\/a>\n\t\t\t<\/dt>\n\t\t\t\t<dd class='wp-caption-text gallery-caption' id='gallery-1-257'>\n\t\t\t\tIglesia Santa Marianita de Jes\u00fas\n\t\t\t\t<\/dd><\/dl><dl class='gallery-item'>\n\t\t\t<dt class='gallery-icon landscape'>\n\t\t\t\t<a href='https:\/\/www.guaranda.gob.ec\/newsiteCMT\/iglesias\/catedral\/'><img decoding=\"async\" width=\"150\" height=\"150\" src=\"https:\/\/i0.wp.com\/www.guaranda.gob.ec\/newsiteCMT\/wp-content\/uploads\/2016\/06\/catedral.jpg?resize=150%2C150&amp;ssl=1\" class=\"attachment-thumbnail size-thumbnail\" alt=\"Catedral de Guaranda\" aria-describedby=\"gallery-1-259\" srcset=\"https:\/\/i0.wp.com\/www.guaranda.gob.ec\/newsiteCMT\/wp-content\/uploads\/2016\/06\/catedral.jpg?resize=150%2C150&amp;ssl=1 150w, https:\/\/i0.wp.com\/www.guaranda.gob.ec\/newsiteCMT\/wp-content\/uploads\/2016\/06\/catedral.jpg?zoom=2&amp;resize=150%2C150&amp;ssl=1 300w, https:\/\/i0.wp.com\/www.guaranda.gob.ec\/newsiteCMT\/wp-content\/uploads\/2016\/06\/catedral.jpg?zoom=3&amp;resize=150%2C150&amp;ssl=1 450w\" sizes=\"(max-width: 150px) 100vw, 150px\" \/><\/a>\n\t\t\t<\/dt>\n\t\t\t\t<dd class='wp-caption-text gallery-caption' id='gallery-1-259'>\n\t\t\t\tCatedral de Guaranda\n\t\t\t\t<\/dd><\/dl><br style=\"clear: both\" \/>\n\t\t<\/div>\n\n\n\t\t<style type=\"text\/css\">\n\t\t\t#gallery-2 {\n\t\t\t\tmargin: auto;\n\t\t\t}\n\t\t\t#gallery-2 .gallery-item {\n\t\t\t\tfloat: left;\n\t\t\t\tmargin-top: 10px;\n\t\t\t\ttext-align: center;\n\t\t\t\twidth: 33%;\n\t\t\t}\n\t\t\t#gallery-2 img {\n\t\t\t\tborder: 2px solid #cfcfcf;\n\t\t\t}\n\t\t\t#gallery-2 .gallery-caption {\n\t\t\t\tmargin-left: 0;\n\t\t\t}\n\t\t\t\/* see gallery_shortcode() in wp-includes\/media.php *\/\n\t\t<\/style>\n\t\t<div id='gallery-2' class='gallery galleryid-255 gallery-columns-3 gallery-size-thumbnail'><dl class='gallery-item'>\n\t\t\t<dt class='gallery-icon portrait'>\n\t\t\t\t<a href='https:\/\/www.guaranda.gob.ec\/newsiteCMT\/iglesias\/iglesia-primero-de-mayo\/'><img loading=\"lazy\" decoding=\"async\" width=\"150\" height=\"150\" src=\"https:\/\/i0.wp.com\/www.guaranda.gob.ec\/newsiteCMT\/wp-content\/uploads\/2016\/06\/iglesia-primero-de-mayo.jpg?resize=150%2C150&amp;ssl=1\" class=\"attachment-thumbnail size-thumbnail\" alt=\"Iglesia Primero de Mayo\" aria-describedby=\"gallery-2-549\" \/><\/a>\n\t\t\t<\/dt>\n\t\t\t\t<dd class='wp-caption-text gallery-caption' id='gallery-2-549'>\n\t\t\t\tIglesia Primero de Mayo\n\t\t\t\t<\/dd><\/dl><dl class='gallery-item'>\n\t\t\t<dt class='gallery-icon landscape'>\n\t\t\t\t<a href='https:\/\/www.guaranda.gob.ec\/newsiteCMT\/iglesias\/catedral-2\/'><img loading=\"lazy\" decoding=\"async\" width=\"150\" height=\"150\" src=\"https:\/\/i0.wp.com\/www.guaranda.gob.ec\/newsiteCMT\/wp-content\/uploads\/2016\/06\/Catedral-2.jpg?resize=150%2C150&amp;ssl=1\" class=\"attachment-thumbnail size-thumbnail\" alt=\"Iglesia de la Catedral\" aria-describedby=\"gallery-2-551\" srcset=\"https:\/\/i0.wp.com\/www.guaranda.gob.ec\/newsiteCMT\/wp-content\/uploads\/2016\/06\/Catedral-2.jpg?resize=150%2C150&amp;ssl=1 150w, https:\/\/i0.wp.com\/www.guaranda.gob.ec\/newsiteCMT\/wp-content\/uploads\/2016\/06\/Catedral-2.jpg?zoom=2&amp;resize=150%2C150&amp;ssl=1 300w\" sizes=\"(max-width: 150px) 100vw, 150px\" \/><\/a>\n\t\t\t<\/dt>\n\t\t\t\t<dd class='wp-caption-text gallery-caption' id='gallery-2-551'>\n\t\t\t\tIglesia de la Catedral\n\t\t\t\t<\/dd><\/dl><dl class='gallery-item'>\n\t\t\t<dt class='gallery-icon portrait'>\n\t\t\t\t<a href='https:\/\/www.guaranda.gob.ec\/newsiteCMT\/iglesias\/iglesia-guanujo-1\/'><img loading=\"lazy\" decoding=\"async\" width=\"150\" height=\"150\" src=\"https:\/\/i0.wp.com\/www.guaranda.gob.ec\/newsiteCMT\/wp-content\/uploads\/2016\/06\/IGLESIA-GUANUJO-1.jpg?resize=150%2C150&amp;ssl=1\" class=\"attachment-thumbnail size-thumbnail\" alt=\"Iglesia de Guanujo\" aria-describedby=\"gallery-2-552\" srcset=\"https:\/\/i0.wp.com\/www.guaranda.gob.ec\/newsiteCMT\/wp-content\/uploads\/2016\/06\/IGLESIA-GUANUJO-1.jpg?resize=150%2C150&amp;ssl=1 150w, https:\/\/i0.wp.com\/www.guaranda.gob.ec\/newsiteCMT\/wp-content\/uploads\/2016\/06\/IGLESIA-GUANUJO-1.jpg?resize=450%2C450&amp;ssl=1 450w, https:\/\/i0.wp.com\/www.guaranda.gob.ec\/newsiteCMT\/wp-content\/uploads\/2016\/06\/IGLESIA-GUANUJO-1.jpg?zoom=2&amp;resize=150%2C150&amp;ssl=1 300w\" sizes=\"(max-width: 150px) 100vw, 150px\" \/><\/a>\n\t\t\t<\/dt>\n\t\t\t\t<dd class='wp-caption-text gallery-caption' id='gallery-2-552'>\n\t\t\t\tIglesia de Guanujo\n\t\t\t\t<\/dd><\/dl><br style=\"clear: both\" \/><dl class='gallery-item'>\n\t\t\t<dt class='gallery-icon portrait'>\n\t\t\t\t<a href='https:\/\/www.guaranda.gob.ec\/newsiteCMT\/iglesias\/iglesia-guanujo-2\/'><img loading=\"lazy\" decoding=\"async\" width=\"150\" height=\"150\" src=\"https:\/\/i0.wp.com\/www.guaranda.gob.ec\/newsiteCMT\/wp-content\/uploads\/2016\/06\/Iglesia-Guanujo-2.jpg?resize=150%2C150&amp;ssl=1\" class=\"attachment-thumbnail size-thumbnail\" alt=\"Iglesia de Guanujo\" aria-describedby=\"gallery-2-553\" srcset=\"https:\/\/i0.wp.com\/www.guaranda.gob.ec\/newsiteCMT\/wp-content\/uploads\/2016\/06\/Iglesia-Guanujo-2.jpg?resize=150%2C150&amp;ssl=1 150w, https:\/\/i0.wp.com\/www.guaranda.gob.ec\/newsiteCMT\/wp-content\/uploads\/2016\/06\/Iglesia-Guanujo-2.jpg?resize=450%2C450&amp;ssl=1 450w, https:\/\/i0.wp.com\/www.guaranda.gob.ec\/newsiteCMT\/wp-content\/uploads\/2016\/06\/Iglesia-Guanujo-2.jpg?zoom=2&amp;resize=150%2C150&amp;ssl=1 300w\" sizes=\"(max-width: 150px) 100vw, 150px\" \/><\/a>\n\t\t\t<\/dt>\n\t\t\t\t<dd class='wp-caption-text gallery-caption' id='gallery-2-553'>\n\t\t\t\tIglesia de Guanujo\n\t\t\t\t<\/dd><\/dl><dl class='gallery-item'>\n\t\t\t<dt class='gallery-icon portrait'>\n\t\t\t\t<a href='https:\/\/www.guaranda.gob.ec\/newsiteCMT\/iglesias\/iglesia-marianitas\/'><img loading=\"lazy\" decoding=\"async\" width=\"150\" height=\"150\" src=\"https:\/\/i0.wp.com\/www.guaranda.gob.ec\/newsiteCMT\/wp-content\/uploads\/2016\/06\/iglesia-marianitas.jpg?resize=150%2C150&amp;ssl=1\" class=\"attachment-thumbnail size-thumbnail\" alt=\"Iglesia Marianitas\" aria-describedby=\"gallery-2-554\" srcset=\"https:\/\/i0.wp.com\/www.guaranda.gob.ec\/newsiteCMT\/wp-content\/uploads\/2016\/06\/iglesia-marianitas.jpg?resize=150%2C150&amp;ssl=1 150w, https:\/\/i0.wp.com\/www.guaranda.gob.ec\/newsiteCMT\/wp-content\/uploads\/2016\/06\/iglesia-marianitas.jpg?resize=450%2C450&amp;ssl=1 450w, https:\/\/i0.wp.com\/www.guaranda.gob.ec\/newsiteCMT\/wp-content\/uploads\/2016\/06\/iglesia-marianitas.jpg?zoom=2&amp;resize=150%2C150&amp;ssl=1 300w\" sizes=\"(max-width: 150px) 100vw, 150px\" \/><\/a>\n\t\t\t<\/dt>\n\t\t\t\t<dd class='wp-caption-text gallery-caption' id='gallery-2-554'>\n\t\t\t\tIglesia Marianitas\n\t\t\t\t<\/dd><\/dl><dl class='gallery-item'>\n\t\t\t<dt class='gallery-icon portrait'>\n\t\t\t\t<a href='https:\/\/www.guaranda.gob.ec\/newsiteCMT\/iglesias\/iglesia-marianitass\/'><img loading=\"lazy\" decoding=\"async\" width=\"150\" height=\"150\" src=\"https:\/\/i0.wp.com\/www.guaranda.gob.ec\/newsiteCMT\/wp-content\/uploads\/2016\/06\/iglesia-marianitass.jpg?resize=150%2C150&amp;ssl=1\" class=\"attachment-thumbnail size-thumbnail\" alt=\"Iglesia Marianitas\" aria-describedby=\"gallery-2-555\" \/><\/a>\n\t\t\t<\/dt>\n\t\t\t\t<dd class='wp-caption-text gallery-caption' id='gallery-2-555'>\n\t\t\t\tIglesia Marianitas\n\t\t\t\t<\/dd><\/dl><br style=\"clear: both\" \/>\n\t\t<\/div>\n\n<h3>Iglesia Catedral San Pedro de Guaranda<\/h3>\n<p>Es de tipo neocl\u00e1sica, conserva elementos renacentistas, rom\u00e1nticos, mud\u00e9jar, barroco e incluso g\u00f3tico. La planta es rectangular y de caracter\u00edsticas rom\u00e1nticas, en el centro del \u00e1bside se encuentra el altar.<\/p>\n<p>Su fachada, construida de piedra labrada, culmina en dos hermosas torres, muy bien iluminadas en la noche, que le dan un encanto \u00fanico a la noche guarande\u00f1a.. Tambi\u00e9n cuenta con una Cruz de la \u00e9poca de la colonia. En su interior se aprecian arcos de medio punto en las naves y en las ventanas, junto a las naves se levantan las capillas, donde se puede apreciar hermosas pinturas y tallados en madera.<\/p>\n<p>En los portales laterales permanecen interesantes retablos, y en el resto del edificio abunda un trabajo delicado, que se manifiesta de forma magnifica en la fachada occidental, con un interesante cuadro del juicio final.<\/p>\n<p>En el interior del templo se nota el arte y la vida religiosa que la rodea. La conservaci\u00f3n de sus reliquias y la importancia de estas, hace que Guaranda sea considerado unas de las ciudades hist\u00f3ricamente m\u00e1s importantes de Ecuador.<\/p>\n<p>La Catedral de San Pedro de Guaranda, ofrece a sus visitantes una singular belleza, su estilo neocl\u00e1sico que\u00a0 conserva detalles de diferentes tendencias que van desde el rom\u00e1ntico hasta el g\u00f3tico.<\/p>\n<p>La Catedral de San Pedro es sin duda uno de los bienes patrimoniales m\u00e1s notables de Guaranda, poniendo su sello dominante en el perfil de la ciudad. Las modificaciones tanto en el interior como en el exterior han variado substancialmente su arquitectura original.<\/p>\n<p>Est\u00e1 ubicada en el centro de la ciudad de Guaranda, a un costado del Parque El Libertador, en las calles 10 de agosto entre Convenci\u00f3n de 1884 y Sucre.<\/p>\n<h3>Iglesia del Sant\u00edsimo Sacramento &#8211; de las Marianitas<\/h3>\n<p>Tambi\u00e9n conocida como Iglesia Santa Marianita de Jes\u00fas. Los planos de esta iglesia fueron dise\u00f1ados por la Madre Delfina Troya.<\/p>\n<p>Su construcci\u00f3n es de adobe, tumbado de bahareque, el techo de madera y la cubierta de teja. La fachada principal esta hecha casi en su totalidad de piedra labrada.<\/p>\n<p>El Altar mayor esta dise\u00f1ado de madera. Es una obra del guarande\u00f1o Miguel Calero. Las pinturas que se encuentran en su interior tambi\u00e9n fueron trabajadas por sor Delfina Troya.<\/p>\n<p>Hace un par de a\u00f1os fue sometida toda la Iglesia a un proceso de restauraci\u00f3n. Actualmente est\u00e1 totalmente rehabilitada.<\/p>\n","protected":false},"excerpt":{"rendered":"<p>Iglesia Catedral San Pedro de Guaranda Es de tipo neocl\u00e1sica, conserva elementos renacentistas, rom\u00e1nticos, mud\u00e9jar, barroco e incluso g\u00f3tico. La planta es rectangular y de caracter\u00edsticas rom\u00e1nticas, en el centro del \u00e1bside se encuentra el altar. Su fachada, construida de piedra labrada, culmina en dos hermosas torres, muy bien iluminadas en la noche, que le [&hellip;]<\/p>\n","protected":false},"author":1,"featured_media":0,"parent":0,"menu_order":0,"comment_status":"closed","ping_status":"closed","template":"","meta":{"give_campaign_id":0,"footnotes":""},"class_list":["post-255","page","type-page","status-publish","hentry"],"campaignId":"","jetpack_shortlink":"https:\/\/wp.me\/P7CGGh-47","jetpack_sharing_enabled":true,"_links":{"self":[{"href":"https:\/\/www.guaranda.gob.ec\/newsiteCMT\/wp-json\/wp\/v2\/pages\/255","targetHints":{"allow":["GET"]}}],"collection":[{"href":"https:\/\/www.guaranda.gob.ec\/newsiteCMT\/wp-json\/wp\/v2\/pages"}],"about":[{"href":"https:\/\/www.guaranda.gob.ec\/newsiteCMT\/wp-json\/wp\/v2\/types\/page"}],"author":[{"embeddable":true,"href":"https:\/\/www.guaranda.gob.ec\/newsiteCMT\/wp-json\/wp\/v2\/users\/1"}],"replies":[{"embeddable":true,"href":"https:\/\/www.guaranda.gob.ec\/newsiteCMT\/wp-json\/wp\/v2\/comments?post=255"}],"version-history":[{"count":4,"href":"https:\/\/www.guaranda.gob.ec\/newsiteCMT\/wp-json\/wp\/v2\/pages\/255\/revisions"}],"predecessor-version":[{"id":746,"href":"https:\/\/www.guaranda.gob.ec\/newsiteCMT\/wp-json\/wp\/v2\/pages\/255\/revisions\/746"}],"wp:attachment":[{"href":"https:\/\/www.guaranda.gob.ec\/newsiteCMT\/wp-json\/wp\/v2\/media?parent=255"}],"curies":[{"name":"wp","href":"https:\/\/api.w.org\/{rel}","templated":true}]}}