{"id":246,"date":"2016-06-14T11:52:45","date_gmt":"2016-06-14T16:52:45","guid":{"rendered":"http:\/\/guaranda.gob.ec\/newsiteCMT\/?page_id=246"},"modified":"2016-06-14T11:52:45","modified_gmt":"2016-06-14T16:52:45","slug":"parque-telmo-jimenez-guanujo","status":"publish","type":"page","link":"https:\/\/www.guaranda.gob.ec\/newsiteCMT\/parque-telmo-jimenez-guanujo\/","title":{"rendered":"PARQUE TELMO JIM\u00c9NEZ &#8211; GUANUJO"},"content":{"rendered":"<p style=\"text-align: justify;\">Se encuentra en el centro de la parroquia urbana de Guanujo, entre las calles Adolfo P\u00e1ez, Juan Jos\u00e9 Flores, antigua Garc\u00eda Moreno hoy Carabobo y Sim\u00f3n Bol\u00edvar.<\/p>\n<p style=\"text-align: justify;\">Su nombre se debe al prestante ciudadano guanuje\u00f1o Telmo Jim\u00e9nez, quien ocup\u00f3 varias funciones p\u00fablicas con atesorada honradez, cualidad \u00a0que ha hecho que perdure su nombre a trav\u00e9s de varias generaciones.<\/p>\n<p style=\"text-align: justify;\">Alrededor del parque se desarrollan las fiestas de San Pedro en el mes de junio.<\/p>\n<p style=\"text-align: justify;\">Al frente del parque est\u00e1 la Iglesia Matriz de Guanujo, importante edificaci\u00f3n, de caracter\u00edsticas similares a la Iglesia Catedral de Guaranda.<\/p>\n","protected":false},"excerpt":{"rendered":"<p>Se encuentra en el centro de la parroquia urbana de Guanujo, entre las calles Adolfo P\u00e1ez, Juan Jos\u00e9 Flores, antigua Garc\u00eda Moreno hoy Carabobo y Sim\u00f3n Bol\u00edvar. Su nombre se debe al prestante ciudadano guanuje\u00f1o Telmo Jim\u00e9nez, quien ocup\u00f3 varias funciones p\u00fablicas con atesorada honradez, cualidad \u00a0que ha hecho que perdure su nombre a trav\u00e9s [&hellip;]<\/p>\n","protected":false},"author":1,"featured_media":247,"parent":0,"menu_order":0,"comment_status":"closed","ping_status":"closed","template":"","meta":{"give_campaign_id":0,"footnotes":""},"class_list":["post-246","page","type-page","status-publish","has-post-thumbnail","hentry"],"campaignId":"","jetpack_shortlink":"https:\/\/wp.me\/P7CGGh-3Y","jetpack_sharing_enabled":true,"_links":{"self":[{"href":"https:\/\/www.guaranda.gob.ec\/newsiteCMT\/wp-json\/wp\/v2\/pages\/246","targetHints":{"allow":["GET"]}}],"collection":[{"href":"https:\/\/www.guaranda.gob.ec\/newsiteCMT\/wp-json\/wp\/v2\/pages"}],"about":[{"href":"https:\/\/www.guaranda.gob.ec\/newsiteCMT\/wp-json\/wp\/v2\/types\/page"}],"author":[{"embeddable":true,"href":"https:\/\/www.guaranda.gob.ec\/newsiteCMT\/wp-json\/wp\/v2\/users\/1"}],"replies":[{"embeddable":true,"href":"https:\/\/www.guaranda.gob.ec\/newsiteCMT\/wp-json\/wp\/v2\/comments?post=246"}],"version-history":[{"count":1,"href":"https:\/\/www.guaranda.gob.ec\/newsiteCMT\/wp-json\/wp\/v2\/pages\/246\/revisions"}],"predecessor-version":[{"id":248,"href":"https:\/\/www.guaranda.gob.ec\/newsiteCMT\/wp-json\/wp\/v2\/pages\/246\/revisions\/248"}],"wp:featuredmedia":[{"embeddable":true,"href":"https:\/\/www.guaranda.gob.ec\/newsiteCMT\/wp-json\/wp\/v2\/media\/247"}],"wp:attachment":[{"href":"https:\/\/www.guaranda.gob.ec\/newsiteCMT\/wp-json\/wp\/v2\/media?parent=246"}],"curies":[{"name":"wp","href":"https:\/\/api.w.org\/{rel}","templated":true}]}}