{"id":243,"date":"2016-06-14T11:51:07","date_gmt":"2016-06-14T16:51:07","guid":{"rendered":"http:\/\/guaranda.gob.ec\/newsiteCMT\/?page_id=243"},"modified":"2019-05-14T15:29:28","modified_gmt":"2019-05-14T20:29:28","slug":"parque-echendia-plaza-roja","status":"publish","type":"page","link":"https:\/\/www.guaranda.gob.ec\/newsiteCMT\/parque-echendia-plaza-roja\/","title":{"rendered":"PARQUE ECHEAND\u00cdA &#8211; PLAZA ROJA"},"content":{"rendered":"<p>[vc_row][vc_column][vc_column_text]<\/p>\n<p style=\"text-align: justify;\">El parque lleva este nombre en memoria del coronel guarande\u00f1o Manuel de Echeand\u00eda, cuenta con un monumento en su honor. Echeand\u00eda fue uno de los oficiales y el tesorero de campa\u00f1a libertaria del Libertador Sim\u00f3n Bol\u00edvar.<\/p>\n<p style=\"text-align: justify;\">Se encuentra localizado en la parte superior de la Avenida General Enr\u00edquez y Avenida C\u00e1ndido Rada, conocido como Barrio Guanguliquin o mas popular como Plaza Roja. Fue remodelado y se construy\u00f3 una Plazoleta C\u00edvica para diversos eventos culturales y c\u00edvicos.<\/p>\n<p style=\"text-align: justify;\">En la Plaza Roja se realizan presentaciones de artistas nacionales y extranjeros en los d\u00edas del Carnaval, lo que genera masivas concentraciones durante los d\u00edas en que se celebra esta fiesta.<\/p>\n<p style=\"text-align: justify;\">Frente a este Parque est\u00e1 el Colegio &#8220;Verbo Divino&#8221;, que ha formado a varias generaciones de guarande\u00f1os y bolivarenses que han aportado a su desarrollo y crecimiento social, econ\u00f3mico, pol\u00edtico y cultural.<\/p>\n<p style=\"text-align: justify;\">Es un parque peque\u00f1o y encantador que se llena de ni\u00f1os, ni\u00f1as y j\u00f3venes muy temprano en la ma\u00f1ana y la mediod\u00eda, cuando ingresan y salen de clases los estudiantes del Colegio Verbo Divino.<\/p>\n<p>[\/vc_column_text][\/vc_column][\/vc_row][vc_row][vc_column][vc_gallery interval=&#8221;3&#8243; images=&#8221;3051,2447,2446,3052&#8243; img_size=&#8221;full&#8221;][\/vc_column][\/vc_row]<\/p>\n","protected":false},"excerpt":{"rendered":"<p>[vc_row][vc_column][vc_column_text] El parque lleva este nombre en memoria del coronel guarande\u00f1o Manuel de Echeand\u00eda, cuenta con un monumento en su honor. Echeand\u00eda fue uno de los oficiales y el tesorero de campa\u00f1a libertaria del Libertador Sim\u00f3n Bol\u00edvar. Se encuentra localizado en la parte superior de la Avenida General Enr\u00edquez y Avenida C\u00e1ndido Rada, conocido como [&hellip;]<\/p>\n","protected":false},"author":1,"featured_media":2445,"parent":0,"menu_order":0,"comment_status":"closed","ping_status":"closed","template":"","meta":{"give_campaign_id":0,"footnotes":""},"class_list":["post-243","page","type-page","status-publish","has-post-thumbnail","hentry"],"campaignId":"","jetpack_shortlink":"https:\/\/wp.me\/P7CGGh-3V","jetpack_sharing_enabled":true,"_links":{"self":[{"href":"https:\/\/www.guaranda.gob.ec\/newsiteCMT\/wp-json\/wp\/v2\/pages\/243","targetHints":{"allow":["GET"]}}],"collection":[{"href":"https:\/\/www.guaranda.gob.ec\/newsiteCMT\/wp-json\/wp\/v2\/pages"}],"about":[{"href":"https:\/\/www.guaranda.gob.ec\/newsiteCMT\/wp-json\/wp\/v2\/types\/page"}],"author":[{"embeddable":true,"href":"https:\/\/www.guaranda.gob.ec\/newsiteCMT\/wp-json\/wp\/v2\/users\/1"}],"replies":[{"embeddable":true,"href":"https:\/\/www.guaranda.gob.ec\/newsiteCMT\/wp-json\/wp\/v2\/comments?post=243"}],"version-history":[{"count":5,"href":"https:\/\/www.guaranda.gob.ec\/newsiteCMT\/wp-json\/wp\/v2\/pages\/243\/revisions"}],"predecessor-version":[{"id":3053,"href":"https:\/\/www.guaranda.gob.ec\/newsiteCMT\/wp-json\/wp\/v2\/pages\/243\/revisions\/3053"}],"wp:featuredmedia":[{"embeddable":true,"href":"https:\/\/www.guaranda.gob.ec\/newsiteCMT\/wp-json\/wp\/v2\/media\/2445"}],"wp:attachment":[{"href":"https:\/\/www.guaranda.gob.ec\/newsiteCMT\/wp-json\/wp\/v2\/media?parent=243"}],"curies":[{"name":"wp","href":"https:\/\/api.w.org\/{rel}","templated":true}]}}