{"id":237,"date":"2016-06-14T11:47:50","date_gmt":"2016-06-14T16:47:50","guid":{"rendered":"http:\/\/guaranda.gob.ec\/newsiteCMT\/?page_id=237"},"modified":"2016-10-17T00:35:19","modified_gmt":"2016-10-17T05:35:19","slug":"parque-montufar","status":"publish","type":"page","link":"https:\/\/www.guaranda.gob.ec\/newsiteCMT\/parque-montufar\/","title":{"rendered":"PARQUE MONTUFAR"},"content":{"rendered":"<p>[vc_row][vc_column][vc_column_text]<\/p>\n<p style=\"text-align: justify;\">Esta ubicado al sur de la ciudad, entre las calles Sucre, General Salazar, Johnson City y Pichincha. En el centro de este parque encontramos una pileta que, seg\u00fan los historiadores, es la primera que se hab\u00eda colocado en el Parque Central, luego se lo reubic\u00f3 en \u00e9ste parque.<\/p>\n<p style=\"text-align: justify;\">Hasta finales de los a\u00f1os 70 se lo conoc\u00eda con el nombre de \u201cParque Infantil\u201d, debido a la serie de juegos infantiles apropiados para la diversi\u00f3n de los ni\u00f1os y ni\u00f1as de la ciudad.<\/p>\n<p style=\"text-align: justify;\">En varias administraciones ha sido remodelado hasta dar con la figura actual. En el entorno se encuentran los monumentos dedicados al Dr. \u00c1ngel Polibio Ch\u00e1ves y Gabriel Ignacio de Veintimilla, mentalizadores y fundadores de la Provincia de Bol\u00edvar; adem\u00e1s, est\u00e1 el monumento en homenaje al creador y primer Rector del Instituto Tecnol\u00f3gico Superior \u00c1ngel Polibio Chaves, Profesor Homero V\u00e1sconez.<\/p>\n<p style=\"text-align: justify;\">Al frente del Parque, en la calle Jhonson City, est\u00e1 ubicado el Instituto Superior &#8220;\u00c1ngel Polibio Chaves&#8221;, un centro educativo de gran prestigio en la ciudad y en la Provincia y las escuelas Jos\u00e9 H. Gonz\u00e1lez y Alberto Flores Gonz\u00e1lez.<\/p>\n<p>[\/vc_column_text][\/vc_column][\/vc_row][vc_row][vc_column][vc_images_carousel images=&#8221;489,491,492,493&#8243; img_size=&#8221;large&#8221; onclick=&#8221;link_no&#8221; speed=&#8221;3000&#8243; autoplay=&#8221;yes&#8221; wrap=&#8221;yes&#8221;][\/vc_column][\/vc_row]<\/p>\n","protected":false},"excerpt":{"rendered":"<p>[vc_row][vc_column][vc_column_text] Esta ubicado al sur de la ciudad, entre las calles Sucre, General Salazar, Johnson City y Pichincha. En el centro de este parque encontramos una pileta que, seg\u00fan los historiadores, es la primera que se hab\u00eda colocado en el Parque Central, luego se lo reubic\u00f3 en \u00e9ste parque. Hasta finales de los a\u00f1os 70 [&hellip;]<\/p>\n","protected":false},"author":1,"featured_media":238,"parent":0,"menu_order":0,"comment_status":"closed","ping_status":"closed","template":"","meta":{"give_campaign_id":0,"footnotes":""},"class_list":["post-237","page","type-page","status-publish","has-post-thumbnail","hentry"],"campaignId":"","jetpack_shortlink":"https:\/\/wp.me\/P7CGGh-3P","jetpack_sharing_enabled":true,"_links":{"self":[{"href":"https:\/\/www.guaranda.gob.ec\/newsiteCMT\/wp-json\/wp\/v2\/pages\/237","targetHints":{"allow":["GET"]}}],"collection":[{"href":"https:\/\/www.guaranda.gob.ec\/newsiteCMT\/wp-json\/wp\/v2\/pages"}],"about":[{"href":"https:\/\/www.guaranda.gob.ec\/newsiteCMT\/wp-json\/wp\/v2\/types\/page"}],"author":[{"embeddable":true,"href":"https:\/\/www.guaranda.gob.ec\/newsiteCMT\/wp-json\/wp\/v2\/users\/1"}],"replies":[{"embeddable":true,"href":"https:\/\/www.guaranda.gob.ec\/newsiteCMT\/wp-json\/wp\/v2\/comments?post=237"}],"version-history":[{"count":3,"href":"https:\/\/www.guaranda.gob.ec\/newsiteCMT\/wp-json\/wp\/v2\/pages\/237\/revisions"}],"predecessor-version":[{"id":494,"href":"https:\/\/www.guaranda.gob.ec\/newsiteCMT\/wp-json\/wp\/v2\/pages\/237\/revisions\/494"}],"wp:featuredmedia":[{"embeddable":true,"href":"https:\/\/www.guaranda.gob.ec\/newsiteCMT\/wp-json\/wp\/v2\/media\/238"}],"wp:attachment":[{"href":"https:\/\/www.guaranda.gob.ec\/newsiteCMT\/wp-json\/wp\/v2\/media?parent=237"}],"curies":[{"name":"wp","href":"https:\/\/api.w.org\/{rel}","templated":true}]}}