{"id":222,"date":"2016-06-14T11:38:52","date_gmt":"2016-06-14T16:38:52","guid":{"rendered":"http:\/\/guaranda.gob.ec\/newsiteCMT\/?page_id=222"},"modified":"2025-03-27T08:22:39","modified_gmt":"2025-03-27T13:22:39","slug":"atractivos-turisticos-del-canton","status":"publish","type":"page","link":"https:\/\/www.guaranda.gob.ec\/newsiteCMT\/atractivos-turisticos-del-canton\/","title":{"rendered":"Atractivos tur\u00edsticos del Cant\u00f3n"},"content":{"rendered":"<p style=\"text-align: justify;\">El Cant\u00f3n en general y Guaranda en particular, poseen un potencial humano, social, antropol\u00f3gico, geogr\u00e1fico, hidrogr\u00e1fico&#8230;fuera de serie. Solo basta llegar a la Cruz del Arenal, en la v\u00eda Ambato Guaranda, que es asfaltada, trazada por las faldas del Chimborazo, para sorprendernos de la belleza sin par de estos hermosos parajes enclavados en los Andes Ecuatorianos.<\/p>\n<p style=\"text-align: justify;\">Guaranda es es un destino tur\u00edstico por sus atractivos sin par, tanto en su zona urbana como rural. Los sentidos de cada visitante se deleitan con la asombrosa belleza de sus parajes. Visitar Guaranda es un deleite inigualable.<\/p>\n<p style=\"text-align: justify;\">Cuenta con abundantes recursos naturales y manifestaciones socioculturales, que merecen ser vividas y conocidas por turistas nacionales y extranjero. Venga, disfrute, comparta, sienta y viva a Guaranda.<\/p>\n<h3 style=\"text-align: justify;\">Sitios Naturales<\/h3>\n<ul class=\"check_list\">\n<li>El Pe\u00f1\u00f3n y Complejo Camilo Montenegro<\/li>\n<li>Mirador Natural Colina San Bartolo<\/li>\n<li>Mirador Natural Colina Cruz Loma<\/li>\n<li>Mirador Natural Colina San Jacinto<\/li>\n<li>Mirador Natural Colina Talalag<\/li>\n<li>Mirador Natural Colina Tililag<\/li>\n<li>Mirador Loma de Guaranda<\/li>\n<li>Mirador Natural Colina El Calvario<\/li>\n<li>Bosque de Polylep\u00eds<\/li>\n<li>El Troje, Orillas y Cascada del R\u00edo Salinas<\/li>\n<li>Cascada de Ishpingo<\/li>\n<li>Complejo Ecol\u00f3gico Los Caseiches<\/li>\n<li>El Arenal y Paisaje Natural<\/li>\n<li>Laguna Las Cochas, (Puricocha y Patococha )<\/li>\n<li>Bosque de Pe\u00f1a Blanca<\/li>\n<li>Reserva Faun\u00edstica Chimborazo<\/li>\n<li>Minas de Sal<\/li>\n<li>Laguna Cocha Colorada<\/li>\n<li>R\u00e1pidos los Caseiches<\/li>\n<li>Cuevas De Tiagua<\/li>\n<\/ul>\n<h3>Manifestaciones Culturales<\/h3>\n<ul class=\"check_list\">\n<li>Carnaval de Guaranda<\/li>\n<li>Centro Hist\u00f3rico de la ciudad de Guaranda<\/li>\n<li>Mirador y Centro Cultural Indio Guaranga<\/li>\n<li>Pase del Ni\u00f1o en la ciudad de Guaranda<\/li>\n<li>La Feria y Mercados de ciudad de Guaranda<\/li>\n<li>El Shamanismo<\/li>\n<li>El D\u00eda de los Difuntos<\/li>\n<li>Fiestas por San Pedro y San Pablo en la parroquia de Guanujo<\/li>\n<li>Yacimientos Mineros en las parroquias de Salinas y Simiatug<\/li>\n<li>Artesan\u00eda, Elaboraci\u00f3n de Tejidos de Lana, Quesos y otros productos en la parroquia de Salinas<\/li>\n<li>Camino de la Sal y Granja Integral (Orquideario) en la parroquia de Salinas<\/li>\n<li>Fiesta de los Santos Reyes en la parroquia de Salinas<\/li>\n<li>Ruinas Arqueol\u00f3gicas de Guanguliquin<\/li>\n<li>La Gruta del Padre Santo<\/li>\n<li>Andinismo al Chimborazo<\/li>\n<li>Piedras Arqueol\u00f3gicas y Cuevas<\/li>\n<li>Artesan\u00eda, Elaboraci\u00f3n de varios productos<\/li>\n<li>Bandas de Juegos, M\u00fasica, Juegos Populares<\/li>\n<\/ul>\n<p>&nbsp;<\/p>\n<p>Te invitamos a identificar y visitar nuestro mapa tur\u00edstico interactivo para ubicar los atractivos tur\u00edsticos del cant\u00f3n<\/p>\n<p><img data-recalc-dims=\"1\" decoding=\"async\" class=\"aligncenter wp-image-412 size-full\" src=\"https:\/\/i0.wp.com\/guaranda.gob.ec\/newsiteCMT\/wp-content\/uploads\/2016\/06\/boton_guia2-2.png?resize=250%2C100\" alt=\"boton_guia2\" width=\"250\" height=\"100\" \/><\/p>\n<p>&nbsp;<\/p>\n<p style=\"text-align: left;\">[vc_gallery interval=&#8221;3&#8243; images=&#8221;175,3027,3028,3026,178,176&#8243; img_size=&#8221;large&#8221;][\/vc_column][vc_column width=&#8221;2\/3&#8243;][vc_widget_sidebar sidebar_id=&#8221;secondary-widget-area&#8221;][vc_column_text]<\/p>\n<p>&nbsp;<\/p>\n","protected":false},"excerpt":{"rendered":"<p>El Cant\u00f3n en general y Guaranda en particular, poseen un potencial humano, social, antropol\u00f3gico, geogr\u00e1fico, hidrogr\u00e1fico&#8230;fuera de serie. Solo basta llegar a la Cruz del Arenal, en la v\u00eda Ambato Guaranda, que es asfaltada, trazada por las faldas del Chimborazo, para sorprendernos de la belleza sin par de estos hermosos parajes enclavados en los Andes [&hellip;]<\/p>\n","protected":false},"author":1,"featured_media":7733,"parent":0,"menu_order":0,"comment_status":"closed","ping_status":"closed","template":"","meta":{"give_campaign_id":0,"footnotes":""},"class_list":["post-222","page","type-page","status-publish","has-post-thumbnail","hentry"],"campaignId":"","jetpack_shortlink":"https:\/\/wp.me\/P7CGGh-3A","jetpack_sharing_enabled":true,"_links":{"self":[{"href":"https:\/\/www.guaranda.gob.ec\/newsiteCMT\/wp-json\/wp\/v2\/pages\/222","targetHints":{"allow":["GET"]}}],"collection":[{"href":"https:\/\/www.guaranda.gob.ec\/newsiteCMT\/wp-json\/wp\/v2\/pages"}],"about":[{"href":"https:\/\/www.guaranda.gob.ec\/newsiteCMT\/wp-json\/wp\/v2\/types\/page"}],"author":[{"embeddable":true,"href":"https:\/\/www.guaranda.gob.ec\/newsiteCMT\/wp-json\/wp\/v2\/users\/1"}],"replies":[{"embeddable":true,"href":"https:\/\/www.guaranda.gob.ec\/newsiteCMT\/wp-json\/wp\/v2\/comments?post=222"}],"version-history":[{"count":5,"href":"https:\/\/www.guaranda.gob.ec\/newsiteCMT\/wp-json\/wp\/v2\/pages\/222\/revisions"}],"predecessor-version":[{"id":6832,"href":"https:\/\/www.guaranda.gob.ec\/newsiteCMT\/wp-json\/wp\/v2\/pages\/222\/revisions\/6832"}],"wp:featuredmedia":[{"embeddable":true,"href":"https:\/\/www.guaranda.gob.ec\/newsiteCMT\/wp-json\/wp\/v2\/media\/7733"}],"wp:attachment":[{"href":"https:\/\/www.guaranda.gob.ec\/newsiteCMT\/wp-json\/wp\/v2\/media?parent=222"}],"curies":[{"name":"wp","href":"https:\/\/api.w.org\/{rel}","templated":true}]}}