{"id":208,"date":"2016-06-14T11:18:08","date_gmt":"2016-06-14T16:18:08","guid":{"rendered":"http:\/\/guaranda.gob.ec\/newsiteCMT\/?page_id=208"},"modified":"2016-11-15T23:22:21","modified_gmt":"2016-11-16T04:22:21","slug":"san-luis-de-pambil","status":"publish","type":"page","link":"https:\/\/www.guaranda.gob.ec\/newsiteCMT\/san-luis-de-pambil\/","title":{"rendered":"SAN LUIS DE PAMBIL"},"content":{"rendered":"<p>[vc_row][vc_column][vc_images_carousel images=&#8221;754,792,793,794,795,796&#8243; img_size=&#8221;large&#8221;][\/vc_column][\/vc_row][vc_row][vc_column][vc_column_text]<\/p>\n<p style=\"text-align: justify;\">Es una parroquia rural del cant\u00f3n Guaranda, localizada en el Subtr\u00f3pico, al noroccidente del cant\u00f3n y la Provincia de Bol\u00edvar,<\/p>\n<p style=\"text-align: justify;\">San Luis de Pambil es una parroquia que se forma a inicios de la d\u00e9cada de los 60. La mayor\u00eda de sus primeros pobladores fueron originarios de Guanujo y su alrededores.<\/p>\n<p style=\"text-align: justify;\">Su clima corresponde al Premontano o Subtropical. La cabecera parroquial esta ubicada a una altitud de 350 m.s.n.m.<\/p>\n<p style=\"text-align: justify;\">Esta limitada al norte por la Provincia del Cotopaxi; al este por la Parroquia Facundo Vela; al sur y al oeste por el cant\u00f3n Las Naves.<\/p>\n<p style=\"text-align: justify;\">Se encuentra a 102 km. de la ciudad de Guaranda por una v\u00eda lastrada. Su principal recurso h\u00eddrico constituye el r\u00edo Zapotal, que se origina en las estribaciones de la cordillera Occidental de los Andes y en el trayecto recibe las aguas de riachuelos y quebradas que descienden del sector.<\/p>\n<p style=\"text-align: justify;\">El 35% de la poblaci\u00f3n es ind\u00edgena que habla Kichwua y castellano.<\/p>\n<p style=\"text-align: justify;\">En esta parroquia, la producci\u00f3n agr\u00edcola es abundante, entre ellos ca\u00f1a de az\u00facar, cacao, caf\u00e9.,y la comercializan con ciudades como Echenad\u00eda, Las Naves y con Ventanas en la Provincia de los R\u00edos.<\/p>\n<p style=\"text-align: justify;\">Su gastronom\u00eda es exquisita: bolones de verde con queso y chicharr\u00f3n, bollos de pescado, arroz con menestra y carne asada.<\/p>\n<h3 style=\"text-align: justify;\">Atractivos Tur\u00edsticos<\/h3>\n<h4 style=\"text-align: justify;\">Las Piedras Arqueol\u00f3gicas y los Fen\u00f3menos Espeleol\u00f3gicos<\/h4>\n<p style=\"text-align: justify;\">A escasos minutos de San Luis de Pambil, en el recinto el Provenir, en los terrenos del se\u00f1or Pedro Ortega, est\u00e1n localizadas unas cuevas, que hace a\u00f1os fueron descubiertas por unos moradores, en donde encontraron unas piedras redondas y ovaladas, grandes y peque\u00f1as, las que por sus particularidades, causaron admiraci\u00f3n y sorpresa entre la ciudadan\u00eda, acontecimiento que fue comunicado en la parroquia y, ese descubrimiento trascendi\u00f3 las fronteras parroquiales, cantonales, provinciales, nacionales e internacionales.<\/p>\n<p style=\"text-align: justify;\">Este sector se ha convertido en un sitio de investigaci\u00f3n y turismo. Algunas de estas piezas est\u00e1n en el altar de la Iglesia de San Luis de Pambil, en el Santuario Nuestra Se\u00f1ora del Guayco, en el Porvenir, en Piedra Blanca, y otras se llevaron a distintas partes del mundo,<\/p>\n<p style=\"text-align: justify;\">En los recintos El Porvenir y Piedra Blanca se pueden encontrar piedras m\u00e1s grandes y numerosas; est\u00e1n situados en medio de r\u00edos y monta\u00f1as. Son sitios muy conocidos por propios y extra\u00f1os.<\/p>\n<p style=\"text-align: justify;\">Otras piedras arqueol\u00f3gicas pero diferentes a Piedras Arqueol\u00f3gicas, contienen dibujos y jerogl\u00edficos, que datan de la \u00e9poca precolombina, son la huella de esas culturas.<\/p>\n<p style=\"text-align: justify;\">Los estudios arqueol\u00f3gicos, hallazgos y las t\u00e9cnicas in situ determinaron un inter\u00e9s cient\u00edfico por los jerogl\u00edficos, pues existen piedras que se encuentran a la intemperie en el recinto subtropical de Campobello,<\/p>\n<p style=\"text-align: justify;\">Un kil\u00f3metro m\u00e1s adentro de Campobello, existe una cueva muy profunda ideal para investigaciones espeleologicas.<\/p>\n<p style=\"text-align: justify;\">Con las casas del sector, la amabilidad, hospitalidad, generosidad y cordialidad de su gente hacen de la estad\u00eda de los visitantes momentos muy placenteros.<\/p>\n<p style=\"text-align: justify;\">Conocer este sector causa mucho impacto y genera mucha curiosidad por conocer su origen y saber c\u00f3mo se han conservado.<\/p>\n<p>[\/vc_column_text][\/vc_column][\/vc_row]<\/p>\n","protected":false},"excerpt":{"rendered":"<p>[vc_row][vc_column][vc_images_carousel images=&#8221;754,792,793,794,795,796&#8243; img_size=&#8221;large&#8221;][\/vc_column][\/vc_row][vc_row][vc_column][vc_column_text] Es una parroquia rural del cant\u00f3n Guaranda, localizada en el Subtr\u00f3pico, al noroccidente del cant\u00f3n y la Provincia de Bol\u00edvar, San Luis de Pambil es una parroquia que se forma a inicios de la d\u00e9cada de los 60. La mayor\u00eda de sus primeros pobladores fueron originarios de Guanujo y su alrededores. Su [&hellip;]<\/p>\n","protected":false},"author":1,"featured_media":0,"parent":0,"menu_order":0,"comment_status":"closed","ping_status":"closed","template":"","meta":{"give_campaign_id":0,"footnotes":""},"class_list":["post-208","page","type-page","status-publish","hentry"],"campaignId":"","jetpack_shortlink":"https:\/\/wp.me\/P7CGGh-3m","jetpack_sharing_enabled":true,"_links":{"self":[{"href":"https:\/\/www.guaranda.gob.ec\/newsiteCMT\/wp-json\/wp\/v2\/pages\/208","targetHints":{"allow":["GET"]}}],"collection":[{"href":"https:\/\/www.guaranda.gob.ec\/newsiteCMT\/wp-json\/wp\/v2\/pages"}],"about":[{"href":"https:\/\/www.guaranda.gob.ec\/newsiteCMT\/wp-json\/wp\/v2\/types\/page"}],"author":[{"embeddable":true,"href":"https:\/\/www.guaranda.gob.ec\/newsiteCMT\/wp-json\/wp\/v2\/users\/1"}],"replies":[{"embeddable":true,"href":"https:\/\/www.guaranda.gob.ec\/newsiteCMT\/wp-json\/wp\/v2\/comments?post=208"}],"version-history":[{"count":3,"href":"https:\/\/www.guaranda.gob.ec\/newsiteCMT\/wp-json\/wp\/v2\/pages\/208\/revisions"}],"predecessor-version":[{"id":797,"href":"https:\/\/www.guaranda.gob.ec\/newsiteCMT\/wp-json\/wp\/v2\/pages\/208\/revisions\/797"}],"wp:attachment":[{"href":"https:\/\/www.guaranda.gob.ec\/newsiteCMT\/wp-json\/wp\/v2\/media?parent=208"}],"curies":[{"name":"wp","href":"https:\/\/api.w.org\/{rel}","templated":true}]}}