{"id":2054,"date":"2018-01-10T11:19:20","date_gmt":"2018-01-10T16:19:20","guid":{"rendered":"http:\/\/www.guaranda.gob.ec\/newsiteCMT\/?page_id=2054"},"modified":"2018-02-26T12:50:40","modified_gmt":"2018-02-26T17:50:40","slug":"carnaval-de-guaranda-2018","status":"publish","type":"page","link":"https:\/\/www.guaranda.gob.ec\/newsiteCMT\/carnaval-de-guaranda-2018\/","title":{"rendered":"Carnaval de Guaranda 2018"},"content":{"rendered":"<p style=\"text-align: center;\"><strong><img data-recalc-dims=\"1\" fetchpriority=\"high\" decoding=\"async\" class=\"aligncenter wp-image-2378\" src=\"https:\/\/i0.wp.com\/www.guaranda.gob.ec\/newsiteCMT\/wp-content\/uploads\/2016\/06\/4.jpg?resize=245%2C368&#038;ssl=1\" alt=\"\" width=\"245\" height=\"368\" srcset=\"https:\/\/i0.wp.com\/www.guaranda.gob.ec\/newsiteCMT\/wp-content\/uploads\/2016\/06\/4.jpg?resize=683%2C1024&amp;ssl=1 683w, https:\/\/i0.wp.com\/www.guaranda.gob.ec\/newsiteCMT\/wp-content\/uploads\/2016\/06\/4.jpg?resize=200%2C300&amp;ssl=1 200w, https:\/\/i0.wp.com\/www.guaranda.gob.ec\/newsiteCMT\/wp-content\/uploads\/2016\/06\/4.jpg?resize=600%2C900&amp;ssl=1 600w, https:\/\/i0.wp.com\/www.guaranda.gob.ec\/newsiteCMT\/wp-content\/uploads\/2016\/06\/4.jpg?w=1131&amp;ssl=1 1131w\" sizes=\"(max-width: 245px) 100vw, 245px\" \/><\/strong><\/p>\n<p style=\"text-align: center;\"><strong>Nuestra Tierra A\u00f1orada Guaranda se apresta a celebrar el \u201cCarnaval\u201d evento de la confraternidad, el entusiasmo y algarab\u00eda popular para propios y visitantes, expresi\u00f3n de la cultura de nuestra ciudad que encarna sus ra\u00edces hist\u00f3ricas y valores ancestrales Patrimonio Intangible de la Cultura Nacional.<\/strong><\/p>\n<p style=\"text-align: center;\"><strong>&#8220;Vivamos muestra tradici\u00f3n del coraz\u00f3n, en la hermandad, el reencuentro y la unidad de la diversidad&#8221;<\/strong><\/p>\n<p><strong><a href=\"http:\/\/wp.me\/P7CGGh-ya\">GUIA DE EVENTOS DEL CARNAVAL DE GUARANDA 2018<\/a><\/strong><\/p>\n<p><a href=\"http:\/\/wp.me\/P7CGGh-xp\"><strong>CANDIDATAS A REINA DE GUARANDA Y SUS CARNAVALES 2018<\/strong><\/a><\/p>\n<p><a href=\"http:\/\/wp.me\/P7CGGh-z1\"><strong>VELADA CARNAVALERA 2018<\/strong><\/a><\/p>\n<p><a href=\"http:\/\/wp.me\/P7CGGh-zb\"><strong>ELECCI\u00d3N, CORONACI\u00d3N Y EXALTACI\u00d3N DE LA REINA DE GUARANDA Y SUS CARNAVALES 2018<\/strong><\/a><\/p>\n<p><a href=\"http:\/\/wp.me\/P7CGGh-zF\"><strong>ENTRADA DEL TAITA CARNAVAL DE GUARANDA 2018<\/strong><\/a><\/p>\n<p><a href=\"http:\/\/wp.me\/P7CGGh-Aw\"><strong>ELECCI\u00d3N DE LA \u00d1USTA PAWCAR RAYMI 2018<\/strong><\/a><\/p>\n<p><iframe width=\"770\" height=\"433\" src=\"https:\/\/www.youtube.com\/embed\/bE3Vxur4GYk?feature=oembed\" frameborder=\"0\" allow=\"autoplay; encrypted-media\" allowfullscreen><\/iframe><\/p>\n<p>&nbsp;<\/p>\n<p>&nbsp;<\/p>\n","protected":false},"excerpt":{"rendered":"<p>Nuestra Tierra A\u00f1orada Guaranda se apresta a celebrar el \u201cCarnaval\u201d evento de la confraternidad, el entusiasmo y algarab\u00eda popular para propios y visitantes, expresi\u00f3n de la cultura de nuestra ciudad que encarna sus ra\u00edces hist\u00f3ricas y valores ancestrales Patrimonio Intangible de la Cultura Nacional. &#8220;Vivamos muestra tradici\u00f3n del coraz\u00f3n, en la hermandad, el reencuentro y [&hellip;]<\/p>\n","protected":false},"author":3,"featured_media":2068,"parent":0,"menu_order":0,"comment_status":"closed","ping_status":"closed","template":"","meta":{"give_campaign_id":0,"footnotes":""},"class_list":["post-2054","page","type-page","status-publish","has-post-thumbnail","hentry"],"campaignId":"","jetpack_shortlink":"https:\/\/wp.me\/P7CGGh-x8","jetpack_sharing_enabled":true,"_links":{"self":[{"href":"https:\/\/www.guaranda.gob.ec\/newsiteCMT\/wp-json\/wp\/v2\/pages\/2054","targetHints":{"allow":["GET"]}}],"collection":[{"href":"https:\/\/www.guaranda.gob.ec\/newsiteCMT\/wp-json\/wp\/v2\/pages"}],"about":[{"href":"https:\/\/www.guaranda.gob.ec\/newsiteCMT\/wp-json\/wp\/v2\/types\/page"}],"author":[{"embeddable":true,"href":"https:\/\/www.guaranda.gob.ec\/newsiteCMT\/wp-json\/wp\/v2\/users\/3"}],"replies":[{"embeddable":true,"href":"https:\/\/www.guaranda.gob.ec\/newsiteCMT\/wp-json\/wp\/v2\/comments?post=2054"}],"version-history":[{"count":6,"href":"https:\/\/www.guaranda.gob.ec\/newsiteCMT\/wp-json\/wp\/v2\/pages\/2054\/revisions"}],"predecessor-version":[{"id":2381,"href":"https:\/\/www.guaranda.gob.ec\/newsiteCMT\/wp-json\/wp\/v2\/pages\/2054\/revisions\/2381"}],"wp:featuredmedia":[{"embeddable":true,"href":"https:\/\/www.guaranda.gob.ec\/newsiteCMT\/wp-json\/wp\/v2\/media\/2068"}],"wp:attachment":[{"href":"https:\/\/www.guaranda.gob.ec\/newsiteCMT\/wp-json\/wp\/v2\/media?parent=2054"}],"curies":[{"name":"wp","href":"https:\/\/api.w.org\/{rel}","templated":true}]}}