{"id":203,"date":"2016-06-14T11:13:55","date_gmt":"2016-06-14T16:13:55","guid":{"rendered":"http:\/\/guaranda.gob.ec\/newsiteCMT\/?page_id=203"},"modified":"2016-11-15T23:15:35","modified_gmt":"2016-11-16T04:15:35","slug":"salinas","status":"publish","type":"page","link":"https:\/\/www.guaranda.gob.ec\/newsiteCMT\/salinas\/","title":{"rendered":"SALINAS"},"content":{"rendered":"<p>[vc_row][vc_column][vc_images_carousel images=&#8221;752,777,778,779,780,781,782&#8243; img_size=&#8221;large&#8221;][\/vc_column][\/vc_row][vc_row][vc_column][vc_column_text]<\/p>\n<p style=\"text-align: justify;\">Est\u00e1 enclavada en plena estribaci\u00f3n de la cordillera Occidental de los Andes. En un paraje de una belleza \u00fanica e incomparable. Lleva el nombre de Salinas porque en este lugar existen minas de sal, que en tiempos ancestrales prove\u00edan de sal a varias ciudades del pa\u00eds. A\u00fan se pueden contemplar vestigios de estas minas, muy cerca del centro del poblado. Est\u00e1 a 20 Km de Guaranda y su carretera es asfaltada.<\/p>\n<p style=\"text-align: justify;\">Limita al Norte con las Parroquias de Simiatug y Facundo Vela, al Sur con la Ciudad de Guaranda, al Este con las Provincias de Tungurahua y Chimborazo y al Oeste con la Parroquia San Luis de Pambil y el Cant\u00f3n Echeandia.<\/p>\n<p style=\"text-align: justify;\">Desde Guaranda se puede llegar a Salinas por carretera asfaltada, tanto en buses como en autos privados.<\/p>\n<p style=\"text-align: justify;\">Est\u00e1 conformada por 24 comunidades, con una superficie de 490 km2, ubicadas, en su mayor\u00eda, en la zona fr\u00eda, al igual que la cabecera parroquial, auna altitud de 3500 m.s.n.m., a una distancia de 20 km. de Guaranda. Su temperatura oscila entre os 6 y 10 grados cent\u00edgrados.<\/p>\n<p style=\"text-align: justify;\">Aqu\u00ed se concentran aproximadamente 28 microempresas comunitarias, dedicadas a la industrializaci\u00f3n de la leche, carne, fruta, lana, entre otros, que generan alrededor de 198 productos elaborados, comercializados en el mercado nacional y exportados a otros pa\u00edses, especialmente a Italia. Uno de sus productos m\u00e1s conocidos es el queso El Salinerito, que est\u00e1 a disposici\u00f3n de los consumidores de todo el pa\u00eds en grandes supermercados y en las tiendas de distribuci\u00f3n propias, que para el efecto tiene la Funorsal.<\/p>\n<p style=\"text-align: justify;\">Esta parroquia es un conjunto de microempresas, en cada casa funciona una de ellas. Es muy usual encontrar tiendas y almacenes que expenden los productos que generan sus pobladores: Quesos, mantequilla, yogourt, turrones, mermeladas, fideos, galletas, trufas, hongos secos, pan, caramelos de miel de abeja, chocolates, chocolatines, lana, tejidos, balones, artesan\u00edas&#8230; en fin, Salinas es un pueblo de sorpresas maravillosas.<\/p>\n<p style=\"text-align: justify;\">Esta parroquia empez\u00f3 su desarrollo socioroganizativo all\u00e1 por los a\u00f1os 70, con la llegada del P. Antonio Polo, salesiano, quien ha sido el gestor de esta iniciativa de desarrollo. Hoy sostienen este proceso de desarrollo los pobladores nativos de Salinas, quienes se han apropiado de su proceso y son los puntales que sostienen esta experiencia \u00fanica, pionera y ejemplar.<\/p>\n<p style=\"text-align: justify;\">Hoy en Salinas hay varias organizaciones comunitarias como la FUNORSAL (Fundaci\u00f3n de Organizaciones de Salinas), el Grupo Juvenil que mantiene un hotel que acoge a turistas nacionales y extranjeros que frecuentemente lo visitan para conocer su organizaci\u00f3n y su estructura agroproductiva.<\/p>\n<p style=\"text-align: justify;\">Salinas de Bol\u00edvar es referente nacional e internacional de desarrollo sociocomunitario<\/p>\n<h3 style=\"text-align: justify;\">Hoster\u00eda El Refugio<\/h3>\n<p style=\"text-align: justify;\">La Fundaci\u00f3n Grupo Juvenil Salesiano posee varias microempresas, entre ellas la Hoster\u00eda El Refugio. Ofrece habitaciones con ba\u00f1o compartido y tres suites con ba\u00f1o privado, televisi\u00f3n y servicio de calefacci\u00f3n, servicio de restaurante con productos propios de la zona y sus afamados productos l\u00e1cteos.<\/p>\n<p style=\"text-align: justify;\">Cuenta con el servicio de gu\u00edas y es el punto de encuentro para realizar visitas a los diferentes centros de producci\u00f3n artesanal as\u00ed como a los Bosques Protectores Pe\u00f1a Blanca y Mashashingo, La Chorrera, paseos y excursiones y ascensiones al Chimborazo y Carihuairazo.<\/p>\n<p style=\"text-align: justify;\">Hay varias cafeter\u00edas que sirven deliciosas bebidas, acompa\u00f1adas de pan, queso y embutidos elaborados por la comunidad de salinas.<\/p>\n<p>[\/vc_column_text][\/vc_column][\/vc_row]<\/p>\n","protected":false},"excerpt":{"rendered":"<p>[vc_row][vc_column][vc_images_carousel images=&#8221;752,777,778,779,780,781,782&#8243; img_size=&#8221;large&#8221;][\/vc_column][\/vc_row][vc_row][vc_column][vc_column_text] Est\u00e1 enclavada en plena estribaci\u00f3n de la cordillera Occidental de los Andes. En un paraje de una belleza \u00fanica e incomparable. Lleva el nombre de Salinas porque en este lugar existen minas de sal, que en tiempos ancestrales prove\u00edan de sal a varias ciudades del pa\u00eds. A\u00fan se pueden contemplar vestigios de [&hellip;]<\/p>\n","protected":false},"author":1,"featured_media":0,"parent":0,"menu_order":0,"comment_status":"closed","ping_status":"closed","template":"","meta":{"give_campaign_id":0,"footnotes":""},"class_list":["post-203","page","type-page","status-publish","hentry"],"campaignId":"","jetpack_shortlink":"https:\/\/wp.me\/P7CGGh-3h","jetpack_sharing_enabled":true,"_links":{"self":[{"href":"https:\/\/www.guaranda.gob.ec\/newsiteCMT\/wp-json\/wp\/v2\/pages\/203","targetHints":{"allow":["GET"]}}],"collection":[{"href":"https:\/\/www.guaranda.gob.ec\/newsiteCMT\/wp-json\/wp\/v2\/pages"}],"about":[{"href":"https:\/\/www.guaranda.gob.ec\/newsiteCMT\/wp-json\/wp\/v2\/types\/page"}],"author":[{"embeddable":true,"href":"https:\/\/www.guaranda.gob.ec\/newsiteCMT\/wp-json\/wp\/v2\/users\/1"}],"replies":[{"embeddable":true,"href":"https:\/\/www.guaranda.gob.ec\/newsiteCMT\/wp-json\/wp\/v2\/comments?post=203"}],"version-history":[{"count":3,"href":"https:\/\/www.guaranda.gob.ec\/newsiteCMT\/wp-json\/wp\/v2\/pages\/203\/revisions"}],"predecessor-version":[{"id":783,"href":"https:\/\/www.guaranda.gob.ec\/newsiteCMT\/wp-json\/wp\/v2\/pages\/203\/revisions\/783"}],"wp:attachment":[{"href":"https:\/\/www.guaranda.gob.ec\/newsiteCMT\/wp-json\/wp\/v2\/media?parent=203"}],"curies":[{"name":"wp","href":"https:\/\/api.w.org\/{rel}","templated":true}]}}