{"id":194,"date":"2016-06-14T11:08:37","date_gmt":"2016-06-14T16:08:37","guid":{"rendered":"http:\/\/guaranda.gob.ec\/newsiteCMT\/?page_id=194"},"modified":"2016-11-15T23:05:32","modified_gmt":"2016-11-16T04:05:32","slug":"santa-fe","status":"publish","type":"page","link":"https:\/\/www.guaranda.gob.ec\/newsiteCMT\/santa-fe\/","title":{"rendered":"SANTA FE"},"content":{"rendered":"<p>[vc_row][vc_column][vc_images_carousel images=&#8221;756,759,760,761&#8243; img_size=&#8221;large&#8221;][\/vc_column][\/vc_row][vc_row][vc_column][vc_column_text]<\/p>\n<p style=\"text-align: justify;\">Localizada al Suroeste de Guaranda, los limites son: al Norte la Parroquia de Julio Moreno, al Sur el Cant\u00f3n Chimbo, al Este la ciudad de Guaranda y la Parroquia San Sim\u00f3n y al Oeste parte del cant\u00f3n Chimbo y la parroquia Julio Moreno.<\/p>\n<p style=\"text-align: justify;\">Est\u00e1 integrada por 10 cacer\u00edos, la cabecera parroquial se encuentra a 5 km de Guaranda. Est\u00e1 a una altitud de 2670 m.s.n.m y se ubica en la zona montano bajo o templado.<\/p>\n<p style=\"text-align: justify;\">Su econom\u00eda gira alrededor de la agricultura, sus productos son comercializados en Guaranda.<\/p>\n<p>[\/vc_column_text][\/vc_column][\/vc_row]<\/p>\n","protected":false},"excerpt":{"rendered":"<p>[vc_row][vc_column][vc_images_carousel images=&#8221;756,759,760,761&#8243; img_size=&#8221;large&#8221;][\/vc_column][\/vc_row][vc_row][vc_column][vc_column_text] Localizada al Suroeste de Guaranda, los limites son: al Norte la Parroquia de Julio Moreno, al Sur el Cant\u00f3n Chimbo, al Este la ciudad de Guaranda y la Parroquia San Sim\u00f3n y al Oeste parte del cant\u00f3n Chimbo y la parroquia Julio Moreno. Est\u00e1 integrada por 10 cacer\u00edos, la cabecera parroquial se [&hellip;]<\/p>\n","protected":false},"author":1,"featured_media":0,"parent":0,"menu_order":0,"comment_status":"closed","ping_status":"closed","template":"","meta":{"give_campaign_id":0,"footnotes":""},"class_list":["post-194","page","type-page","status-publish","hentry"],"campaignId":"","jetpack_shortlink":"https:\/\/wp.me\/P7CGGh-38","jetpack_sharing_enabled":true,"_links":{"self":[{"href":"https:\/\/www.guaranda.gob.ec\/newsiteCMT\/wp-json\/wp\/v2\/pages\/194","targetHints":{"allow":["GET"]}}],"collection":[{"href":"https:\/\/www.guaranda.gob.ec\/newsiteCMT\/wp-json\/wp\/v2\/pages"}],"about":[{"href":"https:\/\/www.guaranda.gob.ec\/newsiteCMT\/wp-json\/wp\/v2\/types\/page"}],"author":[{"embeddable":true,"href":"https:\/\/www.guaranda.gob.ec\/newsiteCMT\/wp-json\/wp\/v2\/users\/1"}],"replies":[{"embeddable":true,"href":"https:\/\/www.guaranda.gob.ec\/newsiteCMT\/wp-json\/wp\/v2\/comments?post=194"}],"version-history":[{"count":3,"href":"https:\/\/www.guaranda.gob.ec\/newsiteCMT\/wp-json\/wp\/v2\/pages\/194\/revisions"}],"predecessor-version":[{"id":762,"href":"https:\/\/www.guaranda.gob.ec\/newsiteCMT\/wp-json\/wp\/v2\/pages\/194\/revisions\/762"}],"wp:attachment":[{"href":"https:\/\/www.guaranda.gob.ec\/newsiteCMT\/wp-json\/wp\/v2\/media?parent=194"}],"curies":[{"name":"wp","href":"https:\/\/api.w.org\/{rel}","templated":true}]}}