{"id":1914,"date":"2017-11-21T12:42:14","date_gmt":"2017-11-21T17:42:14","guid":{"rendered":"http:\/\/www.guaranda.gob.ec\/newsiteCMT\/?page_id=1914"},"modified":"2017-12-19T14:30:47","modified_gmt":"2017-12-19T19:30:47","slug":"convocatoria-de-remate","status":"publish","type":"page","link":"https:\/\/www.guaranda.gob.ec\/newsiteCMT\/convocatoria-de-remate\/","title":{"rendered":"CONVOCATORIA DE REMATE"},"content":{"rendered":"<p style=\"text-align: center;\"><strong><img data-recalc-dims=\"1\" decoding=\"async\" class=\"aligncenter  wp-image-1979\" src=\"https:\/\/i0.wp.com\/www.guaranda.gob.ec\/newsiteCMT\/wp-content\/uploads\/2017\/12\/logogadrecortado.png?resize=213%2C151&#038;ssl=1\" alt=\"\" width=\"213\" height=\"151\" srcset=\"https:\/\/i0.wp.com\/www.guaranda.gob.ec\/newsiteCMT\/wp-content\/uploads\/2017\/12\/logogadrecortado.png?w=960&amp;ssl=1 960w, https:\/\/i0.wp.com\/www.guaranda.gob.ec\/newsiteCMT\/wp-content\/uploads\/2017\/12\/logogadrecortado.png?resize=300%2C212&amp;ssl=1 300w\" sizes=\"(max-width: 213px) 100vw, 213px\" \/>GOBIERNO AUT\u00d3NOMO DESCENTRALIZADO DEL CANT\u00d3N GUARANDA<\/strong><\/p>\n<p style=\"text-align: center;\"><strong>CONVOCATORIA A SEGUNDO SE\u00d1ALAMIENTO<\/strong><\/p>\n<p><strong>A REMATE DE VEHICULO Y MAQUINARIA, CHATARRA, <\/strong><strong>EQUIPOS INFORMATICOS Y ELECTRONICOS, ELECTRICOS, MECANICOS, MOBILIARIO PARTES DE MADERA,\u00a0 INSTRUMENTOS MUSICALES<\/strong><\/p>\n<p>El Gobierno Aut\u00f3nomo Descentralizado del Cant\u00f3n Guaranda, conforme lo dispuesto en\u00a0 la <strong>Secci\u00f3n I<\/strong> del Reglamento General para la Administraci\u00f3n, Utilizaci\u00f3n y Control de los Bienes y Existencias del Sector P\u00fablico, invita a las personas naturales y jur\u00eddicas domiciliadas en el pa\u00eds y legalmente capacitadas para ejercer actividades comerciales en el Ecuador, para que participen en el proceso de remate a <strong>sobre cerrado<\/strong> ( <strong>segundo se\u00f1alamiento<\/strong>) de veh\u00edculo, chatarra, equipos inform\u00e1ticos y electr\u00f3nicos, el\u00e9ctricos, mec\u00e1nicos.<\/p>\n<p><img data-recalc-dims=\"1\" fetchpriority=\"high\" decoding=\"async\" class=\"aligncenter wp-image-1978\" src=\"https:\/\/i0.wp.com\/www.guaranda.gob.ec\/newsiteCMT\/wp-content\/uploads\/2017\/12\/desrema191217.jpg?resize=770%2C254&#038;ssl=1\" alt=\"\" width=\"770\" height=\"254\" srcset=\"https:\/\/i0.wp.com\/www.guaranda.gob.ec\/newsiteCMT\/wp-content\/uploads\/2017\/12\/desrema191217.jpg?resize=1024%2C338&amp;ssl=1 1024w, https:\/\/i0.wp.com\/www.guaranda.gob.ec\/newsiteCMT\/wp-content\/uploads\/2017\/12\/desrema191217.jpg?resize=300%2C99&amp;ssl=1 300w, https:\/\/i0.wp.com\/www.guaranda.gob.ec\/newsiteCMT\/wp-content\/uploads\/2017\/12\/desrema191217.jpg?w=1175&amp;ssl=1 1175w\" sizes=\"(max-width: 770px) 100vw, 770px\" \/><\/p>\n<p><strong>INDICACIONES GENERALES<\/strong><\/p>\n<p><strong>1.- Los Veh\u00edculos,\u00a0 Chatarra, <\/strong>podr\u00e1n ser inspeccionadas en el Sector de San Bartolo de la Ciudad de Guaranda, en los Talleres del GADCG, a partir del 26 al 28 de diciembre del 2017, en horario de 07h00 a 15h00, los <strong>Equipos Inform\u00e1ticos, Electr\u00f3nicos, y Afines, <\/strong>podr\u00e1n ser inspeccionados en la Bodega General ubicada en las calles Espejo y Sucre , en horarios de 08h00 a 17h00, en d\u00edas laborables.<\/p>\n<ol start=\"2\">\n<li><strong>2<\/strong>. <strong>Las ofertas deber\u00e1n ser presentadas en sobre cerrado, hasta las 17 horas del 28 de diciembre del 2017<\/strong>, en las oficinas del Depto. Jur\u00eddico del Gobierno Aut\u00f3nomo Descentralizado del Cant\u00f3n Guaranda, ubicado en la planta alta del edificio principal, calle Convenci\u00f3n de 1884 y Garc\u00eda Moreno.<\/li>\n<li>Los sobres deber\u00e1n identificarse con el n\u00famero de \u00edtems que oferte y contener el 10% de la oferta sin incluir IVA, en Cheque Certificado girado a la orden del GADCG en los \u00edtems de veh\u00edculos y maquinaria (Por seguridad de los oferentes, no se recibir\u00e1 la Garant\u00eda en dinero efectivo).<\/li>\n<li><strong>4<\/strong>. La apertura de sobres, <strong>se realizar\u00e1 el viernes 29 de diciembre 2017, a las\u00a0 9 horas<\/strong> \u00a0en la en sal\u00f3n de los alcaldes del Gobierno Aut\u00f3nomo Descentralizado del Cant\u00f3n Guaranda, ubicado en la planta baja del edificio principal del Municipio calle Convenci\u00f3n de 1884 y Garc\u00eda Moreno. Podr\u00e1n asistir los oferentes que deseen.<\/li>\n<li>El formulario de presentaci\u00f3n de las ofertas para los veh\u00edculos, chatarra, equipos inform\u00e1ticos y electr\u00f3nicos, el\u00e9ctricos, mec\u00e1nicos, est\u00e1 disponible en la p\u00e1gina web del GADCG.<\/li>\n<li>El Gobierno Aut\u00f3nomo Descentralizado del Cant\u00f3n Guaranda, se reserva el derecho de adjudicar y\/o declarar desierto el remate de as\u00ed convenir a los intereses institucionales.<\/li>\n<li>Los \u00edtems se adjudicar\u00e1n a las mejores ofertas.<\/li>\n<li>En caso de producirse un empate econ\u00f3mico, se adjudicar\u00e1 por el orden de prelaci\u00f3n de las ofertas.<\/li>\n<li>Los veh\u00edculos, chatarra, equipos inform\u00e1ticos y electr\u00f3nicos, el\u00e9ctricos, mec\u00e1nicos, se subastan en el estado y condici\u00f3n en que se encuentran, por lo que no se aceptar\u00e1 ning\u00fan tipo de reclamo posterior.<\/li>\n<li>El adjudicatario una vez notificado pasar\u00e1 el saldo del precio dentro del d\u00eda h\u00e1bil siguiente al de la notificaci\u00f3n. Si el oferente ganador no cancela, se aplicar\u00e1 el art 37 Reglamento General para la Administraci\u00f3n, Utilizaci\u00f3n y Control de los Bienes y Existencias del Sector P\u00fablico, que dice \u201cel postor o postores que hubieren provocado la quiebra, pagar\u00e1n la diferencia entre la primera postura y la segunda, o entre esta y la tercera si fuere el caso, y as\u00ed sucesivamente. El valor de dicha diferencia, se cobrar\u00e1 reteni\u00e9ndolo, sin m\u00e1s tr\u00e1mite, de las sumas entregadas. Si hubiere saldo a cargo de alguno de los postores, la m\u00e1xima autoridad del Gobierno Aut\u00f3nomo Descentralizado del Cant\u00f3n Guaranda, dispondr\u00e1 que se cobre y se emita un t\u00edtulo de cr\u00e9dito contra dicho postor\u201d.<\/li>\n<li>La entrega de los veh\u00edculos chatarra, equipos inform\u00e1ticos y electr\u00f3nicos, el\u00e9ctricos, mec\u00e1nicos, se realizar\u00e1 una vez que se haga efectivo, el cheque y se verifique el pago total y no se aceptar\u00e1 reclamo de ninguna naturaleza, pues el remate es a la vista; veh\u00edculo y maquinaria, chatarra, equipos inform\u00e1ticos y electr\u00f3nicos, el\u00e9ctricos, mec\u00e1nicos, mobiliario partes de madera, instrumentos musicales se entregar\u00e1n en el sitio y en el estado en que se encuentran.<\/li>\n<li>El incumplimiento en el plazo para el retiro de los veh\u00edculos, se castigar\u00e1 con el cobro de un recargo mensual sobre el monto total de la operaci\u00f3n a la m\u00e1xima tasa de inter\u00e9s legal vigente.<\/li>\n<li>No podr\u00e1n intervenir en la subasta los funcionarios, servidores y trabajadores del Gobierno\u00a0 Aut\u00f3nomo Descentralizado del Cant\u00f3n Guaranda, por si, ni por interpuesta persona, c\u00f3nyuges, parientes dentro del cuarto grado de consanguinidad o segundo grado de afinidad.<\/li>\n<\/ol>\n<p><strong>14<\/strong>. Para mayor informaci\u00f3n comunicarse a los tel\u00e9fonos 032 55 1084 &#8211; 032 980 690<\/p>\n<p>Para abrir y descargar el archivo completo de clic <a href=\"https:\/\/www.guaranda.gob.ec\/newsiteCMT\/download\/CONVOCATORIA-SEGUNDO-SENALAMIENTO.pdf\">AQU\u00cd<\/a><\/p>\n","protected":false},"excerpt":{"rendered":"<p>GOBIERNO AUT\u00d3NOMO DESCENTRALIZADO DEL CANT\u00d3N GUARANDA CONVOCATORIA A SEGUNDO SE\u00d1ALAMIENTO A REMATE DE VEHICULO Y MAQUINARIA, CHATARRA, EQUIPOS INFORMATICOS Y ELECTRONICOS, ELECTRICOS, MECANICOS, MOBILIARIO PARTES DE MADERA,\u00a0 INSTRUMENTOS MUSICALES El Gobierno Aut\u00f3nomo Descentralizado del Cant\u00f3n Guaranda, conforme lo dispuesto en\u00a0 la Secci\u00f3n I del Reglamento General para la Administraci\u00f3n, Utilizaci\u00f3n y Control de los Bienes [&hellip;]<\/p>\n","protected":false},"author":3,"featured_media":0,"parent":0,"menu_order":0,"comment_status":"closed","ping_status":"closed","template":"","meta":{"give_campaign_id":0,"footnotes":""},"class_list":["post-1914","page","type-page","status-publish","hentry"],"campaignId":"","jetpack_shortlink":"https:\/\/wp.me\/P7CGGh-uS","jetpack_sharing_enabled":true,"_links":{"self":[{"href":"https:\/\/www.guaranda.gob.ec\/newsiteCMT\/wp-json\/wp\/v2\/pages\/1914","targetHints":{"allow":["GET"]}}],"collection":[{"href":"https:\/\/www.guaranda.gob.ec\/newsiteCMT\/wp-json\/wp\/v2\/pages"}],"about":[{"href":"https:\/\/www.guaranda.gob.ec\/newsiteCMT\/wp-json\/wp\/v2\/types\/page"}],"author":[{"embeddable":true,"href":"https:\/\/www.guaranda.gob.ec\/newsiteCMT\/wp-json\/wp\/v2\/users\/3"}],"replies":[{"embeddable":true,"href":"https:\/\/www.guaranda.gob.ec\/newsiteCMT\/wp-json\/wp\/v2\/comments?post=1914"}],"version-history":[{"count":5,"href":"https:\/\/www.guaranda.gob.ec\/newsiteCMT\/wp-json\/wp\/v2\/pages\/1914\/revisions"}],"predecessor-version":[{"id":1983,"href":"https:\/\/www.guaranda.gob.ec\/newsiteCMT\/wp-json\/wp\/v2\/pages\/1914\/revisions\/1983"}],"wp:attachment":[{"href":"https:\/\/www.guaranda.gob.ec\/newsiteCMT\/wp-json\/wp\/v2\/media?parent=1914"}],"curies":[{"name":"wp","href":"https:\/\/api.w.org\/{rel}","templated":true}]}}