{"id":183,"date":"2016-06-14T10:52:34","date_gmt":"2016-06-14T15:52:34","guid":{"rendered":"http:\/\/guaranda.gob.ec\/newsiteCMT\/?page_id=183"},"modified":"2019-05-09T09:12:59","modified_gmt":"2019-05-09T14:12:59","slug":"fiestas-civicas","status":"publish","type":"page","link":"https:\/\/www.guaranda.gob.ec\/newsiteCMT\/fiestas-civicas\/","title":{"rendered":"Fiestas C\u00edvicas"},"content":{"rendered":"<h3>Creaci\u00f3n de la Provincia Bol\u00edvar<\/h3>\n<p>23 de Abril de 1884<\/p>\n<h3>Fundaci\u00f3n de la Provincia Bol\u00edvar<\/h3>\n<p>15 de Mayo de 1884<\/p>\n<h3>Cantonizaci\u00f3n\u00a0de Guaranda<\/h3>\n<p>23\u00a0de Junio\u00a0de 1.824<\/p>\n<h3>Batalla de Camino Real: Independencia de Guaranda<\/h3>\n<p>10 de Noviembre de 1.820<\/p>\n<p>&nbsp;<\/p>\n","protected":false},"excerpt":{"rendered":"<p>Creaci\u00f3n de la Provincia Bol\u00edvar 23 de Abril de 1884 Fundaci\u00f3n de la Provincia Bol\u00edvar 15 de Mayo de 1884 Cantonizaci\u00f3n\u00a0de Guaranda 23\u00a0de Junio\u00a0de 1.824 Batalla de Camino Real: Independencia de Guaranda 10 de Noviembre de 1.820 &nbsp;<\/p>\n","protected":false},"author":1,"featured_media":186,"parent":0,"menu_order":0,"comment_status":"closed","ping_status":"closed","template":"","meta":{"give_campaign_id":0,"footnotes":""},"class_list":["post-183","page","type-page","status-publish","has-post-thumbnail","hentry"],"campaignId":"","jetpack_shortlink":"https:\/\/wp.me\/P7CGGh-2X","jetpack_sharing_enabled":true,"_links":{"self":[{"href":"https:\/\/www.guaranda.gob.ec\/newsiteCMT\/wp-json\/wp\/v2\/pages\/183","targetHints":{"allow":["GET"]}}],"collection":[{"href":"https:\/\/www.guaranda.gob.ec\/newsiteCMT\/wp-json\/wp\/v2\/pages"}],"about":[{"href":"https:\/\/www.guaranda.gob.ec\/newsiteCMT\/wp-json\/wp\/v2\/types\/page"}],"author":[{"embeddable":true,"href":"https:\/\/www.guaranda.gob.ec\/newsiteCMT\/wp-json\/wp\/v2\/users\/1"}],"replies":[{"embeddable":true,"href":"https:\/\/www.guaranda.gob.ec\/newsiteCMT\/wp-json\/wp\/v2\/comments?post=183"}],"version-history":[{"count":4,"href":"https:\/\/www.guaranda.gob.ec\/newsiteCMT\/wp-json\/wp\/v2\/pages\/183\/revisions"}],"predecessor-version":[{"id":3037,"href":"https:\/\/www.guaranda.gob.ec\/newsiteCMT\/wp-json\/wp\/v2\/pages\/183\/revisions\/3037"}],"wp:featuredmedia":[{"embeddable":true,"href":"https:\/\/www.guaranda.gob.ec\/newsiteCMT\/wp-json\/wp\/v2\/media\/186"}],"wp:attachment":[{"href":"https:\/\/www.guaranda.gob.ec\/newsiteCMT\/wp-json\/wp\/v2\/media?parent=183"}],"curies":[{"name":"wp","href":"https:\/\/api.w.org\/{rel}","templated":true}]}}