{"id":127,"date":"2016-06-08T19:32:47","date_gmt":"2016-06-09T00:32:47","guid":{"rendered":"http:\/\/guaranda.gob.ec\/newsiteCMT\/?page_id=127"},"modified":"2019-05-08T12:47:38","modified_gmt":"2019-05-08T17:47:38","slug":"el-palacio-municipal","status":"publish","type":"page","link":"https:\/\/www.guaranda.gob.ec\/newsiteCMT\/el-palacio-municipal\/","title":{"rendered":"El Palacio Municipal"},"content":{"rendered":"<p>[vc_row][vc_column][vc_column_text]<\/p>\n<p style=\"text-align: justify;\">El Palacio Municipal est\u00e1 ubicado en las calles Convenci\u00f3n de 1884 y Garc\u00eda Moreno, en el centro de la ciudad, frente al Parque el Libertador. La existencia del Palacio Municipal aproximadamente data desde el a\u00f1o 1736, en que lleg\u00f3 a la ciudad de Guaranda el 18 de Mayo la Misi\u00f3n Geod\u00e9sica Francesa.<\/p>\n<p style=\"text-align: justify;\">Esta casa fue propiedad en primera instancia del se\u00f1or general Jos\u00e9 de Unda y Luna, posteriormente paso a ser propiedad de Don Frenando Echeand\u00eda y es ah\u00ed donde naci\u00f3 uno de los Pr\u00f3ceres guarande\u00f1os, Don Manuel de Echeand\u00eda.<\/p>\n<p style=\"text-align: justify;\">Fue vivienda y oficina del Corregidor, en su torre\u00f3n se observa un hermoso reloj que fue puesto en funcionamiento el 14 de Enero 1929, siendo Presidente del Concejo Municipal el Sr. Jos\u00e9 H Gonz\u00e1les Pozo.<\/p>\n<p style=\"text-align: justify;\">En su interior podemos apreciar sus balcones de madera tallada; el patio interior con su piso de piedra sellar, decorado con huesos de v\u00e9rtebras de animales y en el centro una pileta de piedra; en un lugar destacado del patio encontramos una de las imprentas tipogr\u00e1ficas m\u00e1s antiguas del pa\u00eds, y su balc\u00f3n exterior principal con una llamativa vista hacia el Parque Central.<\/p>\n<p style=\"text-align: justify;\">En el Palacio Municipal funciona el despacho del se\u00f1or Alcalde, la oficina de los se\u00f1ores Concejales y se\u00f1oras Concejalas. algunas direcciones.<\/p>\n<p style=\"text-align: justify;\">En el sal\u00f3n de la Ciudad, ubicado en el segundo piso,que tiene una decoraci\u00f3n sobria y elegante, se realizan las sesiones semanales del Concejo, las sesiones solemnes y dem\u00e1s actos de importancia para el cant\u00f3n, la ciudad y el cabildo.<\/p>\n<p>[\/vc_column_text][\/vc_column][\/vc_row][vc_row][vc_column]<aside id=\"module-carousel-1\" class=\"widget module-carousel\">\r\n\t\t\t\t\t\t\t\t\t\t\r\n\t\t\t\t\t\t\t\t\t\t\t<div class=\"wrapper\"><div style=\"float:left;height:470px;\"><figure>\r\n\t\t\t\t\t\t\t\t\t\t\t<a class=\"pix\" href=\"https:\/\/i0.wp.com\/www.guaranda.gob.ec\/newsiteCMT\/wp-content\/uploads\/2016\/06\/IMG_4889-e1465432581992.jpg?fit=1200%2C800&#038;ssl=1\" title=\"Palacio Municipal Guaranda\"><img fetchpriority=\"high\" decoding=\"async\" src=\"https:\/\/i0.wp.com\/www.guaranda.gob.ec\/newsiteCMT\/wp-content\/uploads\/2016\/06\/IMG_4889-e1465432581992.jpg?resize=770%2C470&ssl=1\" width=\"770\" height=\"470\" alt=\"Palacio Municipal Guaranda\" class=\"img-responsive\"><div class=\"zoomix\"><i class=\"fa fa-search\"><\/i><\/div><\/a>\r\n\t\t\t\t\t\t\t\t\t\t\t<figcaption>\r\n\t\t\t\t\t\t\t\t\t\t\t\t<span class=\"car-index\"><strong class=\"index\">1<\/strong> de <strong>5<\/strong><\/span>\r\n\t\t\t\t\t\t\t\t\t\t\t\t<span class=\"car-title\">Palacio Municipal Guaranda<\/span>\r\n\t\t\t\t\t\t\t\t\t\t\t\t<span class=\"nav\">\r\n\t\t\t\t\t\t\t\t\t\t\t\t\t<a class=\"prev\" href=\"#\"><i class=\"fa fa-chevron-left\"><\/i><\/a>\r\n\t\t\t\t\t\t\t\t\t\t\t\t\t<a class=\"pix\" href=\"#\"><i class=\"fa fa-expand\"><\/i><\/a>\r\n\t\t\t\t\t\t\t\t\t\t\t\t\t<a class=\"next\" href=\"#\"><i class=\"fa fa-chevron-right\"><\/i><\/a>\r\n\t\t\t\t\t\t\t\t\t\t\t\t<\/span>\r\n\t\t\t\t\t\t\t\t\t\t\t<\/figcaption>\r\n\t\t\t\t\t\t\t\t\t\t<\/figure><\/div><div style=\"float:left;height:470px;\"><figure>\r\n\t\t\t\t\t\t\t\t\t\t\t<a class=\"pix\" href=\"https:\/\/i0.wp.com\/www.guaranda.gob.ec\/newsiteCMT\/wp-content\/uploads\/2016\/06\/IMG_4887-e1465432613926.jpg?fit=800%2C1200&#038;ssl=1\" title=\"Palacio Municipal Guaranda\"><img decoding=\"async\" src=\"https:\/\/i0.wp.com\/www.guaranda.gob.ec\/newsiteCMT\/wp-content\/uploads\/2016\/06\/IMG_4887-e1465432613926.jpg?resize=770%2C470&ssl=1\" width=\"770\" height=\"470\" alt=\"Palacio Municipal Guaranda\" class=\"img-responsive\"><div class=\"zoomix\"><i class=\"fa fa-search\"><\/i><\/div><\/a>\r\n\t\t\t\t\t\t\t\t\t\t\t<figcaption>\r\n\t\t\t\t\t\t\t\t\t\t\t\t<span class=\"car-index\"><strong class=\"index\">1<\/strong> de <strong>5<\/strong><\/span>\r\n\t\t\t\t\t\t\t\t\t\t\t\t<span class=\"car-title\">Palacio Municipal Guaranda<\/span>\r\n\t\t\t\t\t\t\t\t\t\t\t\t<span class=\"nav\">\r\n\t\t\t\t\t\t\t\t\t\t\t\t\t<a class=\"prev\" href=\"#\"><i class=\"fa fa-chevron-left\"><\/i><\/a>\r\n\t\t\t\t\t\t\t\t\t\t\t\t\t<a class=\"pix\" href=\"#\"><i class=\"fa fa-expand\"><\/i><\/a>\r\n\t\t\t\t\t\t\t\t\t\t\t\t\t<a class=\"next\" href=\"#\"><i class=\"fa fa-chevron-right\"><\/i><\/a>\r\n\t\t\t\t\t\t\t\t\t\t\t\t<\/span>\r\n\t\t\t\t\t\t\t\t\t\t\t<\/figcaption>\r\n\t\t\t\t\t\t\t\t\t\t<\/figure><\/div><div style=\"float:left;height:470px;\"><figure>\r\n\t\t\t\t\t\t\t\t\t\t\t<a class=\"pix\" href=\"https:\/\/i0.wp.com\/www.guaranda.gob.ec\/newsiteCMT\/wp-content\/uploads\/2016\/06\/IMG_4885-e1465432662888.jpg?fit=1200%2C800&#038;ssl=1\" title=\"Palacio Municipal Guaranda\"><img decoding=\"async\" src=\"https:\/\/i0.wp.com\/www.guaranda.gob.ec\/newsiteCMT\/wp-content\/uploads\/2016\/06\/IMG_4885-e1465432662888.jpg?resize=770%2C470&ssl=1\" width=\"770\" height=\"470\" alt=\"Palacio Municipal Guaranda\" class=\"img-responsive\"><div class=\"zoomix\"><i class=\"fa fa-search\"><\/i><\/div><\/a>\r\n\t\t\t\t\t\t\t\t\t\t\t<figcaption>\r\n\t\t\t\t\t\t\t\t\t\t\t\t<span class=\"car-index\"><strong class=\"index\">1<\/strong> de <strong>5<\/strong><\/span>\r\n\t\t\t\t\t\t\t\t\t\t\t\t<span class=\"car-title\">Palacio Municipal Guaranda<\/span>\r\n\t\t\t\t\t\t\t\t\t\t\t\t<span class=\"nav\">\r\n\t\t\t\t\t\t\t\t\t\t\t\t\t<a class=\"prev\" href=\"#\"><i class=\"fa fa-chevron-left\"><\/i><\/a>\r\n\t\t\t\t\t\t\t\t\t\t\t\t\t<a class=\"pix\" href=\"#\"><i class=\"fa fa-expand\"><\/i><\/a>\r\n\t\t\t\t\t\t\t\t\t\t\t\t\t<a class=\"next\" href=\"#\"><i class=\"fa fa-chevron-right\"><\/i><\/a>\r\n\t\t\t\t\t\t\t\t\t\t\t\t<\/span>\r\n\t\t\t\t\t\t\t\t\t\t\t<\/figcaption>\r\n\t\t\t\t\t\t\t\t\t\t<\/figure><\/div><div style=\"float:left;height:470px;\"><figure>\r\n\t\t\t\t\t\t\t\t\t\t\t<a class=\"pix\" href=\"https:\/\/i0.wp.com\/www.guaranda.gob.ec\/newsiteCMT\/wp-content\/uploads\/2016\/06\/IMG_4883-e1465432686711.jpg?fit=1200%2C800&#038;ssl=1\" title=\"Palacio Municipal Guaranda\"><img loading=\"lazy\" decoding=\"async\" src=\"https:\/\/i0.wp.com\/www.guaranda.gob.ec\/newsiteCMT\/wp-content\/uploads\/2016\/06\/IMG_4883-e1465432686711.jpg?resize=770%2C470&ssl=1\" width=\"770\" height=\"470\" alt=\"Palacio Municipal Guaranda\" class=\"img-responsive\"><div class=\"zoomix\"><i class=\"fa fa-search\"><\/i><\/div><\/a>\r\n\t\t\t\t\t\t\t\t\t\t\t<figcaption>\r\n\t\t\t\t\t\t\t\t\t\t\t\t<span class=\"car-index\"><strong class=\"index\">1<\/strong> de <strong>5<\/strong><\/span>\r\n\t\t\t\t\t\t\t\t\t\t\t\t<span class=\"car-title\">Palacio Municipal Guaranda<\/span>\r\n\t\t\t\t\t\t\t\t\t\t\t\t<span class=\"nav\">\r\n\t\t\t\t\t\t\t\t\t\t\t\t\t<a class=\"prev\" href=\"#\"><i class=\"fa fa-chevron-left\"><\/i><\/a>\r\n\t\t\t\t\t\t\t\t\t\t\t\t\t<a class=\"pix\" href=\"#\"><i class=\"fa fa-expand\"><\/i><\/a>\r\n\t\t\t\t\t\t\t\t\t\t\t\t\t<a class=\"next\" href=\"#\"><i class=\"fa fa-chevron-right\"><\/i><\/a>\r\n\t\t\t\t\t\t\t\t\t\t\t\t<\/span>\r\n\t\t\t\t\t\t\t\t\t\t\t<\/figcaption>\r\n\t\t\t\t\t\t\t\t\t\t<\/figure><\/div><div style=\"float:left;height:470px;\"><figure>\r\n\t\t\t\t\t\t\t\t\t\t\t<a class=\"pix\" href=\"https:\/\/i0.wp.com\/www.guaranda.gob.ec\/newsiteCMT\/wp-content\/uploads\/2016\/06\/IMG_4878-e1465432730195.jpg?fit=800%2C1200&#038;ssl=1\" title=\"Palacio Municipal Guaranda\"><img loading=\"lazy\" decoding=\"async\" src=\"https:\/\/i0.wp.com\/www.guaranda.gob.ec\/newsiteCMT\/wp-content\/uploads\/2016\/06\/IMG_4878-e1465432730195.jpg?resize=770%2C470&ssl=1\" width=\"770\" height=\"470\" alt=\"Palacio Municipal Guaranda\" class=\"img-responsive\"><div class=\"zoomix\"><i class=\"fa fa-search\"><\/i><\/div><\/a>\r\n\t\t\t\t\t\t\t\t\t\t\t<figcaption>\r\n\t\t\t\t\t\t\t\t\t\t\t\t<span class=\"car-index\"><strong class=\"index\">1<\/strong> de <strong>5<\/strong><\/span>\r\n\t\t\t\t\t\t\t\t\t\t\t\t<span class=\"car-title\">Palacio Municipal Guaranda<\/span>\r\n\t\t\t\t\t\t\t\t\t\t\t\t<span class=\"nav\">\r\n\t\t\t\t\t\t\t\t\t\t\t\t\t<a class=\"prev\" href=\"#\"><i class=\"fa fa-chevron-left\"><\/i><\/a>\r\n\t\t\t\t\t\t\t\t\t\t\t\t\t<a class=\"pix\" href=\"#\"><i class=\"fa fa-expand\"><\/i><\/a>\r\n\t\t\t\t\t\t\t\t\t\t\t\t\t<a class=\"next\" href=\"#\"><i class=\"fa fa-chevron-right\"><\/i><\/a>\r\n\t\t\t\t\t\t\t\t\t\t\t\t<\/span>\r\n\t\t\t\t\t\t\t\t\t\t\t<\/figcaption>\r\n\t\t\t\t\t\t\t\t\t\t<\/figure><\/div>    <\/div>\r\n\t\t\t\t\t\t\t\t\t<\/aside>\r\n\t\t\t\t\t\t\t\t\t<script>\r\n\t\t\t\t\t\t\t\t\t\t\"use strict\";\r\n\t\t\t\t\t\t\t\t\t\tvar initModuleCarousel  = true;\r\n\t\t\t\t\t\t\t\t\t\tvar modCarHeight        = 470;\r\n\t\t\t\t\t\t\t\t\t\tvar modCarAutoStart     = true;\r\n\t\t\t\t\t\t\t\t\t<\/script>[\/vc_column][\/vc_row]<\/p>\n","protected":false},"excerpt":{"rendered":"<p>[vc_row][vc_column][vc_column_text] El Palacio Municipal est\u00e1 ubicado en las calles Convenci\u00f3n de 1884 y Garc\u00eda Moreno, en el centro de la ciudad, frente al Parque el Libertador. La existencia del Palacio Municipal aproximadamente data desde el a\u00f1o 1736, en que lleg\u00f3 a la ciudad de Guaranda el 18 de Mayo la Misi\u00f3n Geod\u00e9sica Francesa. Esta casa [&hellip;]<\/p>\n","protected":false},"author":1,"featured_media":3033,"parent":0,"menu_order":0,"comment_status":"closed","ping_status":"closed","template":"","meta":{"give_campaign_id":0,"footnotes":""},"class_list":["post-127","page","type-page","status-publish","has-post-thumbnail","hentry"],"campaignId":"","jetpack_shortlink":"https:\/\/wp.me\/P7CGGh-23","jetpack_sharing_enabled":true,"_links":{"self":[{"href":"https:\/\/www.guaranda.gob.ec\/newsiteCMT\/wp-json\/wp\/v2\/pages\/127","targetHints":{"allow":["GET"]}}],"collection":[{"href":"https:\/\/www.guaranda.gob.ec\/newsiteCMT\/wp-json\/wp\/v2\/pages"}],"about":[{"href":"https:\/\/www.guaranda.gob.ec\/newsiteCMT\/wp-json\/wp\/v2\/types\/page"}],"author":[{"embeddable":true,"href":"https:\/\/www.guaranda.gob.ec\/newsiteCMT\/wp-json\/wp\/v2\/users\/1"}],"replies":[{"embeddable":true,"href":"https:\/\/www.guaranda.gob.ec\/newsiteCMT\/wp-json\/wp\/v2\/comments?post=127"}],"version-history":[{"count":5,"href":"https:\/\/www.guaranda.gob.ec\/newsiteCMT\/wp-json\/wp\/v2\/pages\/127\/revisions"}],"predecessor-version":[{"id":521,"href":"https:\/\/www.guaranda.gob.ec\/newsiteCMT\/wp-json\/wp\/v2\/pages\/127\/revisions\/521"}],"wp:featuredmedia":[{"embeddable":true,"href":"https:\/\/www.guaranda.gob.ec\/newsiteCMT\/wp-json\/wp\/v2\/media\/3033"}],"wp:attachment":[{"href":"https:\/\/www.guaranda.gob.ec\/newsiteCMT\/wp-json\/wp\/v2\/media?parent=127"}],"curies":[{"name":"wp","href":"https:\/\/api.w.org\/{rel}","templated":true}]}}