{"id":124,"date":"2016-06-08T19:24:20","date_gmt":"2016-06-09T00:24:20","guid":{"rendered":"http:\/\/guaranda.gob.ec\/newsiteCMT\/?page_id=124"},"modified":"2016-06-08T19:24:20","modified_gmt":"2016-06-09T00:24:20","slug":"dependencias","status":"publish","type":"page","link":"https:\/\/www.guaranda.gob.ec\/newsiteCMT\/dependencias\/","title":{"rendered":"Dependencias"},"content":{"rendered":"<ul>\n<li>Patronato Municipal<\/li>\n<li>TV5 Guaranda<\/li>\n<li>Terminal de Transporte Terrestre Interprovincial<\/li>\n<li>Piscina Municipal<\/li>\n<li>Mercado 10 de Noviembre<\/li>\n<li>Complejo Deportivo Galo Mi\u00f1o Jarr\u00edn<\/li>\n<li>Comisar\u00eda Municipal<\/li>\n<li>Taller Municipal<\/li>\n<\/ul>\n","protected":false},"excerpt":{"rendered":"<p>Patronato Municipal TV5 Guaranda Terminal de Transporte Terrestre Interprovincial Piscina Municipal Mercado 10 de Noviembre Complejo Deportivo Galo Mi\u00f1o Jarr\u00edn Comisar\u00eda Municipal Taller Municipal<\/p>\n","protected":false},"author":1,"featured_media":0,"parent":0,"menu_order":0,"comment_status":"closed","ping_status":"closed","template":"","meta":{"give_campaign_id":0,"footnotes":""},"class_list":["post-124","page","type-page","status-publish","hentry"],"campaignId":"","jetpack_shortlink":"https:\/\/wp.me\/P7CGGh-20","jetpack_sharing_enabled":true,"_links":{"self":[{"href":"https:\/\/www.guaranda.gob.ec\/newsiteCMT\/wp-json\/wp\/v2\/pages\/124","targetHints":{"allow":["GET"]}}],"collection":[{"href":"https:\/\/www.guaranda.gob.ec\/newsiteCMT\/wp-json\/wp\/v2\/pages"}],"about":[{"href":"https:\/\/www.guaranda.gob.ec\/newsiteCMT\/wp-json\/wp\/v2\/types\/page"}],"author":[{"embeddable":true,"href":"https:\/\/www.guaranda.gob.ec\/newsiteCMT\/wp-json\/wp\/v2\/users\/1"}],"replies":[{"embeddable":true,"href":"https:\/\/www.guaranda.gob.ec\/newsiteCMT\/wp-json\/wp\/v2\/comments?post=124"}],"version-history":[{"count":1,"href":"https:\/\/www.guaranda.gob.ec\/newsiteCMT\/wp-json\/wp\/v2\/pages\/124\/revisions"}],"predecessor-version":[{"id":125,"href":"https:\/\/www.guaranda.gob.ec\/newsiteCMT\/wp-json\/wp\/v2\/pages\/124\/revisions\/125"}],"wp:attachment":[{"href":"https:\/\/www.guaranda.gob.ec\/newsiteCMT\/wp-json\/wp\/v2\/media?parent=124"}],"curies":[{"name":"wp","href":"https:\/\/api.w.org\/{rel}","templated":true}]}}